{"id":879,"date":"2026-02-12T12:04:41","date_gmt":"2026-02-12T12:04:41","guid":{"rendered":"https:\/\/crammhls.com\/produkte\/entwickelt-fuer-drohnen\/"},"modified":"2026-02-25T15:39:06","modified_gmt":"2026-02-25T15:39:06","slug":"entwickelt-fuer-drohnen","status":"publish","type":"page","link":"https:\/\/crammhls.com\/de\/produkte\/entwickelt-fuer-drohnen\/","title":{"rendered":"Entwickelt f\u00fcr Drohnen"},"content":{"rendered":"<div class=\"wp-block-columns alignwide is-layout-flex wp-container-core-columns-is-layout-28f84493 wp-block-columns-is-layout-flex\">\n<div class=\"wp-block-column is-layout-flow wp-block-column-is-layout-flow\" style=\"flex-basis:33.33%\"><div class=\"align wp-block-acf-breadcrumbs\">\n    <div class=\"breadcrumbs depth-1\">\n        <span class=\"separator home\"><\/span><a href=\"https:\/\/crammhls.com\/de\/\" class=\"home\">Home<\/a>    <\/div>\n<\/div>\n\n\n<h1 class=\"wp-block-heading\" style=\"margin-top:10px\">Entwickelt f\u00fcr Drohnen<\/h1>\n\n\n\n<ul class=\"wp-block-list is-style-checkboxes\">\n<li>Sicheres Aufsetzen der UAV  <\/li>\n\n\n\n<li>Sichere Operationen  <\/li>\n\n\n\n<li>Maritime und Offshore-Umgebungen  <\/li>\n<\/ul>\n<\/div>\n\n\n\n<div class=\"wp-block-column is-layout-flow wp-block-column-is-layout-flow\" style=\"flex-basis:66.66%\"><div style=\"margin-bottom:var(--wp--preset--spacing--50);\" class=\"align wp-block-acf-gallery-slider\">\n        <div class=\"swiper-container\">\n        <div class=\"swiper-wrapper\">\n                        <div class=\"swiper-slide\">\n                <img loading=\"lazy\" decoding=\"async\" width=\"2560\" height=\"1707\" src=\"https:\/\/crammhls.com\/wp-content\/uploads\/2026\/02\/DSC03369-scaled.jpg\" class=\"attachment-full size-full\" alt=\"\" srcset=\"https:\/\/crammhls.com\/wp-content\/uploads\/2026\/02\/DSC03369-scaled.jpg 2560w, https:\/\/crammhls.com\/wp-content\/uploads\/2026\/02\/DSC03369-300x200.jpg 300w, https:\/\/crammhls.com\/wp-content\/uploads\/2026\/02\/DSC03369-1024x683.jpg 1024w, https:\/\/crammhls.com\/wp-content\/uploads\/2026\/02\/DSC03369-768x512.jpg 768w, https:\/\/crammhls.com\/wp-content\/uploads\/2026\/02\/DSC03369-1536x1024.jpg 1536w, https:\/\/crammhls.com\/wp-content\/uploads\/2026\/02\/DSC03369-2048x1365.jpg 2048w\" sizes=\"auto, (max-width: 2560px) 100vw, 2560px\">            <\/div>\n                        <div class=\"swiper-slide\">\n                <img loading=\"lazy\" decoding=\"async\" width=\"2560\" height=\"1707\" src=\"https:\/\/crammhls.com\/wp-content\/uploads\/2026\/02\/DSC03378-scaled.jpg\" class=\"attachment-full size-full\" alt=\"\" srcset=\"https:\/\/crammhls.com\/wp-content\/uploads\/2026\/02\/DSC03378-scaled.jpg 2560w, https:\/\/crammhls.com\/wp-content\/uploads\/2026\/02\/DSC03378-300x200.jpg 300w, https:\/\/crammhls.com\/wp-content\/uploads\/2026\/02\/DSC03378-1024x683.jpg 1024w, https:\/\/crammhls.com\/wp-content\/uploads\/2026\/02\/DSC03378-768x512.jpg 768w, https:\/\/crammhls.com\/wp-content\/uploads\/2026\/02\/DSC03378-1536x1024.jpg 1536w, https:\/\/crammhls.com\/wp-content\/uploads\/2026\/02\/DSC03378-2048x1365.jpg 2048w\" sizes=\"auto, (max-width: 2560px) 100vw, 2560px\">            <\/div>\n                        <div class=\"swiper-slide\">\n                <img loading=\"lazy\" decoding=\"async\" width=\"1707\" height=\"2560\" src=\"https:\/\/crammhls.com\/wp-content\/uploads\/2026\/02\/DSC03388-scaled.jpg\" class=\"attachment-full size-full\" alt=\"\" srcset=\"https:\/\/crammhls.com\/wp-content\/uploads\/2026\/02\/DSC03388-scaled.jpg 1707w, https:\/\/crammhls.com\/wp-content\/uploads\/2026\/02\/DSC03388-200x300.jpg 200w, https:\/\/crammhls.com\/wp-content\/uploads\/2026\/02\/DSC03388-683x1024.jpg 683w, https:\/\/crammhls.com\/wp-content\/uploads\/2026\/02\/DSC03388-768x1152.jpg 768w, https:\/\/crammhls.com\/wp-content\/uploads\/2026\/02\/DSC03388-1024x1536.jpg 1024w, https:\/\/crammhls.com\/wp-content\/uploads\/2026\/02\/DSC03388-1365x2048.jpg 1365w\" sizes=\"auto, (max-width: 1707px) 100vw, 1707px\">            <\/div>\n                    <\/div>\n        <div class=\"arrows\">\n            <div class=\"swiper-button-next\"><\/div>\n            <div class=\"swiper-button-prev\"><\/div>\n        <\/div>\n        <div class=\"swiper-pagination\"><\/div>\n    <\/div>\n    \n    <\/div><\/div>\n<\/div><div style=\"--bbb-tabs-list-gap:0.5em;--bbb-tabs-gap:0;--bbb-tab-padding:5px 15px 5px 15px;--bbb-tab-text-default-color:#000;--bbb-tab-background-default-color:#fff;--bbb-tab-icon-default-color:#000;--bbb-tab-text-hover-color:#fff;--bbb-tab-background-hover-color:#000;--bbb-tab-icon-hover-color:#fff;--bbb-tab-text-active-color:#fff;--bbb-tab-background-active-color:#000;--bbb-tab-icon-active-color:#fff;--bbb-tab-buttons-justify-content:left;--bbb-tab-icon-size:24px;\" class=\"blablablocks-tabs blablablocks-tab-container blablablocks-tabs__horizontal blablablocks-tabs__left blablablocks-tabs-icon__left alignfull is-style-default wp-block-blablablocks-tabs\"    data-wp-interactive=\"blablablocks-tabs\"\n    data-wp-context='{\"tabs\":[{\"id\":\"tab-fe6d2e76-f946-47d5-8fe0-ac9858a00d2e\",\"label\":\"Description\",\"hasInnerblock\":true}],\"activeTab\":0,\"activeId\":\"tab-fe6d2e76-f946-47d5-8fe0-ac9858a00d2e\",\"tabButtonBorderStyles\":\"\",\"borderOnActive\":false}'\n    data-wp-init=\"callbacks.initTabs\"\n    data-wp-watch=\"callbacks.updateTabBorders\">\n\n    <ul class=\"blablablocks-tabs-buttons \"\n        role=\"tablist\"\n        style=\"padding: 0px 0px 0px 0px; margin: 0 0 auto;\">\n\n                    <li class=\"blablablock-tab-btn\"\n                id=\"tab-fe6d2e76-f946-47d5-8fe0-ac9858a00d2e\"\n                role=\"tab\"\n                aria-controls=\"tab-fe6d2e76-f946-47d5-8fe0-ac9858a00d2e\"\n                data-wp-bind--tabindex=\"state.tabIndex\"\n                data-wp-bind--aria-selected=\"state.isActive\"\n                data-wp-on--click=\"actions.setActiveTab\"\n                data-wp-on--keydown=\"actions.handleOnKeyDown\"\n                data-wp-class--is-bbb-active-tab=\"state.isActive\"\n                style=\"\">\n\n                \n                                    <span class=\"tab-button-text \"\n                        style=\"\">\n                        Description                    <\/span>\n                            <\/li>\n            <\/ul>\n\n    <div class=\"blablablocks-tabs-content\">\n        \n<div hidden class=\"blablablocks-tab-content wp-block-blablablocks-tab\" id=\"tab-fe6d2e76-f946-47d5-8fe0-ac9858a00d2e\" role=\"tabpanel\" tabindex=\"0\" data-wp-bind--hidden=\"!state.isActive\" aria-labelledby=\"tab-fe6d2e76-f946-47d5-8fe0-ac9858a00d2e\">\n    \n\n<h2 class=\"wp-block-heading\">1500MM GITTER<\/h2>\n\n\n<div class=\"wp-block-columns is-layout-flex wp-container-core-columns-is-layout-28f84493 wp-block-columns-is-layout-flex\">\n<div class=\"wp-block-column is-layout-flow wp-block-column-is-layout-flow\" style=\"flex-basis:50%\">\n<ul class=\"wp-block-list\">\n<li>Das Design basiert auf STANAG 1276.<\/li>\n\n\n\n<li>Verwendung f\u00fcr Drohnen\/UAV&#8217;s.<\/li>\n\n\n\n<li>Entwickelt f\u00fcr UAVs mit einem maximalen MTOW von 800kg.<\/li>\n\n\n\n<li>Auf Anfrage kann der Durchmesser dieses Rasters ge\u00e4ndert werden.<\/li>\n\n\n\n<li>Je nach den spezifischen Bed\u00fcrfnissen kann eine St\u00fctzstruktur oder ein Fundament entwickelt werden.<\/li>\n<\/ul>\n\n\n\n<blockquote class=\"wp-block-quote is-layout-flow wp-block-quote-is-layout-flow\">\n<p class=\"has-medium-font-size\" style=\"text-transform:none\">Entwickelt nach STANAG 1276 f\u00fcr UAVs mit einem MTOW von bis zu 800 kg, mit anpassbarem Durchmesser und einer St\u00fctzstruktur, die auf die spezifischen operativen Bed\u00fcrfnisse zugeschnitten ist.  <\/p>\n<\/blockquote>\n<\/div>\n\n\n\n<div class=\"wp-block-column is-content-justification-right is-layout-constrained wp-container-core-column-is-layout-f1f2ed93 wp-block-column-is-layout-constrained\" style=\"flex-basis:50%\">\n<div id=\"contact-us\" class=\"wp-block-group is-style-hexagon is-content-justification-center is-layout-constrained wp-block-group-is-layout-constrained\">\n<h2 class=\"wp-block-heading has-text-align-center has-secondary-color has-text-color has-link-color has-medium-font-size wp-elements-81fb97ac5a6693c72241282c694d7cd0\" style=\"margin-top:0px;margin-right:0px;margin-bottom:10px\">Kontaktieren Sie uns<\/h2>\n\n\n\n<p class=\"has-text-align-center\" style=\"margin-top:10px;margin-bottom:10px\">um mehr \u00fcber Grids f\u00fcr Drohnen zu erfahren<\/p>\n\n\n\n<div class=\"wp-block-buttons is-content-justification-center is-layout-flex wp-container-core-buttons-is-layout-2dc1a421 wp-block-buttons-is-layout-flex\" style=\"margin-top:10px\">\n<div class=\"wp-block-button is-style-fill\"><a class=\"wp-block-button__link has-secondary-background-color has-background wp-element-button\" href=\"https:\/\/crammhls.com\/contact\/\">Kontakt<\/a><\/div>\n<\/div>\n<\/div>\n<\/div>\n<\/div>\n<\/div>\n    <\/div>\n<\/div>\n<div style=\"height:var(--wp--preset--spacing--40)\" aria-hidden=\"true\" class=\"wp-block-spacer\"><\/div>\n\n<div class=\"wp-block-group alignwide is-layout-flow wp-block-group-is-layout-flow\">\n<h2 class=\"wp-block-heading has-text-align-center\">\u00c4hnliche Produkte<\/h2>\n\n\n\n<div class=\"wp-block-group alignwide is-layout-grid wp-container-core-group-is-layout-c65186bc wp-block-group-is-layout-grid\"><div style=\"aspect-ratio:1;min-height:unset;\" class=\"wp-block-cover has-custom-content-position is-position-bottom-center is-style-product has-aspect-ratio\"><a href=\"https:\/\/crammhls.com\/de\/produkte\/heligrid\/\"><div class=\"image-wrap\"><img loading=\"lazy\" decoding=\"async\" width=\"1024\" height=\"768\" class=\"wp-block-cover__image-background wp-image-580 size-large\" alt=\"\" src=\"https:\/\/crammhls.com\/wp-content\/uploads\/2026\/02\/IMG-20200417-WA0010-1024x768.jpg\" data-object-fit=\"cover\" srcset=\"https:\/\/crammhls.com\/wp-content\/uploads\/2026\/02\/IMG-20200417-WA0010-1024x768.jpg 1024w, https:\/\/crammhls.com\/wp-content\/uploads\/2026\/02\/IMG-20200417-WA0010-300x225.jpg 300w, https:\/\/crammhls.com\/wp-content\/uploads\/2026\/02\/IMG-20200417-WA0010-768x576.jpg 768w, https:\/\/crammhls.com\/wp-content\/uploads\/2026\/02\/IMG-20200417-WA0010-1536x1152.jpg 1536w, https:\/\/crammhls.com\/wp-content\/uploads\/2026\/02\/IMG-20200417-WA0010.jpg 1600w\" sizes=\"auto, (max-width: 1024px) 100vw, 1024px\" \/><\/div><span aria-hidden=\"true\" class=\"wp-block-cover__background has-background-dim-100 has-background-dim wp-block-cover__gradient-background has-background-gradient has-gradient-50-down-gradient-background\"><\/span><div class=\"wp-block-cover__inner-container is-layout-constrained wp-block-cover-is-layout-constrained\">\n<h5 class=\"wp-block-heading has-text-align-center\"><span>Heligrid  <\/span><\/h5>\n\n\n\n<p class=\"has-text-align-center\" style=\"margin-top:10px\">HeliGrid ist ein wartungsarmes Landegestell, mit dem Hubschrauber und UAVs mit einem Harpunensystem sicher und unabh\u00e4ngig landen und starten k\u00f6nnen, ob auf See oder an Land, sogar in rauem Wasser.  <\/p>\n<\/div><\/a><\/div>\n\n<div style=\"aspect-ratio:1;min-height:unset;\" class=\"wp-block-cover has-custom-content-position is-position-bottom-center is-style-product has-aspect-ratio\"><a href=\"https:\/\/crammhls.com\/de\/produkte\/helifence\/\"><div class=\"image-wrap\"><img loading=\"lazy\" decoding=\"async\" width=\"1024\" height=\"614\" class=\"wp-block-cover__image-background wp-image-565 size-large\" alt=\"\" src=\"https:\/\/crammhls.com\/wp-content\/uploads\/2026\/02\/Screenshot-2026-02-09-at-09.53.12-1024x614.png\" data-object-fit=\"cover\" srcset=\"https:\/\/crammhls.com\/wp-content\/uploads\/2026\/02\/Screenshot-2026-02-09-at-09.53.12-1024x614.png 1024w, https:\/\/crammhls.com\/wp-content\/uploads\/2026\/02\/Screenshot-2026-02-09-at-09.53.12-300x180.png 300w, https:\/\/crammhls.com\/wp-content\/uploads\/2026\/02\/Screenshot-2026-02-09-at-09.53.12-768x460.png 768w, https:\/\/crammhls.com\/wp-content\/uploads\/2026\/02\/Screenshot-2026-02-09-at-09.53.12-1536x921.png 1536w, https:\/\/crammhls.com\/wp-content\/uploads\/2026\/02\/Screenshot-2026-02-09-at-09.53.12.png 1792w\" sizes=\"auto, (max-width: 1024px) 100vw, 1024px\" \/><\/div><span aria-hidden=\"true\" class=\"wp-block-cover__background has-background-dim-100 has-background-dim wp-block-cover__gradient-background has-background-gradient has-gradient-50-down-gradient-background\"><\/span><div class=\"wp-block-cover__inner-container is-layout-constrained wp-block-cover-is-layout-constrained\">\n<h5 class=\"wp-block-heading has-text-align-center\"><span>helifence<\/span><\/h5>\n\n\n\n<p class=\"has-text-align-center\" style=\"margin-top:10px\">HeliFence ist ein automatisch faltbarer Sicherheitszaun, der den Landeplatz sicher umgibt, insbesondere bei schwierigen Wetterbedingungen.<\/p>\n<\/div><\/a><\/div><\/div>\n\n\n\n<div class=\"wp-block-buttons is-content-justification-center is-layout-flex wp-container-core-buttons-is-layout-a89b3969 wp-block-buttons-is-layout-flex\">\n<div class=\"wp-block-button is-style-outline is-style-outline--1\"><a class=\"wp-block-button__link has-secondary-color has-text-color has-link-color has-text-align-left wp-element-button\" href=\"https:\/\/crammhls.com\/de\/produkte\/\">Mehr Produkte<\/a><\/div>\n<\/div>\n<\/div>\n","protected":false},"excerpt":{"rendered":"<p>Entwickelt f\u00fcr Drohnen \u00c4hnliche Produkte<\/p>\n","protected":false},"author":2,"featured_media":0,"parent":782,"menu_order":0,"comment_status":"closed","ping_status":"closed","template":"","meta":{"_acf_changed":false,"inline_featured_image":false,"footnotes":""},"class_list":["post-879","page","type-page","status-publish","hentry"],"acf":[],"yoast_head":"<!-- This site is optimized with the Yoast SEO plugin v27.1.1 - https:\/\/yoast.com\/product\/yoast-seo-wordpress\/ -->\n<title>Entwickelt f\u00fcr Drohnen - Cramm HLS<\/title>\n<meta name=\"robots\" content=\"index, follow, max-snippet:-1, max-image-preview:large, max-video-preview:-1\" \/>\n<link rel=\"canonical\" href=\"https:\/\/crammhls.com\/de\/produkte\/entwickelt-fuer-drohnen\/\" \/>\n<meta property=\"og:locale\" content=\"en_US\" \/>\n<meta property=\"og:type\" content=\"article\" \/>\n<meta property=\"og:title\" content=\"Entwickelt f\u00fcr Drohnen - Cramm HLS\" \/>\n<meta property=\"og:description\" content=\"Entwickelt f\u00fcr Drohnen \u00c4hnliche Produkte\" \/>\n<meta property=\"og:url\" content=\"https:\/\/crammhls.com\/de\/produkte\/entwickelt-fuer-drohnen\/\" \/>\n<meta property=\"og:site_name\" content=\"Cramm HLS\" \/>\n<meta property=\"article:publisher\" content=\"https:\/\/www.facebook.com\/Cramm-HLS-208116189357468\/\" \/>\n<meta property=\"article:modified_time\" content=\"2026-02-25T15:39:06+00:00\" \/>\n<meta property=\"og:image\" content=\"https:\/\/crammhls.com\/wp-content\/uploads\/2026\/02\/IMG-20200417-WA0010-1024x768.jpg\" \/>\n<meta name=\"twitter:card\" content=\"summary_large_image\" \/>\n<meta name=\"twitter:site\" content=\"@crammhls\" \/>\n<meta name=\"twitter:label1\" content=\"Est. reading time\" \/>\n\t<meta name=\"twitter:data1\" content=\"1 minute\" \/>\n<script type=\"application\/ld+json\" class=\"yoast-schema-graph\">{\"@context\":\"https:\/\/schema.org\",\"@graph\":[{\"@type\":\"WebPage\",\"@id\":\"https:\/\/crammhls.com\/de\/produkte\/entwickelt-fuer-drohnen\/\",\"url\":\"https:\/\/crammhls.com\/de\/produkte\/entwickelt-fuer-drohnen\/\",\"name\":\"Entwickelt f\u00fcr Drohnen - Cramm HLS\",\"isPartOf\":{\"@id\":\"https:\/\/crammhls.com\/#website\"},\"primaryImageOfPage\":{\"@id\":\"https:\/\/crammhls.com\/de\/produkte\/entwickelt-fuer-drohnen\/#primaryimage\"},\"image\":{\"@id\":\"https:\/\/crammhls.com\/de\/produkte\/entwickelt-fuer-drohnen\/#primaryimage\"},\"thumbnailUrl\":\"https:\/\/crammhls.com\/wp-content\/uploads\/2026\/02\/IMG-20200417-WA0010-1024x768.jpg\",\"datePublished\":\"2026-02-12T12:04:41+00:00\",\"dateModified\":\"2026-02-25T15:39:06+00:00\",\"breadcrumb\":{\"@id\":\"https:\/\/crammhls.com\/de\/produkte\/entwickelt-fuer-drohnen\/#breadcrumb\"},\"inLanguage\":\"en-US\",\"potentialAction\":[{\"@type\":\"ReadAction\",\"target\":[\"https:\/\/crammhls.com\/de\/produkte\/entwickelt-fuer-drohnen\/\"]}]},{\"@type\":\"ImageObject\",\"inLanguage\":\"en-US\",\"@id\":\"https:\/\/crammhls.com\/de\/produkte\/entwickelt-fuer-drohnen\/#primaryimage\",\"url\":\"https:\/\/crammhls.com\/wp-content\/uploads\/2026\/02\/IMG-20200417-WA0010-1024x768.jpg\",\"contentUrl\":\"https:\/\/crammhls.com\/wp-content\/uploads\/2026\/02\/IMG-20200417-WA0010-1024x768.jpg\"},{\"@type\":\"BreadcrumbList\",\"@id\":\"https:\/\/crammhls.com\/de\/produkte\/entwickelt-fuer-drohnen\/#breadcrumb\",\"itemListElement\":[{\"@type\":\"ListItem\",\"position\":1,\"name\":\"Home\",\"item\":\"https:\/\/crammhls.com\/de\/startseite\/\"},{\"@type\":\"ListItem\",\"position\":2,\"name\":\"Produkte\",\"item\":\"https:\/\/crammhls.com\/de\/produkte\/\"},{\"@type\":\"ListItem\",\"position\":3,\"name\":\"Entwickelt f\u00fcr Drohnen\"}]},{\"@type\":\"WebSite\",\"@id\":\"https:\/\/crammhls.com\/#website\",\"url\":\"https:\/\/crammhls.com\/\",\"name\":\"Cramm HLS\",\"description\":\"Quality based on Experience \",\"publisher\":{\"@id\":\"https:\/\/crammhls.com\/#organization\"},\"potentialAction\":[{\"@type\":\"SearchAction\",\"target\":{\"@type\":\"EntryPoint\",\"urlTemplate\":\"https:\/\/crammhls.com\/?s={search_term_string}\"},\"query-input\":{\"@type\":\"PropertyValueSpecification\",\"valueRequired\":true,\"valueName\":\"search_term_string\"}}],\"inLanguage\":\"en-US\"},{\"@type\":\"Organization\",\"@id\":\"https:\/\/crammhls.com\/#organization\",\"name\":\"Cramm HLS\",\"url\":\"https:\/\/crammhls.com\/\",\"logo\":{\"@type\":\"ImageObject\",\"inLanguage\":\"en-US\",\"@id\":\"https:\/\/crammhls.com\/#\/schema\/logo\/image\/\",\"url\":\"https:\/\/crammhls.com\/wp-content\/uploads\/2025\/10\/logo.svg\",\"contentUrl\":\"https:\/\/crammhls.com\/wp-content\/uploads\/2025\/10\/logo.svg\",\"width\":307,\"height\":70,\"caption\":\"Cramm HLS\"},\"image\":{\"@id\":\"https:\/\/crammhls.com\/#\/schema\/logo\/image\/\"},\"sameAs\":[\"https:\/\/www.facebook.com\/Cramm-HLS-208116189357468\/\",\"https:\/\/x.com\/crammhls\",\"https:\/\/www.linkedin.com\/company\/cramm-hls\",\"https:\/\/www.youtube.com\/channel\/UCABAFhJ13ryYECnfCaKlK8w\"]}]}<\/script>\n<!-- \/ Yoast SEO plugin. -->","yoast_head_json":{"title":"Entwickelt f\u00fcr Drohnen - Cramm HLS","robots":{"index":"index","follow":"follow","max-snippet":"max-snippet:-1","max-image-preview":"max-image-preview:large","max-video-preview":"max-video-preview:-1"},"canonical":"https:\/\/crammhls.com\/de\/produkte\/entwickelt-fuer-drohnen\/","og_locale":"en_US","og_type":"article","og_title":"Entwickelt f\u00fcr Drohnen - Cramm HLS","og_description":"Entwickelt f\u00fcr Drohnen \u00c4hnliche Produkte","og_url":"https:\/\/crammhls.com\/de\/produkte\/entwickelt-fuer-drohnen\/","og_site_name":"Cramm HLS","article_publisher":"https:\/\/www.facebook.com\/Cramm-HLS-208116189357468\/","article_modified_time":"2026-02-25T15:39:06+00:00","og_image":[{"url":"https:\/\/crammhls.com\/wp-content\/uploads\/2026\/02\/IMG-20200417-WA0010-1024x768.jpg","type":"","width":"","height":""}],"twitter_card":"summary_large_image","twitter_site":"@crammhls","twitter_misc":{"Est. reading time":"1 minute"},"schema":{"@context":"https:\/\/schema.org","@graph":[{"@type":"WebPage","@id":"https:\/\/crammhls.com\/de\/produkte\/entwickelt-fuer-drohnen\/","url":"https:\/\/crammhls.com\/de\/produkte\/entwickelt-fuer-drohnen\/","name":"Entwickelt f\u00fcr Drohnen - Cramm HLS","isPartOf":{"@id":"https:\/\/crammhls.com\/#website"},"primaryImageOfPage":{"@id":"https:\/\/crammhls.com\/de\/produkte\/entwickelt-fuer-drohnen\/#primaryimage"},"image":{"@id":"https:\/\/crammhls.com\/de\/produkte\/entwickelt-fuer-drohnen\/#primaryimage"},"thumbnailUrl":"https:\/\/crammhls.com\/wp-content\/uploads\/2026\/02\/IMG-20200417-WA0010-1024x768.jpg","datePublished":"2026-02-12T12:04:41+00:00","dateModified":"2026-02-25T15:39:06+00:00","breadcrumb":{"@id":"https:\/\/crammhls.com\/de\/produkte\/entwickelt-fuer-drohnen\/#breadcrumb"},"inLanguage":"en-US","potentialAction":[{"@type":"ReadAction","target":["https:\/\/crammhls.com\/de\/produkte\/entwickelt-fuer-drohnen\/"]}]},{"@type":"ImageObject","inLanguage":"en-US","@id":"https:\/\/crammhls.com\/de\/produkte\/entwickelt-fuer-drohnen\/#primaryimage","url":"https:\/\/crammhls.com\/wp-content\/uploads\/2026\/02\/IMG-20200417-WA0010-1024x768.jpg","contentUrl":"https:\/\/crammhls.com\/wp-content\/uploads\/2026\/02\/IMG-20200417-WA0010-1024x768.jpg"},{"@type":"BreadcrumbList","@id":"https:\/\/crammhls.com\/de\/produkte\/entwickelt-fuer-drohnen\/#breadcrumb","itemListElement":[{"@type":"ListItem","position":1,"name":"Home","item":"https:\/\/crammhls.com\/de\/startseite\/"},{"@type":"ListItem","position":2,"name":"Produkte","item":"https:\/\/crammhls.com\/de\/produkte\/"},{"@type":"ListItem","position":3,"name":"Entwickelt f\u00fcr Drohnen"}]},{"@type":"WebSite","@id":"https:\/\/crammhls.com\/#website","url":"https:\/\/crammhls.com\/","name":"Cramm HLS","description":"Quality based on Experience ","publisher":{"@id":"https:\/\/crammhls.com\/#organization"},"potentialAction":[{"@type":"SearchAction","target":{"@type":"EntryPoint","urlTemplate":"https:\/\/crammhls.com\/?s={search_term_string}"},"query-input":{"@type":"PropertyValueSpecification","valueRequired":true,"valueName":"search_term_string"}}],"inLanguage":"en-US"},{"@type":"Organization","@id":"https:\/\/crammhls.com\/#organization","name":"Cramm HLS","url":"https:\/\/crammhls.com\/","logo":{"@type":"ImageObject","inLanguage":"en-US","@id":"https:\/\/crammhls.com\/#\/schema\/logo\/image\/","url":"https:\/\/crammhls.com\/wp-content\/uploads\/2025\/10\/logo.svg","contentUrl":"https:\/\/crammhls.com\/wp-content\/uploads\/2025\/10\/logo.svg","width":307,"height":70,"caption":"Cramm HLS"},"image":{"@id":"https:\/\/crammhls.com\/#\/schema\/logo\/image\/"},"sameAs":["https:\/\/www.facebook.com\/Cramm-HLS-208116189357468\/","https:\/\/x.com\/crammhls","https:\/\/www.linkedin.com\/company\/cramm-hls","https:\/\/www.youtube.com\/channel\/UCABAFhJ13ryYECnfCaKlK8w"]}]}},"_links":{"self":[{"href":"https:\/\/crammhls.com\/de\/wp-json\/wp\/v2\/pages\/879","targetHints":{"allow":["GET"]}}],"collection":[{"href":"https:\/\/crammhls.com\/de\/wp-json\/wp\/v2\/pages"}],"about":[{"href":"https:\/\/crammhls.com\/de\/wp-json\/wp\/v2\/types\/page"}],"author":[{"embeddable":true,"href":"https:\/\/crammhls.com\/de\/wp-json\/wp\/v2\/users\/2"}],"replies":[{"embeddable":true,"href":"https:\/\/crammhls.com\/de\/wp-json\/wp\/v2\/comments?post=879"}],"version-history":[{"count":2,"href":"https:\/\/crammhls.com\/de\/wp-json\/wp\/v2\/pages\/879\/revisions"}],"predecessor-version":[{"id":884,"href":"https:\/\/crammhls.com\/de\/wp-json\/wp\/v2\/pages\/879\/revisions\/884"}],"up":[{"embeddable":true,"href":"https:\/\/crammhls.com\/de\/wp-json\/wp\/v2\/pages\/782"}],"wp:attachment":[{"href":"https:\/\/crammhls.com\/de\/wp-json\/wp\/v2\/media?parent=879"}],"curies":[{"name":"wp","href":"https:\/\/api.w.org\/{rel}","templated":true}]}}