{"id":899,"date":"2025-10-29T08:57:15","date_gmt":"2025-10-29T08:57:15","guid":{"rendered":"https:\/\/crammhls.com\/projekte\/"},"modified":"2026-02-25T15:42:09","modified_gmt":"2026-02-25T15:42:09","slug":"projekte","status":"publish","type":"page","link":"https:\/\/crammhls.com\/de\/projekte\/","title":{"rendered":"Projekte"},"content":{"rendered":"<div class=\"aligncenter wp-block-acf-breadcrumbs\">\r\n    <div class=\"breadcrumbs depth-1\">\r\n        <span class=\"separator home\"><\/span><a href=\"https:\/\/crammhls.com\/de\/\" class=\"home\">Home<\/a>    <\/div>\r\n<\/div>\n<h1 class=\"wp-block-heading has-text-align-center\">Unsere Projekte<\/h1>\n\n<p class=\"has-text-align-center\">Unsere Projekte zeigen, wie Cramm HLS den sicheren und zuverl\u00e4ssigen Hubschrauberbetrieb auf einer Vielzahl von Schiffen und Plattformen unterst\u00fctzt. Dank der Erfahrung innerhalb der SMI Groep und Cramm Yachting Systems bieten wir Heligrid- und Helideck-L\u00f6sungen, die etablierte Sicherheits- und Leistungsstandards erf\u00fcllen.   <\/p>\n<div style=\"margin-top:var(--wp--preset--spacing--50);margin-bottom:var(--wp--preset--spacing--50);\" class=\"alignwide wp-block-acf-project-overview\">\r\n        <div class=\"grid is-layout-grid\">\r\n            <div style=\"aspect-ratio:1;min-height:unset;\" class=\"wp-block-cover has-custom-content-position is-position-bottom-center is-style-product has-aspect-ratio\">\r\n            <a href=\"https:\/\/crammhls.com\/de\/project\/heligrid-mit-reduzierter-hoehe\/\">\r\n                <img loading=\"lazy\" decoding=\"async\" width=\"1024\" height=\"683\" src=\"https:\/\/crammhls.com\/wp-content\/uploads\/2025\/12\/ChatGPT-Image-Dec-1-2025-04_44_34-PM-1024x683.png\" class=\"wp-block-cover__image-background\" alt=\"\" srcset=\"https:\/\/crammhls.com\/wp-content\/uploads\/2025\/12\/ChatGPT-Image-Dec-1-2025-04_44_34-PM-1024x683.png 1024w, https:\/\/crammhls.com\/wp-content\/uploads\/2025\/12\/ChatGPT-Image-Dec-1-2025-04_44_34-PM-300x200.png 300w, https:\/\/crammhls.com\/wp-content\/uploads\/2025\/12\/ChatGPT-Image-Dec-1-2025-04_44_34-PM-768x512.png 768w, https:\/\/crammhls.com\/wp-content\/uploads\/2025\/12\/ChatGPT-Image-Dec-1-2025-04_44_34-PM.png 1536w\" sizes=\"auto, (max-width: 1024px) 100vw, 1024px\" \/>                <span aria-hidden=\"true\" class=\"wp-block-cover__background has-background-dim-100 has-background-dim wp-block-cover__gradient-background has-background-gradient has-gradient-50-down-gradient-background\"><\/span>\r\n                <div class=\"wp-block-cover__inner-container\">\r\n                    <h5 class=\"wp-block-heading has-text-align-center\" style=\"margin-top:10px\">HeliGrid mit reduzierter H\u00f6he<\/h5>\r\n                <\/div>\r\n            <\/a>\r\n        <\/div>\r\n            <div style=\"aspect-ratio:1;min-height:unset;\" class=\"wp-block-cover has-custom-content-position is-position-bottom-center is-style-product has-aspect-ratio\">\r\n            <a href=\"https:\/\/crammhls.com\/de\/project\/heligrid-fuer-drohnentests-im-deckmotion-simulator-von-airbus\/\">\r\n                <img loading=\"lazy\" decoding=\"async\" width=\"1024\" height=\"687\" src=\"https:\/\/crammhls.com\/wp-content\/uploads\/2025\/11\/Airbus_Deckfinder-1024x687.png\" class=\"wp-block-cover__image-background\" alt=\"\" srcset=\"https:\/\/crammhls.com\/wp-content\/uploads\/2025\/11\/Airbus_Deckfinder-1024x687.png 1024w, https:\/\/crammhls.com\/wp-content\/uploads\/2025\/11\/Airbus_Deckfinder-300x201.png 300w, https:\/\/crammhls.com\/wp-content\/uploads\/2025\/11\/Airbus_Deckfinder-768x515.png 768w, https:\/\/crammhls.com\/wp-content\/uploads\/2025\/11\/Airbus_Deckfinder-1536x1030.png 1536w, https:\/\/crammhls.com\/wp-content\/uploads\/2025\/11\/Airbus_Deckfinder.png 1920w\" sizes=\"auto, (max-width: 1024px) 100vw, 1024px\" \/>                <span aria-hidden=\"true\" class=\"wp-block-cover__background has-background-dim-100 has-background-dim wp-block-cover__gradient-background has-background-gradient has-gradient-50-down-gradient-background\"><\/span>\r\n                <div class=\"wp-block-cover__inner-container\">\r\n                    <h5 class=\"wp-block-heading has-text-align-center\" style=\"margin-top:10px\">Heligrid f\u00fcr Drohnentests im Deckmotion-Simulator von Airbus<\/h5>\r\n                <\/div>\r\n            <\/a>\r\n        <\/div>\r\n        <\/div>\r\n    <\/div><div class=\"wp-block-cover alignfull is-light has-custom-content-position is-position-center-left is-style-has-arrow-group is-style-product\"><div class=\"image-wrap\"><img loading=\"lazy\" decoding=\"async\" width=\"2560\" height=\"1708\" class=\"wp-block-cover__image-background wp-image-561 size-full\" alt=\"\" src=\"https:\/\/crammhls.com\/wp-content\/uploads\/2026\/02\/250426_HESY_6421-scaled.jpg\" data-object-fit=\"cover\" srcset=\"https:\/\/crammhls.com\/wp-content\/uploads\/2026\/02\/250426_HESY_6421-scaled.jpg 2560w, https:\/\/crammhls.com\/wp-content\/uploads\/2026\/02\/250426_HESY_6421-300x200.jpg 300w, https:\/\/crammhls.com\/wp-content\/uploads\/2026\/02\/250426_HESY_6421-1024x683.jpg 1024w, https:\/\/crammhls.com\/wp-content\/uploads\/2026\/02\/250426_HESY_6421-768x512.jpg 768w, https:\/\/crammhls.com\/wp-content\/uploads\/2026\/02\/250426_HESY_6421-1536x1025.jpg 1536w, https:\/\/crammhls.com\/wp-content\/uploads\/2026\/02\/250426_HESY_6421-2048x1366.jpg 2048w\" sizes=\"auto, (max-width: 2560px) 100vw, 2560px\" \/><\/div><span aria-hidden=\"true\" class=\"wp-block-cover__background has-background-dim-0 has-background-dim\" style=\"background-color:#8b9ebf\"><\/span><div class=\"wp-block-cover__inner-container is-layout-constrained wp-block-cover-is-layout-constrained\">\n<div class=\"wp-block-group is-style-arrow-right is-layout-constrained wp-block-group-is-layout-constrained\">\n<div class=\"wp-block-group is-layout-constrained wp-container-core-group-is-layout-a099c240 wp-block-group-is-layout-constrained\">\n<p class=\"has-text-align-center has-medium-font-size\" style=\"font-style:normal;font-weight:100;text-transform:uppercase\"><mark style=\"background-color:rgba(0, 0, 0, 0)\" class=\"has-inline-color has-secondary-color\">Jedes Detail ist wichtig<\/mark>, jede L\u00f6sung wird mit Pr\u00e4zision und unter Ber\u00fccksichtigung von Sicherheitsaspekten entwickelt.  <\/p>\n<\/div>\n<\/div>\n<\/div><\/div>","protected":false},"excerpt":{"rendered":"<p>Unsere Projekte Unsere Projekte zeigen, wie Cramm HLS den sicheren und zuverl\u00e4ssigen Hubschrauberbetrieb auf einer Vielzahl von Schiffen und Plattformen unterst\u00fctzt. Dank der Erfahrung innerhalb der SMI Groep und Cramm Yachting Systems bieten wir Heligrid- und Helideck-L\u00f6sungen, die etablierte Sicherheits- und Leistungsstandards erf\u00fcllen.<\/p>\n","protected":false},"author":1,"featured_media":0,"parent":0,"menu_order":0,"comment_status":"closed","ping_status":"closed","template":"","meta":{"_acf_changed":false,"inline_featured_image":false,"footnotes":""},"class_list":["post-899","page","type-page","status-publish","hentry"],"acf":[],"yoast_head":"<!-- This site is optimized with the Yoast SEO plugin v27.1.1 - https:\/\/yoast.com\/product\/yoast-seo-wordpress\/ -->\n<title>Projekte - Cramm HLS<\/title>\n<meta name=\"robots\" content=\"index, follow, max-snippet:-1, max-image-preview:large, max-video-preview:-1\" \/>\n<link rel=\"canonical\" href=\"https:\/\/crammhls.com\/de\/projekte\/\" \/>\n<meta property=\"og:locale\" content=\"en_US\" \/>\n<meta property=\"og:type\" content=\"article\" \/>\n<meta property=\"og:title\" content=\"Projekte - Cramm HLS\" \/>\n<meta property=\"og:description\" content=\"Unsere Projekte Unsere Projekte zeigen, wie Cramm HLS den sicheren und zuverl\u00e4ssigen Hubschrauberbetrieb auf einer Vielzahl von Schiffen und Plattformen unterst\u00fctzt. Dank der Erfahrung innerhalb der SMI Groep und Cramm Yachting Systems bieten wir Heligrid- und Helideck-L\u00f6sungen, die etablierte Sicherheits- und Leistungsstandards erf\u00fcllen.\" \/>\n<meta property=\"og:url\" content=\"https:\/\/crammhls.com\/de\/projekte\/\" \/>\n<meta property=\"og:site_name\" content=\"Cramm HLS\" \/>\n<meta property=\"article:publisher\" content=\"https:\/\/www.facebook.com\/Cramm-HLS-208116189357468\/\" \/>\n<meta property=\"article:modified_time\" content=\"2026-02-25T15:42:09+00:00\" \/>\n<meta property=\"og:image\" content=\"https:\/\/crammhls.com\/wp-content\/uploads\/2026\/02\/250426_HESY_6421-scaled.jpg\" \/>\n<meta name=\"twitter:card\" content=\"summary_large_image\" \/>\n<meta name=\"twitter:site\" content=\"@crammhls\" \/>\n<script type=\"application\/ld+json\" class=\"yoast-schema-graph\">{\"@context\":\"https:\/\/schema.org\",\"@graph\":[{\"@type\":\"WebPage\",\"@id\":\"https:\/\/crammhls.com\/de\/projekte\/\",\"url\":\"https:\/\/crammhls.com\/de\/projekte\/\",\"name\":\"Projekte - Cramm HLS\",\"isPartOf\":{\"@id\":\"https:\/\/crammhls.com\/#website\"},\"primaryImageOfPage\":{\"@id\":\"https:\/\/crammhls.com\/de\/projekte\/#primaryimage\"},\"image\":{\"@id\":\"https:\/\/crammhls.com\/de\/projekte\/#primaryimage\"},\"thumbnailUrl\":\"https:\/\/crammhls.com\/wp-content\/uploads\/2026\/02\/250426_HESY_6421-scaled.jpg\",\"datePublished\":\"2025-10-29T08:57:15+00:00\",\"dateModified\":\"2026-02-25T15:42:09+00:00\",\"breadcrumb\":{\"@id\":\"https:\/\/crammhls.com\/de\/projekte\/#breadcrumb\"},\"inLanguage\":\"en-US\",\"potentialAction\":[{\"@type\":\"ReadAction\",\"target\":[\"https:\/\/crammhls.com\/de\/projekte\/\"]}]},{\"@type\":\"ImageObject\",\"inLanguage\":\"en-US\",\"@id\":\"https:\/\/crammhls.com\/de\/projekte\/#primaryimage\",\"url\":\"https:\/\/crammhls.com\/wp-content\/uploads\/2026\/02\/250426_HESY_6421-scaled.jpg\",\"contentUrl\":\"https:\/\/crammhls.com\/wp-content\/uploads\/2026\/02\/250426_HESY_6421-scaled.jpg\"},{\"@type\":\"BreadcrumbList\",\"@id\":\"https:\/\/crammhls.com\/de\/projekte\/#breadcrumb\",\"itemListElement\":[{\"@type\":\"ListItem\",\"position\":1,\"name\":\"Home\",\"item\":\"https:\/\/crammhls.com\/de\/startseite\/\"},{\"@type\":\"ListItem\",\"position\":2,\"name\":\"Projekte\"}]},{\"@type\":\"WebSite\",\"@id\":\"https:\/\/crammhls.com\/#website\",\"url\":\"https:\/\/crammhls.com\/\",\"name\":\"Cramm HLS\",\"description\":\"Quality based on Experience \",\"publisher\":{\"@id\":\"https:\/\/crammhls.com\/#organization\"},\"potentialAction\":[{\"@type\":\"SearchAction\",\"target\":{\"@type\":\"EntryPoint\",\"urlTemplate\":\"https:\/\/crammhls.com\/?s={search_term_string}\"},\"query-input\":{\"@type\":\"PropertyValueSpecification\",\"valueRequired\":true,\"valueName\":\"search_term_string\"}}],\"inLanguage\":\"en-US\"},{\"@type\":\"Organization\",\"@id\":\"https:\/\/crammhls.com\/#organization\",\"name\":\"Cramm HLS\",\"url\":\"https:\/\/crammhls.com\/\",\"logo\":{\"@type\":\"ImageObject\",\"inLanguage\":\"en-US\",\"@id\":\"https:\/\/crammhls.com\/#\/schema\/logo\/image\/\",\"url\":\"https:\/\/crammhls.com\/wp-content\/uploads\/2025\/10\/logo.svg\",\"contentUrl\":\"https:\/\/crammhls.com\/wp-content\/uploads\/2025\/10\/logo.svg\",\"width\":307,\"height\":70,\"caption\":\"Cramm HLS\"},\"image\":{\"@id\":\"https:\/\/crammhls.com\/#\/schema\/logo\/image\/\"},\"sameAs\":[\"https:\/\/www.facebook.com\/Cramm-HLS-208116189357468\/\",\"https:\/\/x.com\/crammhls\",\"https:\/\/www.linkedin.com\/company\/cramm-hls\",\"https:\/\/www.youtube.com\/channel\/UCABAFhJ13ryYECnfCaKlK8w\"]}]}<\/script>\n<!-- \/ Yoast SEO plugin. -->","yoast_head_json":{"title":"Projekte - Cramm HLS","robots":{"index":"index","follow":"follow","max-snippet":"max-snippet:-1","max-image-preview":"max-image-preview:large","max-video-preview":"max-video-preview:-1"},"canonical":"https:\/\/crammhls.com\/de\/projekte\/","og_locale":"en_US","og_type":"article","og_title":"Projekte - Cramm HLS","og_description":"Unsere Projekte Unsere Projekte zeigen, wie Cramm HLS den sicheren und zuverl\u00e4ssigen Hubschrauberbetrieb auf einer Vielzahl von Schiffen und Plattformen unterst\u00fctzt. Dank der Erfahrung innerhalb der SMI Groep und Cramm Yachting Systems bieten wir Heligrid- und Helideck-L\u00f6sungen, die etablierte Sicherheits- und Leistungsstandards erf\u00fcllen.","og_url":"https:\/\/crammhls.com\/de\/projekte\/","og_site_name":"Cramm HLS","article_publisher":"https:\/\/www.facebook.com\/Cramm-HLS-208116189357468\/","article_modified_time":"2026-02-25T15:42:09+00:00","og_image":[{"url":"https:\/\/crammhls.com\/wp-content\/uploads\/2026\/02\/250426_HESY_6421-scaled.jpg","type":"","width":"","height":""}],"twitter_card":"summary_large_image","twitter_site":"@crammhls","schema":{"@context":"https:\/\/schema.org","@graph":[{"@type":"WebPage","@id":"https:\/\/crammhls.com\/de\/projekte\/","url":"https:\/\/crammhls.com\/de\/projekte\/","name":"Projekte - Cramm HLS","isPartOf":{"@id":"https:\/\/crammhls.com\/#website"},"primaryImageOfPage":{"@id":"https:\/\/crammhls.com\/de\/projekte\/#primaryimage"},"image":{"@id":"https:\/\/crammhls.com\/de\/projekte\/#primaryimage"},"thumbnailUrl":"https:\/\/crammhls.com\/wp-content\/uploads\/2026\/02\/250426_HESY_6421-scaled.jpg","datePublished":"2025-10-29T08:57:15+00:00","dateModified":"2026-02-25T15:42:09+00:00","breadcrumb":{"@id":"https:\/\/crammhls.com\/de\/projekte\/#breadcrumb"},"inLanguage":"en-US","potentialAction":[{"@type":"ReadAction","target":["https:\/\/crammhls.com\/de\/projekte\/"]}]},{"@type":"ImageObject","inLanguage":"en-US","@id":"https:\/\/crammhls.com\/de\/projekte\/#primaryimage","url":"https:\/\/crammhls.com\/wp-content\/uploads\/2026\/02\/250426_HESY_6421-scaled.jpg","contentUrl":"https:\/\/crammhls.com\/wp-content\/uploads\/2026\/02\/250426_HESY_6421-scaled.jpg"},{"@type":"BreadcrumbList","@id":"https:\/\/crammhls.com\/de\/projekte\/#breadcrumb","itemListElement":[{"@type":"ListItem","position":1,"name":"Home","item":"https:\/\/crammhls.com\/de\/startseite\/"},{"@type":"ListItem","position":2,"name":"Projekte"}]},{"@type":"WebSite","@id":"https:\/\/crammhls.com\/#website","url":"https:\/\/crammhls.com\/","name":"Cramm HLS","description":"Quality based on Experience ","publisher":{"@id":"https:\/\/crammhls.com\/#organization"},"potentialAction":[{"@type":"SearchAction","target":{"@type":"EntryPoint","urlTemplate":"https:\/\/crammhls.com\/?s={search_term_string}"},"query-input":{"@type":"PropertyValueSpecification","valueRequired":true,"valueName":"search_term_string"}}],"inLanguage":"en-US"},{"@type":"Organization","@id":"https:\/\/crammhls.com\/#organization","name":"Cramm HLS","url":"https:\/\/crammhls.com\/","logo":{"@type":"ImageObject","inLanguage":"en-US","@id":"https:\/\/crammhls.com\/#\/schema\/logo\/image\/","url":"https:\/\/crammhls.com\/wp-content\/uploads\/2025\/10\/logo.svg","contentUrl":"https:\/\/crammhls.com\/wp-content\/uploads\/2025\/10\/logo.svg","width":307,"height":70,"caption":"Cramm HLS"},"image":{"@id":"https:\/\/crammhls.com\/#\/schema\/logo\/image\/"},"sameAs":["https:\/\/www.facebook.com\/Cramm-HLS-208116189357468\/","https:\/\/x.com\/crammhls","https:\/\/www.linkedin.com\/company\/cramm-hls","https:\/\/www.youtube.com\/channel\/UCABAFhJ13ryYECnfCaKlK8w"]}]}},"_links":{"self":[{"href":"https:\/\/crammhls.com\/de\/wp-json\/wp\/v2\/pages\/899","targetHints":{"allow":["GET"]}}],"collection":[{"href":"https:\/\/crammhls.com\/de\/wp-json\/wp\/v2\/pages"}],"about":[{"href":"https:\/\/crammhls.com\/de\/wp-json\/wp\/v2\/types\/page"}],"author":[{"embeddable":true,"href":"https:\/\/crammhls.com\/de\/wp-json\/wp\/v2\/users\/1"}],"replies":[{"embeddable":true,"href":"https:\/\/crammhls.com\/de\/wp-json\/wp\/v2\/comments?post=899"}],"version-history":[{"count":1,"href":"https:\/\/crammhls.com\/de\/wp-json\/wp\/v2\/pages\/899\/revisions"}],"predecessor-version":[{"id":901,"href":"https:\/\/crammhls.com\/de\/wp-json\/wp\/v2\/pages\/899\/revisions\/901"}],"wp:attachment":[{"href":"https:\/\/crammhls.com\/de\/wp-json\/wp\/v2\/media?parent=899"}],"curies":[{"name":"wp","href":"https:\/\/api.w.org\/{rel}","templated":true}]}}