{"id":933,"date":"2026-02-18T10:13:59","date_gmt":"2026-02-18T10:13:59","guid":{"rendered":"https:\/\/crammhls.com\/cookies\/"},"modified":"2026-02-25T15:44:34","modified_gmt":"2026-02-25T15:44:34","slug":"cookies","status":"publish","type":"page","link":"https:\/\/crammhls.com\/de\/cookies\/","title":{"rendered":"Cookies"},"content":{"rendered":"\n<h2 class=\"wp-block-heading\">Cookies<\/h2>\n\n<p>Unsere Website verwendet Cookies. Dabei handelt es sich um kleine (tempor\u00e4re) Textdateien f\u00fcr Ihren PC, damit Sie die gleichen Informationen nicht immer wieder eingeben oder herunterladen m\u00fcssen. Praktisch, oder? Cookies geben uns Aufschluss dar\u00fcber, wie Sie die Website nutzen, und liefern uns Hinweise darauf, wie wir ihre Benutzerfreundlichkeit verbessern k\u00f6nnen. Wir verwenden Cookies auch f\u00fcr Marketingzwecke, um Ihnen Informationen anzuzeigen, die f\u00fcr Sie relevant sind.    <\/p>\n\n<h5 class=\"wp-block-heading\">AKZEPTIEREN VON COOKIES<\/h5>\n\n<p>Wenn Sie unsere Website optimal nutzen m\u00f6chten, ist es notwendig, die Cookies zu akzeptieren. Das Akzeptieren ist super einfach, Sie m\u00fcssen nur auf &#8216;einverstanden&#8217; klicken. <\/p>\n\n<h5 class=\"wp-block-heading\">KEINEN APPETIT AUF KEKSE?<\/h5>\n\n<p>Sind Sie \u00fcberhaupt nicht an Cookies interessiert? Dann k\u00f6nnen Sie sie auch in Ihrem Browser deaktivieren. Allerdings wird unsere Website dann nicht optimal funktionieren. Klicken Sie auf einen der unten aufgef\u00fchrten Browser, um weitere Erkl\u00e4rungen zur Deaktivierung von Cookies zu erhalten.   <\/p>\n\n<ul class=\"wp-block-list\">\n<li><a href=\"https:\/\/www.google.com\/intl\/nl_nl\/chrome\/\" target=\"_blank\" rel=\"noreferrer noopener\">Chrom<\/a><\/li>\n\n\n\n<li><a href=\"https:\/\/www.mozilla.org\/nl\/firefox\/new\/\" target=\"_blank\" rel=\"noreferrer noopener\">Firefox<\/a><\/li>\n\n\n\n<li><a href=\"https:\/\/www.microsoft.com\/nl-nl\/\" target=\"_blank\" rel=\"noreferrer noopener\">Internet Explorer<\/a><\/li>\n\n\n\n<li><a href=\"https:\/\/www.microsoft.com\/nl-nl\/edge\" target=\"_blank\" rel=\"noreferrer noopener\">Rand<\/a><\/li>\n\n\n\n<li><a href=\"https:\/\/apps.apple.com\/nl\/app\/safari\/id1146562112\" target=\"_blank\" rel=\"noreferrer noopener\">Safari (iOS)<\/a><\/li>\n\n\n\n<li><a href=\"https:\/\/www.apple.com\/safari\/\" target=\"_blank\" rel=\"noreferrer noopener\">Safari (macOS)<\/a><\/li>\n<\/ul>\n\n<h5 class=\"wp-block-heading\">WELCHE COOKIES VERWENDEN WIR?<\/h5>\n\n<p>Sobald Sie unsere Website besuchen, wird dies gespeichert. Das bedeutet f\u00fcr Sie, dass Sie Ihre Daten beim Ausf\u00fcllen eines Kontaktformulars nicht erneut eingeben m\u00fcssen, falls Sie die Sitzung neu laden m\u00fcssen. Ihre Daten werden nicht an Dritte weitergegeben. Bitte lesen Sie unsere Datenschutzerkl\u00e4rung f\u00fcr weitere Informationen.   <\/p>\n\n<h5 class=\"wp-block-heading\">FUNKTIONALE COOKIES<\/h5>\n\n<p>Dadurch wird sichergestellt, dass unsere Website optimal funktioniert. Ohne diese Cookies w\u00e4re es zum Beispiel schwierig, eine Website daran zu erinnern, dass Sie sich angemeldet haben. <\/p>\n\n<h5 class=\"wp-block-heading\">ANALYSE-COOKIES<\/h5>\n\n<p>Diese Cookies sammeln Informationen dar\u00fcber, wie unsere Website von ihren Besuchern genutzt wird. Wir verwenden diese Informationen, um die Website zu verbessern. Sie erm\u00f6glichen es uns auch, Informationen anzuzeigen, die f\u00fcr Sie relevant sind. Auf diese Weise k\u00f6nnen wir unsere Produkte und Dienstleistungen kontinuierlich verbessern.   <\/p>\n\n<h5 class=\"wp-block-heading\">MARKETING-COOKIES<\/h5>\n\n<p>Diese Cookies werden f\u00fcr Marketingzwecke verwendet. Auf diese Weise k\u00f6nnen wir Ihnen Informationen oder Angebote schicken, die tats\u00e4chlich auf Sie zutreffen. <\/p>\n\n<p><\/p>\n","protected":false},"excerpt":{"rendered":"<p>Cookies Unsere Website verwendet Cookies. Dabei handelt es sich um kleine (tempor\u00e4re) Textdateien f\u00fcr Ihren PC, damit Sie die gleichen Informationen nicht immer wieder eingeben oder herunterladen m\u00fcssen. Praktisch, oder? Cookies geben uns Aufschluss dar\u00fcber, wie Sie die Website nutzen, und liefern uns Hinweise darauf, wie wir ihre Benutzerfreundlichkeit verbessern k\u00f6nnen. Wir verwenden Cookies auch [&hellip;]<\/p>\n","protected":false},"author":2,"featured_media":0,"parent":0,"menu_order":0,"comment_status":"closed","ping_status":"closed","template":"","meta":{"_acf_changed":false,"inline_featured_image":false,"footnotes":""},"class_list":["post-933","page","type-page","status-publish","hentry"],"acf":[],"yoast_head":"<!-- This site is optimized with the Yoast SEO plugin v27.1.1 - https:\/\/yoast.com\/product\/yoast-seo-wordpress\/ -->\n<title>Cookies - Cramm HLS<\/title>\n<meta name=\"robots\" content=\"index, follow, max-snippet:-1, max-image-preview:large, max-video-preview:-1\" \/>\n<link rel=\"canonical\" href=\"https:\/\/crammhls.com\/de\/cookies\/\" \/>\n<meta property=\"og:locale\" content=\"en_US\" \/>\n<meta property=\"og:type\" content=\"article\" \/>\n<meta property=\"og:title\" content=\"Cookies - Cramm HLS\" \/>\n<meta property=\"og:description\" content=\"Cookies Unsere Website verwendet Cookies. Dabei handelt es sich um kleine (tempor\u00e4re) Textdateien f\u00fcr Ihren PC, damit Sie die gleichen Informationen nicht immer wieder eingeben oder herunterladen m\u00fcssen. Praktisch, oder? Cookies geben uns Aufschluss dar\u00fcber, wie Sie die Website nutzen, und liefern uns Hinweise darauf, wie wir ihre Benutzerfreundlichkeit verbessern k\u00f6nnen. Wir verwenden Cookies auch [&hellip;]\" \/>\n<meta property=\"og:url\" content=\"https:\/\/crammhls.com\/de\/cookies\/\" \/>\n<meta property=\"og:site_name\" content=\"Cramm HLS\" \/>\n<meta property=\"article:publisher\" content=\"https:\/\/www.facebook.com\/Cramm-HLS-208116189357468\/\" \/>\n<meta property=\"article:modified_time\" content=\"2026-02-25T15:44:34+00:00\" \/>\n<meta name=\"twitter:card\" content=\"summary_large_image\" \/>\n<meta name=\"twitter:site\" content=\"@crammhls\" \/>\n<meta name=\"twitter:label1\" content=\"Est. reading time\" \/>\n\t<meta name=\"twitter:data1\" content=\"2 minutes\" \/>\n<script type=\"application\/ld+json\" class=\"yoast-schema-graph\">{\"@context\":\"https:\/\/schema.org\",\"@graph\":[{\"@type\":\"WebPage\",\"@id\":\"https:\/\/crammhls.com\/de\/cookies\/\",\"url\":\"https:\/\/crammhls.com\/de\/cookies\/\",\"name\":\"Cookies - Cramm HLS\",\"isPartOf\":{\"@id\":\"https:\/\/crammhls.com\/#website\"},\"datePublished\":\"2026-02-18T10:13:59+00:00\",\"dateModified\":\"2026-02-25T15:44:34+00:00\",\"breadcrumb\":{\"@id\":\"https:\/\/crammhls.com\/de\/cookies\/#breadcrumb\"},\"inLanguage\":\"en-US\",\"potentialAction\":[{\"@type\":\"ReadAction\",\"target\":[\"https:\/\/crammhls.com\/de\/cookies\/\"]}]},{\"@type\":\"BreadcrumbList\",\"@id\":\"https:\/\/crammhls.com\/de\/cookies\/#breadcrumb\",\"itemListElement\":[{\"@type\":\"ListItem\",\"position\":1,\"name\":\"Home\",\"item\":\"https:\/\/crammhls.com\/de\/startseite\/\"},{\"@type\":\"ListItem\",\"position\":2,\"name\":\"Cookies\"}]},{\"@type\":\"WebSite\",\"@id\":\"https:\/\/crammhls.com\/#website\",\"url\":\"https:\/\/crammhls.com\/\",\"name\":\"Cramm HLS\",\"description\":\"Quality based on Experience \",\"publisher\":{\"@id\":\"https:\/\/crammhls.com\/#organization\"},\"potentialAction\":[{\"@type\":\"SearchAction\",\"target\":{\"@type\":\"EntryPoint\",\"urlTemplate\":\"https:\/\/crammhls.com\/?s={search_term_string}\"},\"query-input\":{\"@type\":\"PropertyValueSpecification\",\"valueRequired\":true,\"valueName\":\"search_term_string\"}}],\"inLanguage\":\"en-US\"},{\"@type\":\"Organization\",\"@id\":\"https:\/\/crammhls.com\/#organization\",\"name\":\"Cramm HLS\",\"url\":\"https:\/\/crammhls.com\/\",\"logo\":{\"@type\":\"ImageObject\",\"inLanguage\":\"en-US\",\"@id\":\"https:\/\/crammhls.com\/#\/schema\/logo\/image\/\",\"url\":\"https:\/\/crammhls.com\/wp-content\/uploads\/2025\/10\/logo.svg\",\"contentUrl\":\"https:\/\/crammhls.com\/wp-content\/uploads\/2025\/10\/logo.svg\",\"width\":307,\"height\":70,\"caption\":\"Cramm HLS\"},\"image\":{\"@id\":\"https:\/\/crammhls.com\/#\/schema\/logo\/image\/\"},\"sameAs\":[\"https:\/\/www.facebook.com\/Cramm-HLS-208116189357468\/\",\"https:\/\/x.com\/crammhls\",\"https:\/\/www.linkedin.com\/company\/cramm-hls\",\"https:\/\/www.youtube.com\/channel\/UCABAFhJ13ryYECnfCaKlK8w\"]}]}<\/script>\n<!-- \/ Yoast SEO plugin. -->","yoast_head_json":{"title":"Cookies - Cramm HLS","robots":{"index":"index","follow":"follow","max-snippet":"max-snippet:-1","max-image-preview":"max-image-preview:large","max-video-preview":"max-video-preview:-1"},"canonical":"https:\/\/crammhls.com\/de\/cookies\/","og_locale":"en_US","og_type":"article","og_title":"Cookies - Cramm HLS","og_description":"Cookies Unsere Website verwendet Cookies. Dabei handelt es sich um kleine (tempor\u00e4re) Textdateien f\u00fcr Ihren PC, damit Sie die gleichen Informationen nicht immer wieder eingeben oder herunterladen m\u00fcssen. Praktisch, oder? Cookies geben uns Aufschluss dar\u00fcber, wie Sie die Website nutzen, und liefern uns Hinweise darauf, wie wir ihre Benutzerfreundlichkeit verbessern k\u00f6nnen. Wir verwenden Cookies auch [&hellip;]","og_url":"https:\/\/crammhls.com\/de\/cookies\/","og_site_name":"Cramm HLS","article_publisher":"https:\/\/www.facebook.com\/Cramm-HLS-208116189357468\/","article_modified_time":"2026-02-25T15:44:34+00:00","twitter_card":"summary_large_image","twitter_site":"@crammhls","twitter_misc":{"Est. reading time":"2 minutes"},"schema":{"@context":"https:\/\/schema.org","@graph":[{"@type":"WebPage","@id":"https:\/\/crammhls.com\/de\/cookies\/","url":"https:\/\/crammhls.com\/de\/cookies\/","name":"Cookies - Cramm HLS","isPartOf":{"@id":"https:\/\/crammhls.com\/#website"},"datePublished":"2026-02-18T10:13:59+00:00","dateModified":"2026-02-25T15:44:34+00:00","breadcrumb":{"@id":"https:\/\/crammhls.com\/de\/cookies\/#breadcrumb"},"inLanguage":"en-US","potentialAction":[{"@type":"ReadAction","target":["https:\/\/crammhls.com\/de\/cookies\/"]}]},{"@type":"BreadcrumbList","@id":"https:\/\/crammhls.com\/de\/cookies\/#breadcrumb","itemListElement":[{"@type":"ListItem","position":1,"name":"Home","item":"https:\/\/crammhls.com\/de\/startseite\/"},{"@type":"ListItem","position":2,"name":"Cookies"}]},{"@type":"WebSite","@id":"https:\/\/crammhls.com\/#website","url":"https:\/\/crammhls.com\/","name":"Cramm HLS","description":"Quality based on Experience ","publisher":{"@id":"https:\/\/crammhls.com\/#organization"},"potentialAction":[{"@type":"SearchAction","target":{"@type":"EntryPoint","urlTemplate":"https:\/\/crammhls.com\/?s={search_term_string}"},"query-input":{"@type":"PropertyValueSpecification","valueRequired":true,"valueName":"search_term_string"}}],"inLanguage":"en-US"},{"@type":"Organization","@id":"https:\/\/crammhls.com\/#organization","name":"Cramm HLS","url":"https:\/\/crammhls.com\/","logo":{"@type":"ImageObject","inLanguage":"en-US","@id":"https:\/\/crammhls.com\/#\/schema\/logo\/image\/","url":"https:\/\/crammhls.com\/wp-content\/uploads\/2025\/10\/logo.svg","contentUrl":"https:\/\/crammhls.com\/wp-content\/uploads\/2025\/10\/logo.svg","width":307,"height":70,"caption":"Cramm HLS"},"image":{"@id":"https:\/\/crammhls.com\/#\/schema\/logo\/image\/"},"sameAs":["https:\/\/www.facebook.com\/Cramm-HLS-208116189357468\/","https:\/\/x.com\/crammhls","https:\/\/www.linkedin.com\/company\/cramm-hls","https:\/\/www.youtube.com\/channel\/UCABAFhJ13ryYECnfCaKlK8w"]}]}},"_links":{"self":[{"href":"https:\/\/crammhls.com\/de\/wp-json\/wp\/v2\/pages\/933","targetHints":{"allow":["GET"]}}],"collection":[{"href":"https:\/\/crammhls.com\/de\/wp-json\/wp\/v2\/pages"}],"about":[{"href":"https:\/\/crammhls.com\/de\/wp-json\/wp\/v2\/types\/page"}],"author":[{"embeddable":true,"href":"https:\/\/crammhls.com\/de\/wp-json\/wp\/v2\/users\/2"}],"replies":[{"embeddable":true,"href":"https:\/\/crammhls.com\/de\/wp-json\/wp\/v2\/comments?post=933"}],"version-history":[{"count":1,"href":"https:\/\/crammhls.com\/de\/wp-json\/wp\/v2\/pages\/933\/revisions"}],"predecessor-version":[{"id":934,"href":"https:\/\/crammhls.com\/de\/wp-json\/wp\/v2\/pages\/933\/revisions\/934"}],"wp:attachment":[{"href":"https:\/\/crammhls.com\/de\/wp-json\/wp\/v2\/media?parent=933"}],"curies":[{"name":"wp","href":"https:\/\/api.w.org\/{rel}","templated":true}]}}