{"id":956,"date":"2025-10-28T14:41:09","date_gmt":"2025-10-28T14:41:09","guid":{"rendered":"https:\/\/crammhls.com\/startseite\/"},"modified":"2026-02-26T12:10:26","modified_gmt":"2026-02-26T12:10:26","slug":"startseite","status":"publish","type":"page","link":"https:\/\/crammhls.com\/de\/","title":{"rendered":"Startseite"},"content":{"rendered":"<div class=\"wp-block-cover alignfull is-light has-custom-content-position is-position-bottom-center has-aspect-ratio\" style=\"margin-bottom:120px;padding-right:5px;padding-left:5px;aspect-ratio:16\/9;min-height:unset;\"><video class=\"wp-block-cover__video-background intrinsic-ignore\" autoplay muted loop playsinline src=\"https:\/\/crammhls.com\/wp-content\/uploads\/2026\/02\/Helicopter-Cramm-720p-v2.mp4\" data-object-fit=\"cover\"><\/video><span aria-hidden=\"true\" class=\"wp-block-cover__background has-background-dim-0 has-background-dim\"><\/span><div class=\"wp-block-cover__inner-container is-layout-constrained wp-container-core-cover-is-layout-91e86046 wp-block-cover-is-layout-constrained\">\n<div class=\"wp-block-group alignwide is-content-justification-left is-layout-constrained wp-container-core-group-is-layout-12dd3699 wp-block-group-is-layout-constrained\">\n<div id=\"hexagon-home\" class=\"wp-block-group is-style-hexagon is-layout-constrained wp-block-group-is-layout-constrained\">\n<h2 class=\"wp-block-heading has-text-align-center has-light-color has-text-color has-link-color wp-elements-e054c726b774001b8bd8ab18841213c8\">CRAMM HLS<\/h2>\n\n\n\n<p class=\"has-text-align-center\">Wir liefern Komplettl\u00f6sungen f\u00fcr den sicheren Betrieb von Hubschraubern, von Landegittern und Sicherheitsz\u00e4unen bis hin zu Aufz\u00fcgen und Lagerhallen.  <\/p>\n\n\n\n<div class=\"wp-block-buttons is-content-justification-center is-layout-flex wp-container-core-buttons-is-layout-a89b3969 wp-block-buttons-is-layout-flex\">\n<div class=\"wp-block-button is-style-outline is-style-outline--1\"><a class=\"wp-block-button__link has-secondary-color has-text-color has-link-color wp-element-button\" href=\"https:\/\/crammhls.com\/de\/produkte\/\">L\u00f6sungen entdecken<\/a><\/div>\n<\/div>\n<\/div>\n<\/div>\n<\/div><\/div>\n<h6 class=\"wp-block-heading has-text-align-center has-secondary-color has-text-color has-link-color wp-elements-294ae7e42c74b79baba63bfc075e750a\">\u00dcber Heligrid<\/h6>\n\n<h2 class=\"wp-block-heading has-text-align-center\">die perfekte Landung<\/h2>\n\n<p class=\"has-text-align-left\">The Cramm HLS Heligrid is an anchoring system for helicopters that enables pilots to land safely in all conditions. Das System erf\u00fcllt die strengsten NATO-Anforderungen und kann f\u00fcr verschiedene Hubschraubertypen verwendet werden, darunter Verteidigungs- und Rettungshubschrauber. Es verhindert die Bewegung der Hubschrauber auf dem Flugdeck unter dem Einfluss gro\u00dfer Wellen und starker Seitenwinde und erm\u00f6glicht dem Hubschrauber, sicher zu landen und zu starten, w\u00e4hrend er auf See unterwegs ist.    <\/p>\n\n<p>Heligrid wird von Cramm HLS hergestellt, dem Schwesterunternehmen von Cramm Yachting Systems, dem Weltmarktf\u00fchrer in der Konstruktion, Entwicklung und dem Bau von mechanischen Produkten und hydraulischen Anlagen f\u00fcr die Megayachtindustrie. Cramm HLS bietet eine nahtlose Kundenerfahrung, indem wir den gesamten Weg vom Entwurf \u00fcber die Produktion bis zur Installation und Inbetriebnahme realisieren.   <\/p>\n\n<div class=\"wp-block-group alignwide is-layout-constrained wp-block-group-is-layout-constrained\" id=\"explore-products\"><div class=\"wp-block-columns alignwide is-layout-flex wp-container-core-columns-is-layout-86ca6dc1 wp-block-columns-is-layout-flex\" style=\"margin-top:var(--wp--preset--spacing--40);margin-bottom:0px\">\n<div class=\"wp-block-column is-layout-flow wp-block-column-is-layout-flow\">\n<figure class=\"wp-block-image size-full is-style-mask-left\"><img loading=\"lazy\" decoding=\"async\" width=\"2560\" height=\"1708\" src=\"https:\/\/crammhls.com\/wp-content\/uploads\/2026\/02\/250426_HESY_6421-scaled.jpg\" alt=\"\" class=\"wp-image-561\" style=\"aspect-ratio:3\/2;object-fit:cover\" srcset=\"https:\/\/crammhls.com\/wp-content\/uploads\/2026\/02\/250426_HESY_6421-scaled.jpg 2560w, https:\/\/crammhls.com\/wp-content\/uploads\/2026\/02\/250426_HESY_6421-300x200.jpg 300w, https:\/\/crammhls.com\/wp-content\/uploads\/2026\/02\/250426_HESY_6421-1024x683.jpg 1024w, https:\/\/crammhls.com\/wp-content\/uploads\/2026\/02\/250426_HESY_6421-768x512.jpg 768w, https:\/\/crammhls.com\/wp-content\/uploads\/2026\/02\/250426_HESY_6421-1536x1025.jpg 1536w, https:\/\/crammhls.com\/wp-content\/uploads\/2026\/02\/250426_HESY_6421-2048x1366.jpg 2048w\" sizes=\"auto, (max-width: 2560px) 100vw, 2560px\" \/><\/figure>\n<\/div>\n\n\n\n<div class=\"wp-block-column is-layout-flow wp-block-column-is-layout-flow\">\n<figure class=\"wp-block-image size-large\"><img loading=\"lazy\" decoding=\"async\" width=\"683\" height=\"1024\" src=\"https:\/\/crammhls.com\/wp-content\/uploads\/2025\/10\/IMG_1561-683x1024.jpg\" alt=\"\" class=\"wp-image-176\" style=\"aspect-ratio:3\/2;object-fit:cover\" srcset=\"https:\/\/crammhls.com\/wp-content\/uploads\/2025\/10\/IMG_1561-683x1024.jpg 683w, https:\/\/crammhls.com\/wp-content\/uploads\/2025\/10\/IMG_1561-200x300.jpg 200w, https:\/\/crammhls.com\/wp-content\/uploads\/2025\/10\/IMG_1561-768x1152.jpg 768w, https:\/\/crammhls.com\/wp-content\/uploads\/2025\/10\/IMG_1561-1024x1536.jpg 1024w, https:\/\/crammhls.com\/wp-content\/uploads\/2025\/10\/IMG_1561-1365x2048.jpg 1365w, https:\/\/crammhls.com\/wp-content\/uploads\/2025\/10\/IMG_1561-scaled.jpg 1707w\" sizes=\"auto, (max-width: 683px) 100vw, 683px\" \/><\/figure>\n<\/div>\n\n\n\n<div class=\"wp-block-column is-layout-flow wp-block-column-is-layout-flow\">\n<figure class=\"wp-block-image size-large is-style-mask-right\"><img loading=\"lazy\" decoding=\"async\" width=\"1024\" height=\"683\" src=\"https:\/\/crammhls.com\/wp-content\/uploads\/2025\/10\/IMG_2130-1024x683.jpg\" alt=\"\" class=\"wp-image-122\" style=\"aspect-ratio:3\/2;object-fit:cover\" srcset=\"https:\/\/crammhls.com\/wp-content\/uploads\/2025\/10\/IMG_2130-1024x683.jpg 1024w, https:\/\/crammhls.com\/wp-content\/uploads\/2025\/10\/IMG_2130-300x200.jpg 300w, https:\/\/crammhls.com\/wp-content\/uploads\/2025\/10\/IMG_2130-768x512.jpg 768w, https:\/\/crammhls.com\/wp-content\/uploads\/2025\/10\/IMG_2130-1536x1024.jpg 1536w, https:\/\/crammhls.com\/wp-content\/uploads\/2025\/10\/IMG_2130-2048x1365.jpg 2048w\" sizes=\"auto, (max-width: 1024px) 100vw, 1024px\" \/><\/figure>\n<\/div>\n<\/div>\n\n\n<div class=\"wp-block-buttons is-content-justification-center is-layout-flex wp-container-core-buttons-is-layout-137b7b87 wp-block-buttons-is-layout-flex\" style=\"margin-top:-20px\">\n<div class=\"wp-block-button\"><a class=\"wp-block-button__link has-secondary-background-color has-background wp-element-button\" href=\"https:\/\/crammhls.com\/de\/produkte\/\">Entdecken Sie unsere Produkte<\/a><\/div>\n<\/div>\n<\/div>\n\n<div class=\"wp-block-group alignfull has-grey-light-background-color has-background is-layout-constrained wp-block-group-is-layout-constrained\" id=\"key-features\">\n<h2 class=\"wp-block-heading has-text-align-center\">Wesentliche Merkmale<\/h2>\n\n\n<div class=\"wp-block-columns is-layout-flex wp-container-core-columns-is-layout-0806ab5c wp-block-columns-is-layout-flex\" style=\"margin-top:var(--wp--preset--spacing--30);margin-bottom:var(--wp--preset--spacing--30)\">\n<div class=\"wp-block-column is-layout-flow wp-block-column-is-layout-flow\" style=\"flex-basis:33.34%\">\n<ul class=\"wp-block-list is-style-checkboxes\">\n<li>Maximale Sicherheit  <\/li>\n\n\n\n<li>Harpune System<\/li>\n<\/ul>\n<\/div>\n\n\n\n<div class=\"wp-block-column is-layout-flow wp-block-column-is-layout-flow\" style=\"flex-basis:33.34%\">\n<ul class=\"wp-block-list is-style-checkboxes\">\n<li>Leicht abhebbar<\/li>\n\n\n\n<li>Basierend auf Erfahrung  <\/li>\n<\/ul>\n<\/div>\n\n\n\n<div class=\"wp-block-column is-layout-flow wp-block-column-is-layout-flow\" style=\"flex-basis:33.33%\">\n<ul class=\"wp-block-list is-style-checkboxes\">\n<li>Basierend auf STANAG 1276  <\/li>\n\n\n\n<li>Qualit\u00e4t Konstruktion<\/li>\n<\/ul>\n<\/div>\n<\/div><\/div>\n\n<div class=\"wp-block-group alignfull has-light-background-color has-background is-layout-constrained wp-block-group-is-layout-constrained\">\n<h2 class=\"wp-block-heading has-text-align-center\">Ben\u00f6tigen Sie weitere Informationen?  <\/h2>\n\n\n\n<div class=\"wp-block-buttons is-content-justification-center is-layout-flex wp-container-core-buttons-is-layout-a89b3969 wp-block-buttons-is-layout-flex\">\n<div class=\"wp-block-button\"><a class=\"wp-block-button__link wp-element-button\" href=\"https:\/\/crammhls.com\/contact\/\">Kontaktieren Sie uns<\/a><\/div>\n\n\n\n<div class=\"wp-block-button\"><a class=\"wp-block-button__link wp-element-button\" href=\"https:\/\/acrobat.adobe.com\/id\/urn:aaid:sc:EU:e40c2270-d586-4ff9-8e5a-c2abb057cc41\">Brosch\u00fcre<\/a><\/div>\n<\/div>\n<\/div>\n\n<div style=\"height:16px\" aria-hidden=\"true\" class=\"wp-block-spacer\"><\/div>\n<div class=\"wp-block-cover alignfull has-custom-content-position is-position-center-left is-style-has-arrow-group is-style-default\"><div class=\"image-wrap\"><img loading=\"lazy\" decoding=\"async\" width=\"2560\" height=\"1707\" class=\"wp-block-cover__image-background wp-image-122 size-full\" alt=\"\" src=\"https:\/\/crammhls.com\/wp-content\/uploads\/2025\/10\/IMG_2130-scaled.jpg\" data-object-fit=\"cover\" srcset=\"https:\/\/crammhls.com\/wp-content\/uploads\/2025\/10\/IMG_2130-scaled.jpg 2560w, https:\/\/crammhls.com\/wp-content\/uploads\/2025\/10\/IMG_2130-300x200.jpg 300w, https:\/\/crammhls.com\/wp-content\/uploads\/2025\/10\/IMG_2130-1024x683.jpg 1024w, https:\/\/crammhls.com\/wp-content\/uploads\/2025\/10\/IMG_2130-768x512.jpg 768w, https:\/\/crammhls.com\/wp-content\/uploads\/2025\/10\/IMG_2130-1536x1024.jpg 1536w, https:\/\/crammhls.com\/wp-content\/uploads\/2025\/10\/IMG_2130-2048x1365.jpg 2048w\" sizes=\"auto, (max-width: 2560px) 100vw, 2560px\" \/><\/div><span aria-hidden=\"true\" class=\"wp-block-cover__background has-background-dim-0 has-background-dim\" style=\"background-color:#5b564e\"><\/span><div class=\"wp-block-cover__inner-container is-layout-constrained wp-block-cover-is-layout-constrained\">\n<div class=\"wp-block-group is-style-arrow-right is-layout-constrained wp-block-group-is-layout-constrained\">\n<div class=\"wp-block-group is-layout-constrained wp-container-core-group-is-layout-a099c240 wp-block-group-is-layout-constrained\">\n<p class=\"has-text-align-center has-medium-font-size\" style=\"font-style:normal;font-weight:100;text-transform:uppercase\"><mark style=\"background-color:rgba(0, 0, 0, 0)\" class=\"has-inline-color has-secondary-color\">Maximale Sicherheit<\/mark> Die Heligrid-Konstruktion basiert auf den zus\u00e4tzlichen Anforderungen der STANAG 1276.<\/p>\n<\/div>\n<\/div>\n<\/div><\/div>\n<div class=\"wp-block-group is-layout-constrained wp-block-group-is-layout-constrained\">\n<p><\/p>\n\n\n\n<h2 class=\"wp-block-heading\">Stanag 1276<\/h2>\n\n\n\n<p>Die Heligrid-Konstruktion basiert auf den erg\u00e4nzenden Anforderungen von STANAG 1276. Neben der STANAG 1276 entspricht die gesamte Konstruktion den spezifischen Anforderungen und Bed\u00fcrfnissen des Marktes. Durch st\u00e4ndige Verbesserungen sind wir in der Lage, jeden Tag die h\u00f6chsten Standards zu erf\u00fcllen.    <\/p>\n\n\n\n<div class=\"wp-block-group is-layout-constrained wp-block-group-is-layout-constrained\">\n<p>Das Design des Heligrid-Landungsgitters entspricht den NATO-Standards gem\u00e4\u00df STANAG 1276. Ziel der STANAG 1276-Vereinbarung ist es, die Sicherheit des Zusammenwirkens von NATO-Hubschraubern und Schiffen, die den Harpunen-\/Gittertyp des Schnellsicherungssystems verwenden, zu erh\u00f6hen und die unn\u00f6tige Entwicklung zuk\u00fcnftiger Systeme zu verhindern, die nicht mit den bestehenden Schnellsicherungssystemen interoperabel w\u00e4ren.   <\/p>\n\n\n\n<h2 class=\"wp-block-heading\">Qualit\u00e4t Basierend auf Erfahrung<\/h2>\n\n\n\n<p>Cramm HLS ist der kompetente Ansprechpartner f\u00fcr alle Fragen rund um den sicheren und vorschriftsm\u00e4\u00dfigen Betrieb von Hubschrauberlandepl\u00e4tzen &#8211; zu Lande, zu Wasser und auf dem Wasser. Wir setzen unser ganzes Fachwissen, unser Know-how und unsere hochwertigen Materialien ein, um die Anforderungen unserer Kunden in vollem Umfang und zur vollsten Zufriedenheit zu erf\u00fcllen. Unsere motivierten Mitarbeiter und unser hochqualifiziertes technisches Personal spielen eine Schl\u00fcsselrolle bei der Bereitstellung der hervorragenden Produkte und des optimalen Service, f\u00fcr die Cramm HLS bekannt ist.    <\/p>\n<\/div>\n<\/div>\n\n<p>Cramm HLS ist Teil der SMI Groep, einem Netzwerk von spezialisierten Unternehmen, die in verschiedenen Sektoren t\u00e4tig sind. Cramm HLS ist eng mit Cramm Yachting Systems verbunden und kann auf jahrzehntelange Erfahrung im Bereich der Technik zur\u00fcckgreifen, um fortschrittliche Anlandungsl\u00f6sungen zu liefern. Gemeinsam kombinieren die Unternehmen Innovation und Handwerkskunst, um sichere, zuverl\u00e4ssige und vollst\u00e4ndig integrierte Systeme f\u00fcr Schiffe und Offshore-Plattformen anzubieten.    <\/p>\n\n<div class=\"wp-block-buttons is-layout-flex wp-block-buttons-is-layout-flex\">\n<div class=\"wp-block-button\"><a class=\"wp-block-button__link wp-element-button\" href=\"https:\/\/www.smi.nl\">Entdecken Sie die SMI Groep<\/a><\/div>\n\n\n\n<div class=\"wp-block-button\"><a class=\"wp-block-button__link wp-element-button\" href=\"https:\/\/cramm-yachting-systems.com\">Cramm entdecken<\/a><\/div>\n<\/div>\n\n<h2 class=\"wp-block-heading has-text-align-center\">Unsere Projekte<\/h2>\n<div style=\"margin-top:var(--wp--preset--spacing--20);margin-bottom:var(--wp--preset--spacing--20);\" class=\"alignwide wp-block-acf-project-overview\">\r\n        <div class=\"grid is-layout-grid\">\r\n            <div style=\"aspect-ratio:1;min-height:unset;\" class=\"wp-block-cover has-custom-content-position is-position-bottom-center is-style-product has-aspect-ratio\">\r\n            <a href=\"https:\/\/crammhls.com\/de\/project\/heligrid-mit-reduzierter-hoehe\/\">\r\n                <img loading=\"lazy\" decoding=\"async\" width=\"1024\" height=\"683\" src=\"https:\/\/crammhls.com\/wp-content\/uploads\/2025\/12\/ChatGPT-Image-Dec-1-2025-04_44_34-PM-1024x683.png\" class=\"wp-block-cover__image-background\" alt=\"\" srcset=\"https:\/\/crammhls.com\/wp-content\/uploads\/2025\/12\/ChatGPT-Image-Dec-1-2025-04_44_34-PM-1024x683.png 1024w, https:\/\/crammhls.com\/wp-content\/uploads\/2025\/12\/ChatGPT-Image-Dec-1-2025-04_44_34-PM-300x200.png 300w, https:\/\/crammhls.com\/wp-content\/uploads\/2025\/12\/ChatGPT-Image-Dec-1-2025-04_44_34-PM-768x512.png 768w, https:\/\/crammhls.com\/wp-content\/uploads\/2025\/12\/ChatGPT-Image-Dec-1-2025-04_44_34-PM.png 1536w\" sizes=\"auto, (max-width: 1024px) 100vw, 1024px\" \/>                <span aria-hidden=\"true\" class=\"wp-block-cover__background has-background-dim-100 has-background-dim wp-block-cover__gradient-background has-background-gradient has-gradient-50-down-gradient-background\"><\/span>\r\n                <div class=\"wp-block-cover__inner-container\">\r\n                    <h5 class=\"wp-block-heading has-text-align-center\" style=\"margin-top:10px\">HeliGrid mit reduzierter H\u00f6he<\/h5>\r\n                <\/div>\r\n            <\/a>\r\n        <\/div>\r\n            <div style=\"aspect-ratio:1;min-height:unset;\" class=\"wp-block-cover has-custom-content-position is-position-bottom-center is-style-product has-aspect-ratio\">\r\n            <a href=\"https:\/\/crammhls.com\/de\/project\/heligrid-fuer-drohnentests-im-deckmotion-simulator-von-airbus\/\">\r\n                <img loading=\"lazy\" decoding=\"async\" width=\"1024\" height=\"687\" src=\"https:\/\/crammhls.com\/wp-content\/uploads\/2025\/11\/Airbus_Deckfinder-1024x687.png\" class=\"wp-block-cover__image-background\" alt=\"\" srcset=\"https:\/\/crammhls.com\/wp-content\/uploads\/2025\/11\/Airbus_Deckfinder-1024x687.png 1024w, https:\/\/crammhls.com\/wp-content\/uploads\/2025\/11\/Airbus_Deckfinder-300x201.png 300w, https:\/\/crammhls.com\/wp-content\/uploads\/2025\/11\/Airbus_Deckfinder-768x515.png 768w, https:\/\/crammhls.com\/wp-content\/uploads\/2025\/11\/Airbus_Deckfinder-1536x1030.png 1536w, https:\/\/crammhls.com\/wp-content\/uploads\/2025\/11\/Airbus_Deckfinder.png 1920w\" sizes=\"auto, (max-width: 1024px) 100vw, 1024px\" \/>                <span aria-hidden=\"true\" class=\"wp-block-cover__background has-background-dim-100 has-background-dim wp-block-cover__gradient-background has-background-gradient has-gradient-50-down-gradient-background\"><\/span>\r\n                <div class=\"wp-block-cover__inner-container\">\r\n                    <h5 class=\"wp-block-heading has-text-align-center\" style=\"margin-top:10px\">Heligrid f\u00fcr Drohnentests im Deckmotion-Simulator von Airbus<\/h5>\r\n                <\/div>\r\n            <\/a>\r\n        <\/div>\r\n        <\/div>\r\n    <\/div>","protected":false},"excerpt":{"rendered":"<p>\u00dcber Heligrid die perfekte Landung The Cramm HLS Heligrid is an anchoring system for helicopters that enables pilots to land safely in all conditions. Das System erf\u00fcllt die strengsten NATO-Anforderungen und kann f\u00fcr verschiedene Hubschraubertypen verwendet werden, darunter Verteidigungs- und Rettungshubschrauber. Es verhindert die Bewegung der Hubschrauber auf dem Flugdeck unter dem Einfluss gro\u00dfer Wellen [&hellip;]<\/p>\n","protected":false},"author":1,"featured_media":0,"parent":0,"menu_order":0,"comment_status":"closed","ping_status":"open","template":"","meta":{"_acf_changed":false,"inline_featured_image":false,"footnotes":""},"class_list":["post-956","page","type-page","status-publish","hentry"],"acf":[],"yoast_head":"<!-- This site is optimized with the Yoast SEO plugin v27.1.1 - https:\/\/yoast.com\/product\/yoast-seo-wordpress\/ -->\n<title>Startseite - Cramm HLS<\/title>\n<meta name=\"robots\" content=\"index, follow, max-snippet:-1, max-image-preview:large, max-video-preview:-1\" \/>\n<link rel=\"canonical\" href=\"https:\/\/crammhls.com\/de\/startseite\/\" \/>\n<meta property=\"og:locale\" content=\"en_US\" \/>\n<meta property=\"og:type\" content=\"article\" \/>\n<meta property=\"og:title\" content=\"Startseite - Cramm HLS\" \/>\n<meta property=\"og:description\" content=\"\u00dcber Heligrid die perfekte Landung The Cramm HLS Heligrid is an anchoring system for helicopters that enables pilots to land safely in all conditions. Das System erf\u00fcllt die strengsten NATO-Anforderungen und kann f\u00fcr verschiedene Hubschraubertypen verwendet werden, darunter Verteidigungs- und Rettungshubschrauber. Es verhindert die Bewegung der Hubschrauber auf dem Flugdeck unter dem Einfluss gro\u00dfer Wellen [&hellip;]\" \/>\n<meta property=\"og:url\" content=\"https:\/\/crammhls.com\/de\/startseite\/\" \/>\n<meta property=\"og:site_name\" content=\"Cramm HLS\" \/>\n<meta property=\"article:publisher\" content=\"https:\/\/www.facebook.com\/Cramm-HLS-208116189357468\/\" \/>\n<meta property=\"article:modified_time\" content=\"2026-02-26T12:10:26+00:00\" \/>\n<meta property=\"og:image\" content=\"https:\/\/crammhls.com\/wp-content\/uploads\/2026\/02\/250426_HESY_6421-scaled.jpg\" \/>\n\t<meta property=\"og:image:width\" content=\"2560\" \/>\n\t<meta property=\"og:image:height\" content=\"1708\" \/>\n\t<meta property=\"og:image:type\" content=\"image\/jpeg\" \/>\n<meta name=\"twitter:card\" content=\"summary_large_image\" \/>\n<meta name=\"twitter:site\" content=\"@crammhls\" \/>\n<meta name=\"twitter:label1\" content=\"Est. reading time\" \/>\n\t<meta name=\"twitter:data1\" content=\"2 minutes\" \/>\n<script type=\"application\/ld+json\" class=\"yoast-schema-graph\">{\"@context\":\"https:\/\/schema.org\",\"@graph\":[{\"@type\":\"WebPage\",\"@id\":\"https:\/\/crammhls.com\/de\/startseite\/\",\"url\":\"https:\/\/crammhls.com\/de\/startseite\/\",\"name\":\"Startseite - Cramm HLS\",\"isPartOf\":{\"@id\":\"https:\/\/crammhls.com\/#website\"},\"primaryImageOfPage\":{\"@id\":\"https:\/\/crammhls.com\/de\/startseite\/#primaryimage\"},\"image\":{\"@id\":\"https:\/\/crammhls.com\/de\/startseite\/#primaryimage\"},\"thumbnailUrl\":\"https:\/\/crammhls.com\/wp-content\/uploads\/2026\/02\/250426_HESY_6421-scaled.jpg\",\"datePublished\":\"2025-10-28T14:41:09+00:00\",\"dateModified\":\"2026-02-26T12:10:26+00:00\",\"breadcrumb\":{\"@id\":\"https:\/\/crammhls.com\/de\/startseite\/#breadcrumb\"},\"inLanguage\":\"en-US\",\"potentialAction\":[{\"@type\":\"ReadAction\",\"target\":[\"https:\/\/crammhls.com\/de\/startseite\/\"]}]},{\"@type\":\"ImageObject\",\"inLanguage\":\"en-US\",\"@id\":\"https:\/\/crammhls.com\/de\/startseite\/#primaryimage\",\"url\":\"https:\/\/crammhls.com\/wp-content\/uploads\/2026\/02\/250426_HESY_6421-scaled.jpg\",\"contentUrl\":\"https:\/\/crammhls.com\/wp-content\/uploads\/2026\/02\/250426_HESY_6421-scaled.jpg\"},{\"@type\":\"BreadcrumbList\",\"@id\":\"https:\/\/crammhls.com\/de\/startseite\/#breadcrumb\",\"itemListElement\":[{\"@type\":\"ListItem\",\"position\":1,\"name\":\"Home\",\"item\":\"https:\/\/crammhls.com\/de\/startseite\/\"},{\"@type\":\"ListItem\",\"position\":2,\"name\":\"Startseite\"}]},{\"@type\":\"WebSite\",\"@id\":\"https:\/\/crammhls.com\/#website\",\"url\":\"https:\/\/crammhls.com\/\",\"name\":\"Cramm HLS\",\"description\":\"Quality based on Experience \",\"publisher\":{\"@id\":\"https:\/\/crammhls.com\/#organization\"},\"potentialAction\":[{\"@type\":\"SearchAction\",\"target\":{\"@type\":\"EntryPoint\",\"urlTemplate\":\"https:\/\/crammhls.com\/?s={search_term_string}\"},\"query-input\":{\"@type\":\"PropertyValueSpecification\",\"valueRequired\":true,\"valueName\":\"search_term_string\"}}],\"inLanguage\":\"en-US\"},{\"@type\":\"Organization\",\"@id\":\"https:\/\/crammhls.com\/#organization\",\"name\":\"Cramm HLS\",\"url\":\"https:\/\/crammhls.com\/\",\"logo\":{\"@type\":\"ImageObject\",\"inLanguage\":\"en-US\",\"@id\":\"https:\/\/crammhls.com\/#\/schema\/logo\/image\/\",\"url\":\"https:\/\/crammhls.com\/wp-content\/uploads\/2025\/10\/logo.svg\",\"contentUrl\":\"https:\/\/crammhls.com\/wp-content\/uploads\/2025\/10\/logo.svg\",\"width\":307,\"height\":70,\"caption\":\"Cramm HLS\"},\"image\":{\"@id\":\"https:\/\/crammhls.com\/#\/schema\/logo\/image\/\"},\"sameAs\":[\"https:\/\/www.facebook.com\/Cramm-HLS-208116189357468\/\",\"https:\/\/x.com\/crammhls\",\"https:\/\/www.linkedin.com\/company\/cramm-hls\",\"https:\/\/www.youtube.com\/channel\/UCABAFhJ13ryYECnfCaKlK8w\"]}]}<\/script>\n<!-- \/ Yoast SEO plugin. -->","yoast_head_json":{"title":"Startseite - Cramm HLS","robots":{"index":"index","follow":"follow","max-snippet":"max-snippet:-1","max-image-preview":"max-image-preview:large","max-video-preview":"max-video-preview:-1"},"canonical":"https:\/\/crammhls.com\/de\/startseite\/","og_locale":"en_US","og_type":"article","og_title":"Startseite - Cramm HLS","og_description":"\u00dcber Heligrid die perfekte Landung The Cramm HLS Heligrid is an anchoring system for helicopters that enables pilots to land safely in all conditions. Das System erf\u00fcllt die strengsten NATO-Anforderungen und kann f\u00fcr verschiedene Hubschraubertypen verwendet werden, darunter Verteidigungs- und Rettungshubschrauber. Es verhindert die Bewegung der Hubschrauber auf dem Flugdeck unter dem Einfluss gro\u00dfer Wellen [&hellip;]","og_url":"https:\/\/crammhls.com\/de\/startseite\/","og_site_name":"Cramm HLS","article_publisher":"https:\/\/www.facebook.com\/Cramm-HLS-208116189357468\/","article_modified_time":"2026-02-26T12:10:26+00:00","og_image":[{"width":2560,"height":1708,"url":"https:\/\/crammhls.com\/wp-content\/uploads\/2026\/02\/250426_HESY_6421-scaled.jpg","type":"image\/jpeg"}],"twitter_card":"summary_large_image","twitter_site":"@crammhls","twitter_misc":{"Est. reading time":"2 minutes"},"schema":{"@context":"https:\/\/schema.org","@graph":[{"@type":"WebPage","@id":"https:\/\/crammhls.com\/de\/startseite\/","url":"https:\/\/crammhls.com\/de\/startseite\/","name":"Startseite - Cramm HLS","isPartOf":{"@id":"https:\/\/crammhls.com\/#website"},"primaryImageOfPage":{"@id":"https:\/\/crammhls.com\/de\/startseite\/#primaryimage"},"image":{"@id":"https:\/\/crammhls.com\/de\/startseite\/#primaryimage"},"thumbnailUrl":"https:\/\/crammhls.com\/wp-content\/uploads\/2026\/02\/250426_HESY_6421-scaled.jpg","datePublished":"2025-10-28T14:41:09+00:00","dateModified":"2026-02-26T12:10:26+00:00","breadcrumb":{"@id":"https:\/\/crammhls.com\/de\/startseite\/#breadcrumb"},"inLanguage":"en-US","potentialAction":[{"@type":"ReadAction","target":["https:\/\/crammhls.com\/de\/startseite\/"]}]},{"@type":"ImageObject","inLanguage":"en-US","@id":"https:\/\/crammhls.com\/de\/startseite\/#primaryimage","url":"https:\/\/crammhls.com\/wp-content\/uploads\/2026\/02\/250426_HESY_6421-scaled.jpg","contentUrl":"https:\/\/crammhls.com\/wp-content\/uploads\/2026\/02\/250426_HESY_6421-scaled.jpg"},{"@type":"BreadcrumbList","@id":"https:\/\/crammhls.com\/de\/startseite\/#breadcrumb","itemListElement":[{"@type":"ListItem","position":1,"name":"Home","item":"https:\/\/crammhls.com\/de\/startseite\/"},{"@type":"ListItem","position":2,"name":"Startseite"}]},{"@type":"WebSite","@id":"https:\/\/crammhls.com\/#website","url":"https:\/\/crammhls.com\/","name":"Cramm HLS","description":"Quality based on Experience ","publisher":{"@id":"https:\/\/crammhls.com\/#organization"},"potentialAction":[{"@type":"SearchAction","target":{"@type":"EntryPoint","urlTemplate":"https:\/\/crammhls.com\/?s={search_term_string}"},"query-input":{"@type":"PropertyValueSpecification","valueRequired":true,"valueName":"search_term_string"}}],"inLanguage":"en-US"},{"@type":"Organization","@id":"https:\/\/crammhls.com\/#organization","name":"Cramm HLS","url":"https:\/\/crammhls.com\/","logo":{"@type":"ImageObject","inLanguage":"en-US","@id":"https:\/\/crammhls.com\/#\/schema\/logo\/image\/","url":"https:\/\/crammhls.com\/wp-content\/uploads\/2025\/10\/logo.svg","contentUrl":"https:\/\/crammhls.com\/wp-content\/uploads\/2025\/10\/logo.svg","width":307,"height":70,"caption":"Cramm HLS"},"image":{"@id":"https:\/\/crammhls.com\/#\/schema\/logo\/image\/"},"sameAs":["https:\/\/www.facebook.com\/Cramm-HLS-208116189357468\/","https:\/\/x.com\/crammhls","https:\/\/www.linkedin.com\/company\/cramm-hls","https:\/\/www.youtube.com\/channel\/UCABAFhJ13ryYECnfCaKlK8w"]}]}},"_links":{"self":[{"href":"https:\/\/crammhls.com\/de\/wp-json\/wp\/v2\/pages\/956","targetHints":{"allow":["GET"]}}],"collection":[{"href":"https:\/\/crammhls.com\/de\/wp-json\/wp\/v2\/pages"}],"about":[{"href":"https:\/\/crammhls.com\/de\/wp-json\/wp\/v2\/types\/page"}],"author":[{"embeddable":true,"href":"https:\/\/crammhls.com\/de\/wp-json\/wp\/v2\/users\/1"}],"replies":[{"embeddable":true,"href":"https:\/\/crammhls.com\/de\/wp-json\/wp\/v2\/comments?post=956"}],"version-history":[{"count":1,"href":"https:\/\/crammhls.com\/de\/wp-json\/wp\/v2\/pages\/956\/revisions"}],"predecessor-version":[{"id":957,"href":"https:\/\/crammhls.com\/de\/wp-json\/wp\/v2\/pages\/956\/revisions\/957"}],"wp:attachment":[{"href":"https:\/\/crammhls.com\/de\/wp-json\/wp\/v2\/media?parent=956"}],"curies":[{"name":"wp","href":"https:\/\/api.w.org\/{rel}","templated":true}]}}