{"id":964,"date":"2026-02-18T10:20:47","date_gmt":"2026-02-18T10:20:47","guid":{"rendered":"https:\/\/crammhls.com\/haftungsausschluss\/"},"modified":"2026-02-26T14:20:03","modified_gmt":"2026-02-26T14:20:03","slug":"haftungsausschluss","status":"publish","type":"page","link":"https:\/\/crammhls.com\/de\/haftungsausschluss\/","title":{"rendered":"Haftungsausschluss"},"content":{"rendered":"\n<h2 class=\"wp-block-heading\">Haftungsausschluss  <\/h2>\n\n<p>Jegliche Haftung f\u00fcr Sch\u00e4den, die sich aus dem Zugriff auf diese Website und deren Nutzung ergeben k\u00f6nnten, wird von Cramm HLS B.V. ausdr\u00fccklich abgelehnt. Es wird keine Garantie f\u00fcr das fehlerfreie und ununterbrochene Funktionieren der Website gegeben.   <\/p>\n\n<p>Es wird weder ausdr\u00fccklich noch stillschweigend eine Garantie oder Erkl\u00e4rung hinsichtlich der Richtigkeit oder Vollst\u00e4ndigkeit der auf der Website ver\u00f6ffentlichten Informationen oder der Informationen, zu denen die Website Zugang bietet, abgegeben.<\/p>\n\n<p>Cramm HLS B.V. \u00fcbernimmt keinerlei Verantwortung f\u00fcr die Informationen und\/oder Empfehlungen, die auf dieser Website ver\u00f6ffentlicht werden oder zu denen \u00fcber die Website Zugang gew\u00e4hrt wird. \u00c4nderungen an diesen Informationen und Empfehlungen k\u00f6nnen ohne vorherige Ank\u00fcndigung vorgenommen werden. <\/p>\n\n<p>Alle auf der Website angezeigten Daten sind durch das Urheberrecht, das Markenrecht und\/oder eine andere Form des geistigen Eigentumsrechts gesch\u00fctzt. Diese Eigentumsrechte oder geistigen Eigentumsrechte sind in keiner Weise auf Personen oder juristische Personen \u00fcbertragbar, die Zugang zur Website haben. <\/p>\n\n<p>Dem Nutzer dieser Website ist es nicht gestattet, die Informationen auf der Website ohne die ausdr\u00fcckliche schriftliche Genehmigung von Cramm HLS B.V. zu vervielf\u00e4ltigen, zu ver\u00e4ndern, zu entfernen, weiterzugeben, zu vertreiben, zu verbreiten oder Dritten gegen Entgelt zug\u00e4nglich zu machen.<\/p>\n\n<p>Verweise oder Hyperlinks zu anderen Websites, die nicht Eigentum von Cramm HLS B.V. sind, werden nur zur Information des Nutzers der Website aufgenommen. Cramm HLS B.V. gibt keinerlei Garantie und \u00fcbernimmt keine Haftung f\u00fcr den Inhalt dieser Websites. <\/p>\n\n<p><\/p>\n","protected":false},"excerpt":{"rendered":"<p>Haftungsausschluss Jegliche Haftung f\u00fcr Sch\u00e4den, die sich aus dem Zugriff auf diese Website und deren Nutzung ergeben k\u00f6nnten, wird von Cramm HLS B.V. ausdr\u00fccklich abgelehnt. Es wird keine Garantie f\u00fcr das fehlerfreie und ununterbrochene Funktionieren der Website gegeben. Es wird weder ausdr\u00fccklich noch stillschweigend eine Garantie oder Erkl\u00e4rung hinsichtlich der Richtigkeit oder Vollst\u00e4ndigkeit der auf [&hellip;]<\/p>\n","protected":false},"author":2,"featured_media":0,"parent":0,"menu_order":0,"comment_status":"closed","ping_status":"closed","template":"","meta":{"_acf_changed":false,"inline_featured_image":false,"footnotes":""},"class_list":["post-964","page","type-page","status-publish","hentry"],"acf":[],"yoast_head":"<!-- This site is optimized with the Yoast SEO plugin v27.1.1 - https:\/\/yoast.com\/product\/yoast-seo-wordpress\/ -->\n<title>Haftungsausschluss - Cramm HLS<\/title>\n<meta name=\"robots\" content=\"index, follow, max-snippet:-1, max-image-preview:large, max-video-preview:-1\" \/>\n<link rel=\"canonical\" href=\"https:\/\/crammhls.com\/de\/haftungsausschluss\/\" \/>\n<meta property=\"og:locale\" content=\"en_US\" \/>\n<meta property=\"og:type\" content=\"article\" \/>\n<meta property=\"og:title\" content=\"Haftungsausschluss - Cramm HLS\" \/>\n<meta property=\"og:description\" content=\"Haftungsausschluss Jegliche Haftung f\u00fcr Sch\u00e4den, die sich aus dem Zugriff auf diese Website und deren Nutzung ergeben k\u00f6nnten, wird von Cramm HLS B.V. ausdr\u00fccklich abgelehnt. Es wird keine Garantie f\u00fcr das fehlerfreie und ununterbrochene Funktionieren der Website gegeben. Es wird weder ausdr\u00fccklich noch stillschweigend eine Garantie oder Erkl\u00e4rung hinsichtlich der Richtigkeit oder Vollst\u00e4ndigkeit der auf [&hellip;]\" \/>\n<meta property=\"og:url\" content=\"https:\/\/crammhls.com\/de\/haftungsausschluss\/\" \/>\n<meta property=\"og:site_name\" content=\"Cramm HLS\" \/>\n<meta property=\"article:publisher\" content=\"https:\/\/www.facebook.com\/Cramm-HLS-208116189357468\/\" \/>\n<meta property=\"article:modified_time\" content=\"2026-02-26T14:20:03+00:00\" \/>\n<meta name=\"twitter:card\" content=\"summary_large_image\" \/>\n<meta name=\"twitter:site\" content=\"@crammhls\" \/>\n<meta name=\"twitter:label1\" content=\"Est. reading time\" \/>\n\t<meta name=\"twitter:data1\" content=\"1 minute\" \/>\n<script type=\"application\/ld+json\" class=\"yoast-schema-graph\">{\"@context\":\"https:\/\/schema.org\",\"@graph\":[{\"@type\":\"WebPage\",\"@id\":\"https:\/\/crammhls.com\/de\/haftungsausschluss\/\",\"url\":\"https:\/\/crammhls.com\/de\/haftungsausschluss\/\",\"name\":\"Haftungsausschluss - Cramm HLS\",\"isPartOf\":{\"@id\":\"https:\/\/crammhls.com\/#website\"},\"datePublished\":\"2026-02-18T10:20:47+00:00\",\"dateModified\":\"2026-02-26T14:20:03+00:00\",\"breadcrumb\":{\"@id\":\"https:\/\/crammhls.com\/de\/haftungsausschluss\/#breadcrumb\"},\"inLanguage\":\"en-US\",\"potentialAction\":[{\"@type\":\"ReadAction\",\"target\":[\"https:\/\/crammhls.com\/de\/haftungsausschluss\/\"]}]},{\"@type\":\"BreadcrumbList\",\"@id\":\"https:\/\/crammhls.com\/de\/haftungsausschluss\/#breadcrumb\",\"itemListElement\":[{\"@type\":\"ListItem\",\"position\":1,\"name\":\"Home\",\"item\":\"https:\/\/crammhls.com\/de\/startseite\/\"},{\"@type\":\"ListItem\",\"position\":2,\"name\":\"Haftungsausschluss\"}]},{\"@type\":\"WebSite\",\"@id\":\"https:\/\/crammhls.com\/#website\",\"url\":\"https:\/\/crammhls.com\/\",\"name\":\"Cramm HLS\",\"description\":\"Quality based on Experience \",\"publisher\":{\"@id\":\"https:\/\/crammhls.com\/#organization\"},\"potentialAction\":[{\"@type\":\"SearchAction\",\"target\":{\"@type\":\"EntryPoint\",\"urlTemplate\":\"https:\/\/crammhls.com\/?s={search_term_string}\"},\"query-input\":{\"@type\":\"PropertyValueSpecification\",\"valueRequired\":true,\"valueName\":\"search_term_string\"}}],\"inLanguage\":\"en-US\"},{\"@type\":\"Organization\",\"@id\":\"https:\/\/crammhls.com\/#organization\",\"name\":\"Cramm HLS\",\"url\":\"https:\/\/crammhls.com\/\",\"logo\":{\"@type\":\"ImageObject\",\"inLanguage\":\"en-US\",\"@id\":\"https:\/\/crammhls.com\/#\/schema\/logo\/image\/\",\"url\":\"https:\/\/crammhls.com\/wp-content\/uploads\/2025\/10\/logo.svg\",\"contentUrl\":\"https:\/\/crammhls.com\/wp-content\/uploads\/2025\/10\/logo.svg\",\"width\":307,\"height\":70,\"caption\":\"Cramm HLS\"},\"image\":{\"@id\":\"https:\/\/crammhls.com\/#\/schema\/logo\/image\/\"},\"sameAs\":[\"https:\/\/www.facebook.com\/Cramm-HLS-208116189357468\/\",\"https:\/\/x.com\/crammhls\",\"https:\/\/www.linkedin.com\/company\/cramm-hls\",\"https:\/\/www.youtube.com\/channel\/UCABAFhJ13ryYECnfCaKlK8w\"]}]}<\/script>\n<!-- \/ Yoast SEO plugin. -->","yoast_head_json":{"title":"Haftungsausschluss - Cramm HLS","robots":{"index":"index","follow":"follow","max-snippet":"max-snippet:-1","max-image-preview":"max-image-preview:large","max-video-preview":"max-video-preview:-1"},"canonical":"https:\/\/crammhls.com\/de\/haftungsausschluss\/","og_locale":"en_US","og_type":"article","og_title":"Haftungsausschluss - Cramm HLS","og_description":"Haftungsausschluss Jegliche Haftung f\u00fcr Sch\u00e4den, die sich aus dem Zugriff auf diese Website und deren Nutzung ergeben k\u00f6nnten, wird von Cramm HLS B.V. ausdr\u00fccklich abgelehnt. Es wird keine Garantie f\u00fcr das fehlerfreie und ununterbrochene Funktionieren der Website gegeben. Es wird weder ausdr\u00fccklich noch stillschweigend eine Garantie oder Erkl\u00e4rung hinsichtlich der Richtigkeit oder Vollst\u00e4ndigkeit der auf [&hellip;]","og_url":"https:\/\/crammhls.com\/de\/haftungsausschluss\/","og_site_name":"Cramm HLS","article_publisher":"https:\/\/www.facebook.com\/Cramm-HLS-208116189357468\/","article_modified_time":"2026-02-26T14:20:03+00:00","twitter_card":"summary_large_image","twitter_site":"@crammhls","twitter_misc":{"Est. reading time":"1 minute"},"schema":{"@context":"https:\/\/schema.org","@graph":[{"@type":"WebPage","@id":"https:\/\/crammhls.com\/de\/haftungsausschluss\/","url":"https:\/\/crammhls.com\/de\/haftungsausschluss\/","name":"Haftungsausschluss - Cramm HLS","isPartOf":{"@id":"https:\/\/crammhls.com\/#website"},"datePublished":"2026-02-18T10:20:47+00:00","dateModified":"2026-02-26T14:20:03+00:00","breadcrumb":{"@id":"https:\/\/crammhls.com\/de\/haftungsausschluss\/#breadcrumb"},"inLanguage":"en-US","potentialAction":[{"@type":"ReadAction","target":["https:\/\/crammhls.com\/de\/haftungsausschluss\/"]}]},{"@type":"BreadcrumbList","@id":"https:\/\/crammhls.com\/de\/haftungsausschluss\/#breadcrumb","itemListElement":[{"@type":"ListItem","position":1,"name":"Home","item":"https:\/\/crammhls.com\/de\/startseite\/"},{"@type":"ListItem","position":2,"name":"Haftungsausschluss"}]},{"@type":"WebSite","@id":"https:\/\/crammhls.com\/#website","url":"https:\/\/crammhls.com\/","name":"Cramm HLS","description":"Quality based on Experience ","publisher":{"@id":"https:\/\/crammhls.com\/#organization"},"potentialAction":[{"@type":"SearchAction","target":{"@type":"EntryPoint","urlTemplate":"https:\/\/crammhls.com\/?s={search_term_string}"},"query-input":{"@type":"PropertyValueSpecification","valueRequired":true,"valueName":"search_term_string"}}],"inLanguage":"en-US"},{"@type":"Organization","@id":"https:\/\/crammhls.com\/#organization","name":"Cramm HLS","url":"https:\/\/crammhls.com\/","logo":{"@type":"ImageObject","inLanguage":"en-US","@id":"https:\/\/crammhls.com\/#\/schema\/logo\/image\/","url":"https:\/\/crammhls.com\/wp-content\/uploads\/2025\/10\/logo.svg","contentUrl":"https:\/\/crammhls.com\/wp-content\/uploads\/2025\/10\/logo.svg","width":307,"height":70,"caption":"Cramm HLS"},"image":{"@id":"https:\/\/crammhls.com\/#\/schema\/logo\/image\/"},"sameAs":["https:\/\/www.facebook.com\/Cramm-HLS-208116189357468\/","https:\/\/x.com\/crammhls","https:\/\/www.linkedin.com\/company\/cramm-hls","https:\/\/www.youtube.com\/channel\/UCABAFhJ13ryYECnfCaKlK8w"]}]}},"_links":{"self":[{"href":"https:\/\/crammhls.com\/de\/wp-json\/wp\/v2\/pages\/964","targetHints":{"allow":["GET"]}}],"collection":[{"href":"https:\/\/crammhls.com\/de\/wp-json\/wp\/v2\/pages"}],"about":[{"href":"https:\/\/crammhls.com\/de\/wp-json\/wp\/v2\/types\/page"}],"author":[{"embeddable":true,"href":"https:\/\/crammhls.com\/de\/wp-json\/wp\/v2\/users\/2"}],"replies":[{"embeddable":true,"href":"https:\/\/crammhls.com\/de\/wp-json\/wp\/v2\/comments?post=964"}],"version-history":[{"count":1,"href":"https:\/\/crammhls.com\/de\/wp-json\/wp\/v2\/pages\/964\/revisions"}],"predecessor-version":[{"id":965,"href":"https:\/\/crammhls.com\/de\/wp-json\/wp\/v2\/pages\/964\/revisions\/965"}],"wp:attachment":[{"href":"https:\/\/crammhls.com\/de\/wp-json\/wp\/v2\/media?parent=964"}],"curies":[{"name":"wp","href":"https:\/\/api.w.org\/{rel}","templated":true}]}}