{"id":972,"date":"2025-10-28T14:41:09","date_gmt":"2025-10-28T14:41:09","guid":{"rendered":"https:\/\/crammhls.com\/erklaerung-zum-datenschutz\/"},"modified":"2026-02-26T14:22:45","modified_gmt":"2026-02-26T14:22:45","slug":"erklaerung-zum-datenschutz","status":"publish","type":"page","link":"https:\/\/crammhls.com\/de\/erklaerung-zum-datenschutz\/","title":{"rendered":"Erkl\u00e4rung zum Datenschutz"},"content":{"rendered":"\n<h2 class=\"wp-block-heading\">Erkl\u00e4rung zum Datenschutz  <\/h2>\n\n<p>Die SMI Groep ist verantwortlich f\u00fcr die Verarbeitung personenbezogener Daten, wie in dieser Datenschutzerkl\u00e4rung dargestellt.<\/p>\n\n<h2 class=\"wp-block-heading\">Verarbeitung von pers\u00f6nlichen Daten<\/h2>\n\n<p>Die SMI Groep verarbeitet Ihre personenbezogenen Daten, wenn Sie unsere Dienste nutzen und\/oder wenn Sie uns diese Informationen zur Verf\u00fcgung stellen. Nachstehend finden Sie eine \u00dcbersicht \u00fcber die personenbezogenen Daten, die wir verarbeiten: <\/p>\n\n<ul class=\"wp-block-list\">\n<li>Vor- und Nachname<\/li>\n\n\n\n<li>Sex<\/li>\n\n\n\n<li>Adresse Details<\/li>\n\n\n\n<li>Rufnummer  <\/li>\n\n\n\n<li>E-Mail Adresse<\/li>\n\n\n\n<li>IP-Adresse<\/li>\n\n\n\n<li>Bankkontonummer<\/li>\n<\/ul>\n\n<h2 class=\"wp-block-heading\">BESONDERE UND \/ ODER SENSIBLE PERS\u00d6NLICHE DATEN, DIE WIR VERARBEITEN<\/h2>\n\n<p>Die SMI Groep verarbeitet Ihre personenbezogenen Daten f\u00fcr die folgenden Zwecke:  <\/p>\n\n<ul class=\"wp-block-list\">\n<li>Abwicklung Ihrer Zahlung<\/li>\n\n\n\n<li>Versand unseres Newsletters und \/ oder unserer Werbebrosch\u00fcre<\/li>\n\n\n\n<li>Um Sie anrufen oder eine E-Mail senden zu k\u00f6nnen, um unsere Dienstleistungen zu erbringen<\/li>\n\n\n\n<li>Um Sie \u00fcber \u00c4nderungen bei unseren Dienstleistungen und Produkten zu informieren<\/li>\n\n\n\n<li>Um Ihnen Waren und Dienstleistungen zu liefern<\/li>\n<\/ul>\n\n<p>SMI Groep analysiert Ihr Verhalten auf der Website, um die Website zu verbessern und die Produkte und Dienstleistungen besser an Ihre Pr\u00e4ferenzen anzupassen.<\/p>\n\n<p>Die SMI Groep verarbeitet auch personenbezogene Daten, wenn wir gesetzlich dazu verpflichtet sind, wie zum Beispiel Daten, die wir f\u00fcr unsere Steuererkl\u00e4rung ben\u00f6tigen.<\/p>\n\n<h2 class=\"wp-block-heading\">WIE LANGE WIR PERS\u00d6NLICHE DATEN SPEICHERN<\/h2>\n\n<p>Die SMI Groep speichert Ihre pers\u00f6nlichen Daten nicht l\u00e4nger als unbedingt notwendig, um die Ziele zu erreichen, f\u00fcr die Ihre Daten gesammelt wurden.<\/p>\n\n<p>Sofern in dieser Datenschutzerkl\u00e4rung nicht anders angegeben, sind die Kriterien, nach denen wir unsere Aufbewahrungsfristen festlegen, in jedem Fall folgende: (i) ob wir Ihre personenbezogenen Daten zur Wahrung unserer berechtigten Interessen ben\u00f6tigen, um einen Vertrag zu erf\u00fcllen, dem Sie unterliegen, oder um Ihre Fragen zu beantworten oder Ihnen den gew\u00fcnschten Service oder Support zu bieten; (ii) ob eine rechtliche Verpflichtung besteht, der wir unterliegen; oder (iii) ob die Aufbewahrung im Hinblick auf unsere Rechtsposition ratsam ist (z. B. im Hinblick auf geltende Verj\u00e4hrungsfristen, Rechtsstreitigkeiten oder beh\u00f6rdliche Untersuchungen).   <\/p>\n\n<h2 class=\"wp-block-heading\">WEITERGABE PERSONENBEZOGENER DATEN AN DRITTE<\/h2>\n\n<p>Die SMI Groep gibt Informationen ausschlie\u00dflich und nur dann an Dritte weiter, wenn dies f\u00fcr die Ausf\u00fchrung unserer Vereinbarung mit Ihnen oder zur Erf\u00fcllung einer gesetzlichen Verpflichtung wirklich notwendig ist.<\/p>\n\n<h2 class=\"wp-block-heading\">COOKIES ODER \u00c4HNLICHE TECHNIKEN, DIE WIR VERWENDEN<\/h2>\n\n<p>Die SMI Groep verwendet nur technische und funktionale Cookies. Wir verwenden auch analytische Cookies, die Ihre Privatsph\u00e4re nicht verletzen. Ein Cookie ist eine kleine Textdatei, die auf Ihrem Computer, Tablet oder Smartphone gespeichert wird, wenn Sie die Website zum ersten Mal besuchen. Die von uns verwendeten Cookies sind f\u00fcr den technischen Betrieb der Website und Ihre Benutzerfreundlichkeit notwendig. Sie sorgen daf\u00fcr, dass die Website ordnungsgem\u00e4\u00df funktioniert und merken sich beispielsweise Ihre Pr\u00e4ferenzen. Wir verwenden sie auch, um unsere Website zu optimieren. Sie k\u00f6nnen die Verwendung von Cookies ablehnen, indem Sie die Einstellungen Ihres Internetbrowsers anpassen. Dann werden keine Cookies mehr gespeichert. Dar\u00fcber hinaus k\u00f6nnen Sie \u00fcber die Einstellungen Ihres Browsers alle zuvor gespeicherten Informationen l\u00f6schen.        <\/p>\n\n<h2 class=\"wp-block-heading\">DATEN EINSEHEN, \u00c4NDERN ODER L\u00d6SCHEN<\/h2>\n\n<p>Sie haben das Recht, Ihre personenbezogenen Daten einzusehen, zu korrigieren oder zu l\u00f6schen. Sie haben auch das Recht, Ihre Zustimmung zur Datenverarbeitung zu widerrufen oder der Verarbeitung Ihrer personenbezogenen Daten durch die SMI Groep zu widersprechen. Sie haben das Recht auf Daten\u00fcbertragbarkeit. Das bedeutet, dass Sie bei uns beantragen k\u00f6nnen, dass die von uns gespeicherten personenbezogenen Daten in einer Computerdatei an Sie oder eine andere von Ihnen genannte Organisation \u00fcbermittelt werden. Sie k\u00f6nnen einen Antrag auf Zugang, Berichtigung, L\u00f6schung, Daten\u00fcbertragbarkeit Ihrer personenbezogenen Daten, einen Antrag auf Widerruf Ihrer Einwilligung oder einen Widerspruch gegen die Verarbeitung Ihrer personenbezogenen Daten an info@ SMI Groep.nl senden. Um sicherzustellen, dass der Antrag auf Zugang von Ihnen gestellt wurde, bitten wir Sie, eine Kopie Ihres Ausweises mitzusenden. Vergewissern Sie sich, dass Ihr Passfoto, die MRZ (maschinenlesbare Zone, der Streifen mit Zahlen am unteren Rand des Passes), die Passnummer und die B\u00fcrgerservicenummer (BSN) in dieser Kopie versteckt sind. Dies dient dem Schutz Ihrer Privatsph\u00e4re. Wir reagieren so schnell wie m\u00f6glich, aber innerhalb von vier Wochen, auf Ihre Anfrage. Die SMI Groep m\u00f6chte Sie auch darauf hinweisen, dass Sie die M\u00f6glichkeit haben, eine Beschwerde bei der nationalen Datenschutzaufsichtsbeh\u00f6rde, der niederl\u00e4ndischen Datenschutzbeh\u00f6rde, einzureichen. Dies k\u00f6nnen Sie \u00fcber den folgenden Link tun: <a href=\"https:\/\/autoriteitpersoonsgegevens.nl\/nl\/contact-met-de-autoriteit-persoonsgegevens\/tip-ons\">https:\/\/autoriteitpersoonsgegevens.nl\/nl\/contact-met-de-autoriteit-persoonsgegevens\/tip-ons<\/a>          <\/p>\n\n<h2 class=\"wp-block-heading\">WIE WIR PERS\u00d6NLICHE DATEN SCH\u00dcTZEN<\/h2>\n\n<p>Die SMI Groep nimmt den Schutz Ihrer Daten ernst und ergreift geeignete Ma\u00dfnahmen, um Missbrauch, Verlust, unbefugten Zugriff, unerw\u00fcnschte Offenlegung und unbefugte \u00c4nderung zu verhindern. Wenn Sie das Gef\u00fchl haben, dass Ihre Daten nicht ordnungsgem\u00e4\u00df gesichert sind oder es Anzeichen f\u00fcr einen Missbrauch gibt, wenden Sie sich bitte an uns. <\/p>\n\n<p>Wir setzen organisatorische, technische und physische Ma\u00dfnahmen ein, um Ihre personenbezogenen Daten zu sch\u00fctzen. Dabei ber\u00fccksichtigen wir die Art der personenbezogenen Daten und der Verarbeitung sowie die potenziellen Bedrohungen, die sie darstellen. Die SMI Groep arbeitet st\u00e4ndig an der Verbesserung dieser Ma\u00dfnahmen, um die Sicherheit Ihrer pers\u00f6nlichen Daten zu gew\u00e4hrleisten. <\/p>\n\n<h2 class=\"wp-block-heading\">WEBSITES VON DRITTPARTEIEN<\/h2>\n\n<p>Diese Datenschutzerkl\u00e4rung gilt nicht f\u00fcr Websites von Dritten, die \u00fcber Links mit dieser Website verbunden sind.<\/p>\n\n<h2 class=\"wp-block-heading\">\u00c4NDERUNGEN DER DATENSCHUTZBESTIMMUNGEN<\/h2>\n\n<p>Die SMI Groep beh\u00e4lt sich das Recht vor, \u00c4nderungen an dieser Datenschutzerkl\u00e4rung vorzunehmen. Es wird empfohlen, diese Datenschutzerkl\u00e4rung regelm\u00e4\u00dfig zu lesen, damit Sie \u00fcber diese \u00c4nderungen informiert sind. <\/p>\n","protected":false},"excerpt":{"rendered":"<p>Erkl\u00e4rung zum Datenschutz Die SMI Groep ist verantwortlich f\u00fcr die Verarbeitung personenbezogener Daten, wie in dieser Datenschutzerkl\u00e4rung dargestellt. Verarbeitung von pers\u00f6nlichen Daten Die SMI Groep verarbeitet Ihre personenbezogenen Daten, wenn Sie unsere Dienste nutzen und\/oder wenn Sie uns diese Informationen zur Verf\u00fcgung stellen. Nachstehend finden Sie eine \u00dcbersicht \u00fcber die personenbezogenen Daten, die wir verarbeiten: [&hellip;]<\/p>\n","protected":false},"author":1,"featured_media":0,"parent":0,"menu_order":0,"comment_status":"closed","ping_status":"open","template":"","meta":{"_acf_changed":false,"inline_featured_image":false,"footnotes":""},"class_list":["post-972","page","type-page","status-publish","hentry"],"acf":[],"yoast_head":"<!-- This site is optimized with the Yoast SEO plugin v27.1.1 - https:\/\/yoast.com\/product\/yoast-seo-wordpress\/ -->\n<title>Erkl\u00e4rung zum Datenschutz - Cramm HLS<\/title>\n<meta name=\"robots\" content=\"index, follow, max-snippet:-1, max-image-preview:large, max-video-preview:-1\" \/>\n<link rel=\"canonical\" href=\"https:\/\/crammhls.com\/de\/erklaerung-zum-datenschutz\/\" \/>\n<meta property=\"og:locale\" content=\"en_US\" \/>\n<meta property=\"og:type\" content=\"article\" \/>\n<meta property=\"og:title\" content=\"Erkl\u00e4rung zum Datenschutz - Cramm HLS\" \/>\n<meta property=\"og:description\" content=\"Erkl\u00e4rung zum Datenschutz Die SMI Groep ist verantwortlich f\u00fcr die Verarbeitung personenbezogener Daten, wie in dieser Datenschutzerkl\u00e4rung dargestellt. Verarbeitung von pers\u00f6nlichen Daten Die SMI Groep verarbeitet Ihre personenbezogenen Daten, wenn Sie unsere Dienste nutzen und\/oder wenn Sie uns diese Informationen zur Verf\u00fcgung stellen. Nachstehend finden Sie eine \u00dcbersicht \u00fcber die personenbezogenen Daten, die wir verarbeiten: [&hellip;]\" \/>\n<meta property=\"og:url\" content=\"https:\/\/crammhls.com\/de\/erklaerung-zum-datenschutz\/\" \/>\n<meta property=\"og:site_name\" content=\"Cramm HLS\" \/>\n<meta property=\"article:publisher\" content=\"https:\/\/www.facebook.com\/Cramm-HLS-208116189357468\/\" \/>\n<meta property=\"article:modified_time\" content=\"2026-02-26T14:22:45+00:00\" \/>\n<meta name=\"twitter:card\" content=\"summary_large_image\" \/>\n<meta name=\"twitter:site\" content=\"@crammhls\" \/>\n<meta name=\"twitter:label1\" content=\"Est. reading time\" \/>\n\t<meta name=\"twitter:data1\" content=\"4 minutes\" \/>\n<script type=\"application\/ld+json\" class=\"yoast-schema-graph\">{\"@context\":\"https:\/\/schema.org\",\"@graph\":[{\"@type\":\"WebPage\",\"@id\":\"https:\/\/crammhls.com\/de\/erklaerung-zum-datenschutz\/\",\"url\":\"https:\/\/crammhls.com\/de\/erklaerung-zum-datenschutz\/\",\"name\":\"Erkl\u00e4rung zum Datenschutz - Cramm HLS\",\"isPartOf\":{\"@id\":\"https:\/\/crammhls.com\/#website\"},\"datePublished\":\"2025-10-28T14:41:09+00:00\",\"dateModified\":\"2026-02-26T14:22:45+00:00\",\"breadcrumb\":{\"@id\":\"https:\/\/crammhls.com\/de\/erklaerung-zum-datenschutz\/#breadcrumb\"},\"inLanguage\":\"en-US\",\"potentialAction\":[{\"@type\":\"ReadAction\",\"target\":[\"https:\/\/crammhls.com\/de\/erklaerung-zum-datenschutz\/\"]}]},{\"@type\":\"BreadcrumbList\",\"@id\":\"https:\/\/crammhls.com\/de\/erklaerung-zum-datenschutz\/#breadcrumb\",\"itemListElement\":[{\"@type\":\"ListItem\",\"position\":1,\"name\":\"Home\",\"item\":\"https:\/\/crammhls.com\/de\/startseite\/\"},{\"@type\":\"ListItem\",\"position\":2,\"name\":\"Erkl\u00e4rung zum Datenschutz\"}]},{\"@type\":\"WebSite\",\"@id\":\"https:\/\/crammhls.com\/#website\",\"url\":\"https:\/\/crammhls.com\/\",\"name\":\"Cramm HLS\",\"description\":\"Quality based on Experience \",\"publisher\":{\"@id\":\"https:\/\/crammhls.com\/#organization\"},\"potentialAction\":[{\"@type\":\"SearchAction\",\"target\":{\"@type\":\"EntryPoint\",\"urlTemplate\":\"https:\/\/crammhls.com\/?s={search_term_string}\"},\"query-input\":{\"@type\":\"PropertyValueSpecification\",\"valueRequired\":true,\"valueName\":\"search_term_string\"}}],\"inLanguage\":\"en-US\"},{\"@type\":\"Organization\",\"@id\":\"https:\/\/crammhls.com\/#organization\",\"name\":\"Cramm HLS\",\"url\":\"https:\/\/crammhls.com\/\",\"logo\":{\"@type\":\"ImageObject\",\"inLanguage\":\"en-US\",\"@id\":\"https:\/\/crammhls.com\/#\/schema\/logo\/image\/\",\"url\":\"https:\/\/crammhls.com\/wp-content\/uploads\/2025\/10\/logo.svg\",\"contentUrl\":\"https:\/\/crammhls.com\/wp-content\/uploads\/2025\/10\/logo.svg\",\"width\":307,\"height\":70,\"caption\":\"Cramm HLS\"},\"image\":{\"@id\":\"https:\/\/crammhls.com\/#\/schema\/logo\/image\/\"},\"sameAs\":[\"https:\/\/www.facebook.com\/Cramm-HLS-208116189357468\/\",\"https:\/\/x.com\/crammhls\",\"https:\/\/www.linkedin.com\/company\/cramm-hls\",\"https:\/\/www.youtube.com\/channel\/UCABAFhJ13ryYECnfCaKlK8w\"]}]}<\/script>\n<!-- \/ Yoast SEO plugin. -->","yoast_head_json":{"title":"Erkl\u00e4rung zum Datenschutz - Cramm HLS","robots":{"index":"index","follow":"follow","max-snippet":"max-snippet:-1","max-image-preview":"max-image-preview:large","max-video-preview":"max-video-preview:-1"},"canonical":"https:\/\/crammhls.com\/de\/erklaerung-zum-datenschutz\/","og_locale":"en_US","og_type":"article","og_title":"Erkl\u00e4rung zum Datenschutz - Cramm HLS","og_description":"Erkl\u00e4rung zum Datenschutz Die SMI Groep ist verantwortlich f\u00fcr die Verarbeitung personenbezogener Daten, wie in dieser Datenschutzerkl\u00e4rung dargestellt. Verarbeitung von pers\u00f6nlichen Daten Die SMI Groep verarbeitet Ihre personenbezogenen Daten, wenn Sie unsere Dienste nutzen und\/oder wenn Sie uns diese Informationen zur Verf\u00fcgung stellen. Nachstehend finden Sie eine \u00dcbersicht \u00fcber die personenbezogenen Daten, die wir verarbeiten: [&hellip;]","og_url":"https:\/\/crammhls.com\/de\/erklaerung-zum-datenschutz\/","og_site_name":"Cramm HLS","article_publisher":"https:\/\/www.facebook.com\/Cramm-HLS-208116189357468\/","article_modified_time":"2026-02-26T14:22:45+00:00","twitter_card":"summary_large_image","twitter_site":"@crammhls","twitter_misc":{"Est. reading time":"4 minutes"},"schema":{"@context":"https:\/\/schema.org","@graph":[{"@type":"WebPage","@id":"https:\/\/crammhls.com\/de\/erklaerung-zum-datenschutz\/","url":"https:\/\/crammhls.com\/de\/erklaerung-zum-datenschutz\/","name":"Erkl\u00e4rung zum Datenschutz - Cramm HLS","isPartOf":{"@id":"https:\/\/crammhls.com\/#website"},"datePublished":"2025-10-28T14:41:09+00:00","dateModified":"2026-02-26T14:22:45+00:00","breadcrumb":{"@id":"https:\/\/crammhls.com\/de\/erklaerung-zum-datenschutz\/#breadcrumb"},"inLanguage":"en-US","potentialAction":[{"@type":"ReadAction","target":["https:\/\/crammhls.com\/de\/erklaerung-zum-datenschutz\/"]}]},{"@type":"BreadcrumbList","@id":"https:\/\/crammhls.com\/de\/erklaerung-zum-datenschutz\/#breadcrumb","itemListElement":[{"@type":"ListItem","position":1,"name":"Home","item":"https:\/\/crammhls.com\/de\/startseite\/"},{"@type":"ListItem","position":2,"name":"Erkl\u00e4rung zum Datenschutz"}]},{"@type":"WebSite","@id":"https:\/\/crammhls.com\/#website","url":"https:\/\/crammhls.com\/","name":"Cramm HLS","description":"Quality based on Experience ","publisher":{"@id":"https:\/\/crammhls.com\/#organization"},"potentialAction":[{"@type":"SearchAction","target":{"@type":"EntryPoint","urlTemplate":"https:\/\/crammhls.com\/?s={search_term_string}"},"query-input":{"@type":"PropertyValueSpecification","valueRequired":true,"valueName":"search_term_string"}}],"inLanguage":"en-US"},{"@type":"Organization","@id":"https:\/\/crammhls.com\/#organization","name":"Cramm HLS","url":"https:\/\/crammhls.com\/","logo":{"@type":"ImageObject","inLanguage":"en-US","@id":"https:\/\/crammhls.com\/#\/schema\/logo\/image\/","url":"https:\/\/crammhls.com\/wp-content\/uploads\/2025\/10\/logo.svg","contentUrl":"https:\/\/crammhls.com\/wp-content\/uploads\/2025\/10\/logo.svg","width":307,"height":70,"caption":"Cramm HLS"},"image":{"@id":"https:\/\/crammhls.com\/#\/schema\/logo\/image\/"},"sameAs":["https:\/\/www.facebook.com\/Cramm-HLS-208116189357468\/","https:\/\/x.com\/crammhls","https:\/\/www.linkedin.com\/company\/cramm-hls","https:\/\/www.youtube.com\/channel\/UCABAFhJ13ryYECnfCaKlK8w"]}]}},"_links":{"self":[{"href":"https:\/\/crammhls.com\/de\/wp-json\/wp\/v2\/pages\/972","targetHints":{"allow":["GET"]}}],"collection":[{"href":"https:\/\/crammhls.com\/de\/wp-json\/wp\/v2\/pages"}],"about":[{"href":"https:\/\/crammhls.com\/de\/wp-json\/wp\/v2\/types\/page"}],"author":[{"embeddable":true,"href":"https:\/\/crammhls.com\/de\/wp-json\/wp\/v2\/users\/1"}],"replies":[{"embeddable":true,"href":"https:\/\/crammhls.com\/de\/wp-json\/wp\/v2\/comments?post=972"}],"version-history":[{"count":1,"href":"https:\/\/crammhls.com\/de\/wp-json\/wp\/v2\/pages\/972\/revisions"}],"predecessor-version":[{"id":973,"href":"https:\/\/crammhls.com\/de\/wp-json\/wp\/v2\/pages\/972\/revisions\/973"}],"wp:attachment":[{"href":"https:\/\/crammhls.com\/de\/wp-json\/wp\/v2\/media?parent=972"}],"curies":[{"name":"wp","href":"https:\/\/api.w.org\/{rel}","templated":true}]}}