{"id":30,"date":"2025-10-28T14:41:09","date_gmt":"2025-10-28T14:41:09","guid":{"rendered":"https:\/\/crammhls.com?page_id=30"},"modified":"2026-02-26T12:06:32","modified_gmt":"2026-02-26T12:06:32","slug":"inicio","status":"publish","type":"page","link":"https:\/\/crammhls.com\/pt-pt\/","title":{"rendered":"In\u00edcio"},"content":{"rendered":"<div class=\"wp-block-cover alignfull is-light has-custom-content-position is-position-bottom-center has-aspect-ratio\" style=\"margin-bottom:120px;padding-right:5px;padding-left:5px;aspect-ratio:16\/9;min-height:unset;\"><video class=\"wp-block-cover__video-background intrinsic-ignore\" autoplay muted loop playsinline src=\"https:\/\/crammhls.com\/wp-content\/uploads\/2026\/02\/Helicopter-Cramm-720p-v2.mp4\" data-object-fit=\"cover\"><\/video><span aria-hidden=\"true\" class=\"wp-block-cover__background has-background-dim-0 has-background-dim\"><\/span><div class=\"wp-block-cover__inner-container is-layout-constrained wp-container-core-cover-is-layout-91e86046 wp-block-cover-is-layout-constrained\">\n<div class=\"wp-block-group alignwide is-content-justification-left is-layout-constrained wp-container-core-group-is-layout-12dd3699 wp-block-group-is-layout-constrained\">\n<div id=\"hexagon-home\" class=\"wp-block-group is-style-hexagon is-layout-constrained wp-block-group-is-layout-constrained\">\n<h2 class=\"wp-block-heading has-text-align-center has-light-color has-text-color has-link-color wp-elements-e054c726b774001b8bd8ab18841213c8\">CRAMM HLS<\/h2>\n\n\n\n<p class=\"has-text-align-center\">Fornecimento de solu\u00e7\u00f5es completas para opera\u00e7\u00f5es seguras de helic\u00f3pteros, desde grelhas de aterragem e veda\u00e7\u00f5es de seguran\u00e7a a elevadores e garagens de armazenamento.  <\/p>\n\n\n\n<div class=\"wp-block-buttons is-content-justification-center is-layout-flex wp-container-core-buttons-is-layout-a89b3969 wp-block-buttons-is-layout-flex\">\n<div class=\"wp-block-button is-style-outline is-style-outline--1\"><a class=\"wp-block-button__link has-secondary-color has-text-color has-link-color wp-element-button\" href=\"https:\/\/crammhls.com\/pt-pt\/produtos\/\">Descubra solu\u00e7\u00f5es<\/a><\/div>\n<\/div>\n<\/div>\n<\/div>\n<\/div><\/div>\n<h6 class=\"wp-block-heading has-text-align-center has-secondary-color has-text-color has-link-color wp-elements-1f4669436ec1ff26f41effe21b3a92ed\">Sobre Heligrid<\/h6>\n\n<h2 class=\"wp-block-heading has-text-align-center\">a aterragem perfeita<\/h2>\n\n<p class=\"has-text-align-left\">O Cramm HLS Heligrid \u00e9 um sistema de ancoragem para helic\u00f3pteros que permite aos pilotos aterrar em seguran\u00e7a em todas as condi\u00e7\u00f5es. Cumprindo os mais rigorosos requisitos da NATO, o sistema pode ser utilizado em v\u00e1rios tipos de helic\u00f3pteros, incluindo helic\u00f3pteros de defesa e de salvamento. Impede o movimento dos helic\u00f3pteros na cabina de pilotagem sob a influ\u00eancia de grandes ondas e ventos laterais fortes e permite que o helic\u00f3ptero aterre e descolar em seguran\u00e7a enquanto navega no mar.    <\/p>\n\n<p>O Heligrid \u00e9 produzido pela Cramm HLS, empresa-irm\u00e3 da Cramm Yachting Systems, l\u00edder mundial na conce\u00e7\u00e3o, desenvolvimento e constru\u00e7\u00e3o de produtos mec\u00e2nicos e equipamento hidr\u00e1ulico para a ind\u00fastria dos mega-iates. A Cramm HLS proporciona uma experi\u00eancia perfeita ao cliente, realizando a trajet\u00f3ria completa desde a conce\u00e7\u00e3o e produ\u00e7\u00e3o at\u00e9 \u00e0 instala\u00e7\u00e3o e coloca\u00e7\u00e3o em funcionamento.   <\/p>\n\n<div class=\"wp-block-group alignwide is-layout-constrained wp-block-group-is-layout-constrained\" id=\"explore-products\"><div class=\"wp-block-columns alignwide is-layout-flex wp-container-core-columns-is-layout-86ca6dc1 wp-block-columns-is-layout-flex\" style=\"margin-top:var(--wp--preset--spacing--40);margin-bottom:0px\">\n<div class=\"wp-block-column is-layout-flow wp-block-column-is-layout-flow\">\n<figure class=\"wp-block-image size-full is-style-mask-left\"><img loading=\"lazy\" decoding=\"async\" width=\"2560\" height=\"1708\" src=\"https:\/\/crammhls.com\/wp-content\/uploads\/2026\/02\/250426_HESY_6421-scaled.jpg\" alt=\"\" class=\"wp-image-561\" style=\"aspect-ratio:3\/2;object-fit:cover\" srcset=\"https:\/\/crammhls.com\/wp-content\/uploads\/2026\/02\/250426_HESY_6421-scaled.jpg 2560w, https:\/\/crammhls.com\/wp-content\/uploads\/2026\/02\/250426_HESY_6421-300x200.jpg 300w, https:\/\/crammhls.com\/wp-content\/uploads\/2026\/02\/250426_HESY_6421-1024x683.jpg 1024w, https:\/\/crammhls.com\/wp-content\/uploads\/2026\/02\/250426_HESY_6421-768x512.jpg 768w, https:\/\/crammhls.com\/wp-content\/uploads\/2026\/02\/250426_HESY_6421-1536x1025.jpg 1536w, https:\/\/crammhls.com\/wp-content\/uploads\/2026\/02\/250426_HESY_6421-2048x1366.jpg 2048w\" sizes=\"auto, (max-width: 2560px) 100vw, 2560px\" \/><\/figure>\n<\/div>\n\n\n\n<div class=\"wp-block-column is-layout-flow wp-block-column-is-layout-flow\">\n<figure class=\"wp-block-image size-large\"><img loading=\"lazy\" decoding=\"async\" width=\"683\" height=\"1024\" src=\"https:\/\/crammhls.com\/wp-content\/uploads\/2025\/10\/IMG_1561-683x1024.jpg\" alt=\"\" class=\"wp-image-176\" style=\"aspect-ratio:3\/2;object-fit:cover\" srcset=\"https:\/\/crammhls.com\/wp-content\/uploads\/2025\/10\/IMG_1561-683x1024.jpg 683w, https:\/\/crammhls.com\/wp-content\/uploads\/2025\/10\/IMG_1561-200x300.jpg 200w, https:\/\/crammhls.com\/wp-content\/uploads\/2025\/10\/IMG_1561-768x1152.jpg 768w, https:\/\/crammhls.com\/wp-content\/uploads\/2025\/10\/IMG_1561-1024x1536.jpg 1024w, https:\/\/crammhls.com\/wp-content\/uploads\/2025\/10\/IMG_1561-1365x2048.jpg 1365w, https:\/\/crammhls.com\/wp-content\/uploads\/2025\/10\/IMG_1561-scaled.jpg 1707w\" sizes=\"auto, (max-width: 683px) 100vw, 683px\" \/><\/figure>\n<\/div>\n\n\n\n<div class=\"wp-block-column is-layout-flow wp-block-column-is-layout-flow\">\n<figure class=\"wp-block-image size-large is-style-mask-right\"><img loading=\"lazy\" decoding=\"async\" width=\"1024\" height=\"683\" src=\"https:\/\/crammhls.com\/wp-content\/uploads\/2025\/10\/IMG_2130-1024x683.jpg\" alt=\"\" class=\"wp-image-122\" style=\"aspect-ratio:3\/2;object-fit:cover\" srcset=\"https:\/\/crammhls.com\/wp-content\/uploads\/2025\/10\/IMG_2130-1024x683.jpg 1024w, https:\/\/crammhls.com\/wp-content\/uploads\/2025\/10\/IMG_2130-300x200.jpg 300w, https:\/\/crammhls.com\/wp-content\/uploads\/2025\/10\/IMG_2130-768x512.jpg 768w, https:\/\/crammhls.com\/wp-content\/uploads\/2025\/10\/IMG_2130-1536x1024.jpg 1536w, https:\/\/crammhls.com\/wp-content\/uploads\/2025\/10\/IMG_2130-2048x1365.jpg 2048w\" sizes=\"auto, (max-width: 1024px) 100vw, 1024px\" \/><\/figure>\n<\/div>\n<\/div>\n\n\n<div class=\"wp-block-buttons is-content-justification-center is-layout-flex wp-container-core-buttons-is-layout-137b7b87 wp-block-buttons-is-layout-flex\" style=\"margin-top:-20px\">\n<div class=\"wp-block-button\"><a class=\"wp-block-button__link has-secondary-background-color has-background wp-element-button\" href=\"https:\/\/crammhls.com\/pt-pt\/produtos\/\">explore os nossos produtos<\/a><\/div>\n<\/div>\n<\/div>\n\n<div class=\"wp-block-group alignfull has-grey-light-background-color has-background is-layout-constrained wp-block-group-is-layout-constrained\" id=\"key-features\">\n<h2 class=\"wp-block-heading has-text-align-center\">Carater\u00edsticas principais<\/h2>\n\n\n<div class=\"wp-block-columns is-layout-flex wp-container-core-columns-is-layout-0806ab5c wp-block-columns-is-layout-flex\" style=\"margin-top:var(--wp--preset--spacing--30);margin-bottom:var(--wp--preset--spacing--30)\">\n<div class=\"wp-block-column is-layout-flow wp-block-column-is-layout-flow\" style=\"flex-basis:33.34%\">\n<ul class=\"wp-block-list is-style-checkboxes\">\n<li>Seguran\u00e7a m\u00e1xima  <\/li>\n\n\n\n<li>Sistema Harpoon<\/li>\n<\/ul>\n<\/div>\n\n\n\n<div class=\"wp-block-column is-layout-flow wp-block-column-is-layout-flow\" style=\"flex-basis:33.34%\">\n<ul class=\"wp-block-list is-style-checkboxes\">\n<li>Levantamento f\u00e1cil<\/li>\n\n\n\n<li>Com base na experi\u00eancia  <\/li>\n<\/ul>\n<\/div>\n\n\n\n<div class=\"wp-block-column is-layout-flow wp-block-column-is-layout-flow\" style=\"flex-basis:33.33%\">\n<ul class=\"wp-block-list is-style-checkboxes\">\n<li>Baseado no STANAG 1276  <\/li>\n\n\n\n<li>Constru\u00e7\u00e3o de qualidade<\/li>\n<\/ul>\n<\/div>\n<\/div><\/div>\n\n<div class=\"wp-block-group alignfull has-light-background-color has-background is-layout-constrained wp-block-group-is-layout-constrained\">\n<h2 class=\"wp-block-heading has-text-align-center\">Precisa de mais informa\u00e7\u00f5es?  <\/h2>\n\n\n\n<div class=\"wp-block-buttons is-content-justification-center is-layout-flex wp-container-core-buttons-is-layout-a89b3969 wp-block-buttons-is-layout-flex\">\n<div class=\"wp-block-button\"><a class=\"wp-block-button__link wp-element-button\" href=\"https:\/\/crammhls.com\/contact\/\">Contacte-nos<\/a><\/div>\n\n\n\n<div class=\"wp-block-button\"><a class=\"wp-block-button__link wp-element-button\" href=\"https:\/\/acrobat.adobe.com\/id\/urn:aaid:sc:EU:e40c2270-d586-4ff9-8e5a-c2abb057cc41\">Brochura<\/a><\/div>\n<\/div>\n<\/div>\n\n<div style=\"height:16px\" aria-hidden=\"true\" class=\"wp-block-spacer\"><\/div>\n<div class=\"wp-block-cover alignfull has-custom-content-position is-position-center-left is-style-has-arrow-group is-style-default\"><div class=\"image-wrap\"><img loading=\"lazy\" decoding=\"async\" width=\"2560\" height=\"1707\" class=\"wp-block-cover__image-background wp-image-122 size-full\" alt=\"\" src=\"https:\/\/crammhls.com\/wp-content\/uploads\/2025\/10\/IMG_2130-scaled.jpg\" data-object-fit=\"cover\" srcset=\"https:\/\/crammhls.com\/wp-content\/uploads\/2025\/10\/IMG_2130-scaled.jpg 2560w, https:\/\/crammhls.com\/wp-content\/uploads\/2025\/10\/IMG_2130-300x200.jpg 300w, https:\/\/crammhls.com\/wp-content\/uploads\/2025\/10\/IMG_2130-1024x683.jpg 1024w, https:\/\/crammhls.com\/wp-content\/uploads\/2025\/10\/IMG_2130-768x512.jpg 768w, https:\/\/crammhls.com\/wp-content\/uploads\/2025\/10\/IMG_2130-1536x1024.jpg 1536w, https:\/\/crammhls.com\/wp-content\/uploads\/2025\/10\/IMG_2130-2048x1365.jpg 2048w\" sizes=\"auto, (max-width: 2560px) 100vw, 2560px\" \/><\/div><span aria-hidden=\"true\" class=\"wp-block-cover__background has-background-dim-0 has-background-dim\" style=\"background-color:#5b564e\"><\/span><div class=\"wp-block-cover__inner-container is-layout-constrained wp-block-cover-is-layout-constrained\">\n<div class=\"wp-block-group is-style-arrow-right is-layout-constrained wp-block-group-is-layout-constrained\">\n<div class=\"wp-block-group is-layout-constrained wp-container-core-group-is-layout-a099c240 wp-block-group-is-layout-constrained\">\n<p class=\"has-text-align-center has-medium-font-size\" style=\"font-style:normal;font-weight:100;text-transform:uppercase\"><mark style=\"background-color:rgba(0, 0, 0, 0)\" class=\"has-inline-color has-secondary-color\">Seguran\u00e7a m\u00e1xima<\/mark> A constru\u00e7\u00e3o heligr\u00e1fica baseia-se nos requisitos suplementares da norma STANAG 1276.<\/p>\n<\/div>\n<\/div>\n<\/div><\/div>\n<div class=\"wp-block-group is-layout-constrained wp-block-group-is-layout-constrained\">\n<p><\/p>\n\n\n\n<h2 class=\"wp-block-heading\">Stanag 1276<\/h2>\n\n\n\n<p>A constru\u00e7\u00e3o Heligrid baseia-se nos requisitos suplementares da norma STANAG 1276. Em conformidade com a norma STANAG 1276, o trabalho completo de conce\u00e7\u00e3o e constru\u00e7\u00e3o responde \u00e0s exig\u00eancias e necessidades espec\u00edficas do mercado. Atrav\u00e9s da melhoria cont\u00ednua, somos capazes de cumprir os mais elevados padr\u00f5es todos os dias.    <\/p>\n\n\n\n<div class=\"wp-block-group is-layout-constrained wp-block-group-is-layout-constrained\">\n<p>A conce\u00e7\u00e3o da grelha de aterragem Heligrid cumpre as normas da NATO, em conformidade com a STANAG 1276. O objetivo do acordo STANAG 1276 \u00e9 refor\u00e7ar a seguran\u00e7a das interopera\u00e7\u00f5es entre os helic\u00f3pteros e navios da NATO que utilizam o tipo arp\u00e3o\/grelha do sistema de seguran\u00e7a r\u00e1pida e evitar o desenvolvimento desnecess\u00e1rio de futuros sistemas que n\u00e3o sejam interoper\u00e1veis com os sistemas de seguran\u00e7a r\u00e1pida existentes.   <\/p>\n\n\n\n<h2 class=\"wp-block-heading\">Qualidade Baseada na experi\u00eancia<\/h2>\n\n\n\n<p>A Cramm HLS oferece autoridade em todos os assuntos relacionados com a opera\u00e7\u00e3o segura e em conformidade com as \u00e1reas de aterragem de helic\u00f3pteros &#8211; em terra, em terra e a bordo. Utilizamos toda a nossa experi\u00eancia, know-how e materiais de alta qualidade para satisfazer plenamente as exig\u00eancias dos nossos clientes. Os nossos funcion\u00e1rios motivados e o pessoal t\u00e9cnico altamente qualificado desempenham um papel fundamental no fornecimento de produtos de qualidade superior e de um servi\u00e7o \u00f3timo pelos quais a Cramm HLS \u00e9 conhecida.    <\/p>\n<\/div>\n<\/div>\n\n<p>A Cramm HLS faz parte do SMI Groep, uma rede de empresas especializadas activas em v\u00e1rios sectores. Estreitamente ligada \u00e0 Cramm Yachting Systems, a Cramm HLS baseia-se em d\u00e9cadas de experi\u00eancia em engenharia para fornecer solu\u00e7\u00f5es de aterragem avan\u00e7adas. Juntas, as empresas combinam inova\u00e7\u00e3o e habilidade para fornecer sistemas seguros, fi\u00e1veis e totalmente integrados para navios e plataformas offshore.    <\/p>\n\n<div class=\"wp-block-buttons is-layout-flex wp-block-buttons-is-layout-flex\">\n<div class=\"wp-block-button\"><a class=\"wp-block-button__link wp-element-button\" href=\"https:\/\/www.smi.nl\">Descubra o SMI Groep<\/a><\/div>\n\n\n\n<div class=\"wp-block-button\"><a class=\"wp-block-button__link wp-element-button\" href=\"https:\/\/cramm-yachting-systems.com\">Descubra o Cramm<\/a><\/div>\n<\/div>\n\n<h2 class=\"wp-block-heading has-text-align-center\">Os nossos projectos<\/h2>\n<div style=\"margin-top:var(--wp--preset--spacing--20);margin-bottom:var(--wp--preset--spacing--20);\" class=\"alignwide wp-block-acf-project-overview\">\r\n        <div class=\"grid is-layout-grid\">\r\n            <div style=\"aspect-ratio:1;min-height:unset;\" class=\"wp-block-cover has-custom-content-position is-position-bottom-center is-style-product has-aspect-ratio\">\r\n            <a href=\"https:\/\/crammhls.com\/pt-pt\/project\/heligrid-com-altura-reduzida\/\">\r\n                <img loading=\"lazy\" decoding=\"async\" width=\"1024\" height=\"683\" src=\"https:\/\/crammhls.com\/wp-content\/uploads\/2025\/12\/ChatGPT-Image-Dec-1-2025-04_44_34-PM-1024x683.png\" class=\"wp-block-cover__image-background\" alt=\"\" srcset=\"https:\/\/crammhls.com\/wp-content\/uploads\/2025\/12\/ChatGPT-Image-Dec-1-2025-04_44_34-PM-1024x683.png 1024w, https:\/\/crammhls.com\/wp-content\/uploads\/2025\/12\/ChatGPT-Image-Dec-1-2025-04_44_34-PM-300x200.png 300w, https:\/\/crammhls.com\/wp-content\/uploads\/2025\/12\/ChatGPT-Image-Dec-1-2025-04_44_34-PM-768x512.png 768w, https:\/\/crammhls.com\/wp-content\/uploads\/2025\/12\/ChatGPT-Image-Dec-1-2025-04_44_34-PM.png 1536w\" sizes=\"auto, (max-width: 1024px) 100vw, 1024px\" \/>                <span aria-hidden=\"true\" class=\"wp-block-cover__background has-background-dim-100 has-background-dim wp-block-cover__gradient-background has-background-gradient has-gradient-50-down-gradient-background\"><\/span>\r\n                <div class=\"wp-block-cover__inner-container\">\r\n                    <h5 class=\"wp-block-heading has-text-align-center\" style=\"margin-top:10px\">HeliGrid com altura reduzida<\/h5>\r\n                <\/div>\r\n            <\/a>\r\n        <\/div>\r\n            <div style=\"aspect-ratio:1;min-height:unset;\" class=\"wp-block-cover has-custom-content-position is-position-bottom-center is-style-product has-aspect-ratio\">\r\n            <a href=\"https:\/\/crammhls.com\/pt-pt\/project\/heligrid-para-testes-de-drones-no-simulador-deckmotion-da-airbus\/\">\r\n                <img loading=\"lazy\" decoding=\"async\" width=\"1024\" height=\"687\" src=\"https:\/\/crammhls.com\/wp-content\/uploads\/2025\/11\/Airbus_Deckfinder-1024x687.png\" class=\"wp-block-cover__image-background\" alt=\"\" srcset=\"https:\/\/crammhls.com\/wp-content\/uploads\/2025\/11\/Airbus_Deckfinder-1024x687.png 1024w, https:\/\/crammhls.com\/wp-content\/uploads\/2025\/11\/Airbus_Deckfinder-300x201.png 300w, https:\/\/crammhls.com\/wp-content\/uploads\/2025\/11\/Airbus_Deckfinder-768x515.png 768w, https:\/\/crammhls.com\/wp-content\/uploads\/2025\/11\/Airbus_Deckfinder-1536x1030.png 1536w, https:\/\/crammhls.com\/wp-content\/uploads\/2025\/11\/Airbus_Deckfinder.png 1920w\" sizes=\"auto, (max-width: 1024px) 100vw, 1024px\" \/>                <span aria-hidden=\"true\" class=\"wp-block-cover__background has-background-dim-100 has-background-dim wp-block-cover__gradient-background has-background-gradient has-gradient-50-down-gradient-background\"><\/span>\r\n                <div class=\"wp-block-cover__inner-container\">\r\n                    <h5 class=\"wp-block-heading has-text-align-center\" style=\"margin-top:10px\">Heligrid para testes de drones no simulador Deckmotion da Airbus<\/h5>\r\n                <\/div>\r\n            <\/a>\r\n        <\/div>\r\n        <\/div>\r\n    <\/div>","protected":false},"excerpt":{"rendered":"<p>Sobre Heligrid a aterragem perfeita O Cramm HLS Heligrid \u00e9 um sistema de ancoragem para helic\u00f3pteros que permite aos pilotos aterrar em seguran\u00e7a em todas as condi\u00e7\u00f5es. Cumprindo os mais rigorosos requisitos da NATO, o sistema pode ser utilizado em v\u00e1rios tipos de helic\u00f3pteros, incluindo helic\u00f3pteros de defesa e de salvamento. Impede o movimento dos [&hellip;]<\/p>\n","protected":false},"author":1,"featured_media":0,"parent":0,"menu_order":0,"comment_status":"closed","ping_status":"open","template":"","meta":{"_acf_changed":false,"inline_featured_image":false,"footnotes":""},"class_list":["post-30","page","type-page","status-publish","hentry"],"acf":[],"yoast_head":"<!-- This site is optimized with the Yoast SEO plugin v27.1.1 - https:\/\/yoast.com\/product\/yoast-seo-wordpress\/ -->\n<title>In\u00edcio - Cramm HLS<\/title>\n<meta name=\"robots\" content=\"index, follow, max-snippet:-1, max-image-preview:large, max-video-preview:-1\" \/>\n<link rel=\"canonical\" href=\"https:\/\/crammhls.com\/pt-pt\/\" \/>\n<meta property=\"og:locale\" content=\"en_US\" \/>\n<meta property=\"og:type\" content=\"article\" \/>\n<meta property=\"og:title\" content=\"In\u00edcio - Cramm HLS\" \/>\n<meta property=\"og:description\" content=\"Sobre Heligrid a aterragem perfeita O Cramm HLS Heligrid \u00e9 um sistema de ancoragem para helic\u00f3pteros que permite aos pilotos aterrar em seguran\u00e7a em todas as condi\u00e7\u00f5es. Cumprindo os mais rigorosos requisitos da NATO, o sistema pode ser utilizado em v\u00e1rios tipos de helic\u00f3pteros, incluindo helic\u00f3pteros de defesa e de salvamento. Impede o movimento dos [&hellip;]\" \/>\n<meta property=\"og:url\" content=\"https:\/\/crammhls.com\/pt-pt\/\" \/>\n<meta property=\"og:site_name\" content=\"Cramm HLS\" \/>\n<meta property=\"article:publisher\" content=\"https:\/\/www.facebook.com\/Cramm-HLS-208116189357468\/\" \/>\n<meta property=\"article:modified_time\" content=\"2026-02-26T12:06:32+00:00\" \/>\n<meta property=\"og:image\" content=\"https:\/\/crammhls.com\/wp-content\/uploads\/2026\/02\/250426_HESY_6421-scaled.jpg\" \/>\n\t<meta property=\"og:image:width\" content=\"2560\" \/>\n\t<meta property=\"og:image:height\" content=\"1708\" \/>\n\t<meta property=\"og:image:type\" content=\"image\/jpeg\" \/>\n<meta name=\"twitter:card\" content=\"summary_large_image\" \/>\n<meta name=\"twitter:site\" content=\"@crammhls\" \/>\n<meta name=\"twitter:label1\" content=\"Est. reading time\" \/>\n\t<meta name=\"twitter:data1\" content=\"3 minutes\" \/>\n<script type=\"application\/ld+json\" class=\"yoast-schema-graph\">{\"@context\":\"https:\/\/schema.org\",\"@graph\":[{\"@type\":\"WebPage\",\"@id\":\"https:\/\/crammhls.com\/pt-pt\/\",\"url\":\"https:\/\/crammhls.com\/pt-pt\/\",\"name\":\"In\u00edcio - Cramm HLS\",\"isPartOf\":{\"@id\":\"https:\/\/crammhls.com\/#website\"},\"primaryImageOfPage\":{\"@id\":\"https:\/\/crammhls.com\/pt-pt\/#primaryimage\"},\"image\":{\"@id\":\"https:\/\/crammhls.com\/pt-pt\/#primaryimage\"},\"thumbnailUrl\":\"https:\/\/crammhls.com\/wp-content\/uploads\/2026\/02\/250426_HESY_6421-scaled.jpg\",\"datePublished\":\"2025-10-28T14:41:09+00:00\",\"dateModified\":\"2026-02-26T12:06:32+00:00\",\"breadcrumb\":{\"@id\":\"https:\/\/crammhls.com\/pt-pt\/#breadcrumb\"},\"inLanguage\":\"en-US\",\"potentialAction\":[{\"@type\":\"ReadAction\",\"target\":[\"https:\/\/crammhls.com\/pt-pt\/\"]}]},{\"@type\":\"ImageObject\",\"inLanguage\":\"en-US\",\"@id\":\"https:\/\/crammhls.com\/pt-pt\/#primaryimage\",\"url\":\"https:\/\/crammhls.com\/wp-content\/uploads\/2026\/02\/250426_HESY_6421-scaled.jpg\",\"contentUrl\":\"https:\/\/crammhls.com\/wp-content\/uploads\/2026\/02\/250426_HESY_6421-scaled.jpg\"},{\"@type\":\"BreadcrumbList\",\"@id\":\"https:\/\/crammhls.com\/pt-pt\/#breadcrumb\",\"itemListElement\":[{\"@type\":\"ListItem\",\"position\":1,\"name\":\"Home\",\"item\":\"https:\/\/crammhls.com\/pt-pt\/\"},{\"@type\":\"ListItem\",\"position\":2,\"name\":\"In\u00edcio\"}]},{\"@type\":\"WebSite\",\"@id\":\"https:\/\/crammhls.com\/#website\",\"url\":\"https:\/\/crammhls.com\/\",\"name\":\"Cramm HLS\",\"description\":\"Quality based on Experience \",\"publisher\":{\"@id\":\"https:\/\/crammhls.com\/#organization\"},\"potentialAction\":[{\"@type\":\"SearchAction\",\"target\":{\"@type\":\"EntryPoint\",\"urlTemplate\":\"https:\/\/crammhls.com\/?s={search_term_string}\"},\"query-input\":{\"@type\":\"PropertyValueSpecification\",\"valueRequired\":true,\"valueName\":\"search_term_string\"}}],\"inLanguage\":\"en-US\"},{\"@type\":\"Organization\",\"@id\":\"https:\/\/crammhls.com\/#organization\",\"name\":\"Cramm HLS\",\"url\":\"https:\/\/crammhls.com\/\",\"logo\":{\"@type\":\"ImageObject\",\"inLanguage\":\"en-US\",\"@id\":\"https:\/\/crammhls.com\/#\/schema\/logo\/image\/\",\"url\":\"https:\/\/crammhls.com\/wp-content\/uploads\/2025\/10\/logo.svg\",\"contentUrl\":\"https:\/\/crammhls.com\/wp-content\/uploads\/2025\/10\/logo.svg\",\"width\":307,\"height\":70,\"caption\":\"Cramm HLS\"},\"image\":{\"@id\":\"https:\/\/crammhls.com\/#\/schema\/logo\/image\/\"},\"sameAs\":[\"https:\/\/www.facebook.com\/Cramm-HLS-208116189357468\/\",\"https:\/\/x.com\/crammhls\",\"https:\/\/www.linkedin.com\/company\/cramm-hls\",\"https:\/\/www.youtube.com\/channel\/UCABAFhJ13ryYECnfCaKlK8w\"]}]}<\/script>\n<!-- \/ Yoast SEO plugin. -->","yoast_head_json":{"title":"In\u00edcio - Cramm HLS","robots":{"index":"index","follow":"follow","max-snippet":"max-snippet:-1","max-image-preview":"max-image-preview:large","max-video-preview":"max-video-preview:-1"},"canonical":"https:\/\/crammhls.com\/pt-pt\/","og_locale":"en_US","og_type":"article","og_title":"In\u00edcio - Cramm HLS","og_description":"Sobre Heligrid a aterragem perfeita O Cramm HLS Heligrid \u00e9 um sistema de ancoragem para helic\u00f3pteros que permite aos pilotos aterrar em seguran\u00e7a em todas as condi\u00e7\u00f5es. Cumprindo os mais rigorosos requisitos da NATO, o sistema pode ser utilizado em v\u00e1rios tipos de helic\u00f3pteros, incluindo helic\u00f3pteros de defesa e de salvamento. Impede o movimento dos [&hellip;]","og_url":"https:\/\/crammhls.com\/pt-pt\/","og_site_name":"Cramm HLS","article_publisher":"https:\/\/www.facebook.com\/Cramm-HLS-208116189357468\/","article_modified_time":"2026-02-26T12:06:32+00:00","og_image":[{"width":2560,"height":1708,"url":"https:\/\/crammhls.com\/wp-content\/uploads\/2026\/02\/250426_HESY_6421-scaled.jpg","type":"image\/jpeg"}],"twitter_card":"summary_large_image","twitter_site":"@crammhls","twitter_misc":{"Est. reading time":"3 minutes"},"schema":{"@context":"https:\/\/schema.org","@graph":[{"@type":"WebPage","@id":"https:\/\/crammhls.com\/pt-pt\/","url":"https:\/\/crammhls.com\/pt-pt\/","name":"In\u00edcio - Cramm HLS","isPartOf":{"@id":"https:\/\/crammhls.com\/#website"},"primaryImageOfPage":{"@id":"https:\/\/crammhls.com\/pt-pt\/#primaryimage"},"image":{"@id":"https:\/\/crammhls.com\/pt-pt\/#primaryimage"},"thumbnailUrl":"https:\/\/crammhls.com\/wp-content\/uploads\/2026\/02\/250426_HESY_6421-scaled.jpg","datePublished":"2025-10-28T14:41:09+00:00","dateModified":"2026-02-26T12:06:32+00:00","breadcrumb":{"@id":"https:\/\/crammhls.com\/pt-pt\/#breadcrumb"},"inLanguage":"en-US","potentialAction":[{"@type":"ReadAction","target":["https:\/\/crammhls.com\/pt-pt\/"]}]},{"@type":"ImageObject","inLanguage":"en-US","@id":"https:\/\/crammhls.com\/pt-pt\/#primaryimage","url":"https:\/\/crammhls.com\/wp-content\/uploads\/2026\/02\/250426_HESY_6421-scaled.jpg","contentUrl":"https:\/\/crammhls.com\/wp-content\/uploads\/2026\/02\/250426_HESY_6421-scaled.jpg"},{"@type":"BreadcrumbList","@id":"https:\/\/crammhls.com\/pt-pt\/#breadcrumb","itemListElement":[{"@type":"ListItem","position":1,"name":"Home","item":"https:\/\/crammhls.com\/pt-pt\/"},{"@type":"ListItem","position":2,"name":"In\u00edcio"}]},{"@type":"WebSite","@id":"https:\/\/crammhls.com\/#website","url":"https:\/\/crammhls.com\/","name":"Cramm HLS","description":"Quality based on Experience ","publisher":{"@id":"https:\/\/crammhls.com\/#organization"},"potentialAction":[{"@type":"SearchAction","target":{"@type":"EntryPoint","urlTemplate":"https:\/\/crammhls.com\/?s={search_term_string}"},"query-input":{"@type":"PropertyValueSpecification","valueRequired":true,"valueName":"search_term_string"}}],"inLanguage":"en-US"},{"@type":"Organization","@id":"https:\/\/crammhls.com\/#organization","name":"Cramm HLS","url":"https:\/\/crammhls.com\/","logo":{"@type":"ImageObject","inLanguage":"en-US","@id":"https:\/\/crammhls.com\/#\/schema\/logo\/image\/","url":"https:\/\/crammhls.com\/wp-content\/uploads\/2025\/10\/logo.svg","contentUrl":"https:\/\/crammhls.com\/wp-content\/uploads\/2025\/10\/logo.svg","width":307,"height":70,"caption":"Cramm HLS"},"image":{"@id":"https:\/\/crammhls.com\/#\/schema\/logo\/image\/"},"sameAs":["https:\/\/www.facebook.com\/Cramm-HLS-208116189357468\/","https:\/\/x.com\/crammhls","https:\/\/www.linkedin.com\/company\/cramm-hls","https:\/\/www.youtube.com\/channel\/UCABAFhJ13ryYECnfCaKlK8w"]}]}},"_links":{"self":[{"href":"https:\/\/crammhls.com\/pt-pt\/wp-json\/wp\/v2\/pages\/30","targetHints":{"allow":["GET"]}}],"collection":[{"href":"https:\/\/crammhls.com\/pt-pt\/wp-json\/wp\/v2\/pages"}],"about":[{"href":"https:\/\/crammhls.com\/pt-pt\/wp-json\/wp\/v2\/types\/page"}],"author":[{"embeddable":true,"href":"https:\/\/crammhls.com\/pt-pt\/wp-json\/wp\/v2\/users\/1"}],"replies":[{"embeddable":true,"href":"https:\/\/crammhls.com\/pt-pt\/wp-json\/wp\/v2\/comments?post=30"}],"version-history":[{"count":8,"href":"https:\/\/crammhls.com\/pt-pt\/wp-json\/wp\/v2\/pages\/30\/revisions"}],"predecessor-version":[{"id":955,"href":"https:\/\/crammhls.com\/pt-pt\/wp-json\/wp\/v2\/pages\/30\/revisions\/955"}],"wp:attachment":[{"href":"https:\/\/crammhls.com\/pt-pt\/wp-json\/wp\/v2\/media?parent=30"}],"curies":[{"name":"wp","href":"https:\/\/api.w.org\/{rel}","templated":true}]}}