{"id":841,"date":"2025-11-24T10:18:28","date_gmt":"2025-11-24T10:18:28","guid":{"rendered":"https:\/\/crammhls.com\/produtos\/helifence\/"},"modified":"2026-02-25T15:43:32","modified_gmt":"2026-02-25T15:43:32","slug":"helifence","status":"publish","type":"page","link":"https:\/\/crammhls.com\/pt-pt\/produtos\/helifence\/","title":{"rendered":"Helifence"},"content":{"rendered":"<div class=\"wp-block-columns alignwide is-layout-flex wp-container-core-columns-is-layout-28f84493 wp-block-columns-is-layout-flex\">\n<div class=\"wp-block-column is-layout-flow wp-block-column-is-layout-flow\" style=\"flex-basis:50%\"><div class=\"align wp-block-acf-breadcrumbs\">\n    <div class=\"breadcrumbs depth-1\">\n        <span class=\"separator home\"><\/span><a href=\"https:\/\/crammhls.com\/pt-pt\/\" class=\"home\">Home<\/a>    <\/div>\n<\/div>\n\n\n<h1 class=\"wp-block-heading\" style=\"margin-top:10px\">Helifence<\/h1>\n\n\n\n<p>Gradeamento rebat\u00edvel \u00e0 volta do conv\u00e9s, em constru\u00e7\u00e3o na fase de engenharia. Lan\u00e7amento em setembro de 2026.   <\/p>\n\n\n\n<ul class=\"wp-block-list is-style-checkboxes\">\n<li>Seguran\u00e7a na aterragem.<\/li>\n\n\n\n<li>Veda\u00e7\u00e3o dobr\u00e1vel autom\u00e1tica.<\/li>\n\n\n\n<li>Em caso de mau tempo, n\u00e3o necessita de operadores no conv\u00e9s.  <\/li>\n<\/ul>\n<\/div>\n\n\n\n<div class=\"wp-block-column is-layout-flow wp-block-column-is-layout-flow\" style=\"flex-basis:50%\">\n<figure class=\"wp-block-video\"><video height=\"1080\" style=\"aspect-ratio: 1920 \/ 1080;\" width=\"1920\" autoplay=\"\" loop=\"\" muted=\"\" src=\"https:\/\/crammhls.com\/wp-content\/uploads\/2025\/11\/cramm_helicopterplatform_animatie_v1-1080p.mp4\"><\/video><\/figure>\n<\/div>\n<\/div><div style=\"--bbb-tabs-list-gap:0.5em;--bbb-tabs-gap:0;--bbb-tab-padding:5px 15px 5px 15px;--bbb-tab-text-default-color:#000;--bbb-tab-background-default-color:#fff;--bbb-tab-icon-default-color:#000;--bbb-tab-text-hover-color:#fff;--bbb-tab-background-hover-color:#000;--bbb-tab-icon-hover-color:#fff;--bbb-tab-text-active-color:#fff;--bbb-tab-background-active-color:#000;--bbb-tab-icon-active-color:#fff;--bbb-tab-buttons-justify-content:left;--bbb-tab-icon-size:24px;\" class=\"blablablocks-tabs blablablocks-tab-container blablablocks-tabs__horizontal blablablocks-tabs__left blablablocks-tabs-icon__left alignfull is-style-default wp-block-blablablocks-tabs\"    data-wp-interactive=\"blablablocks-tabs\"\n    data-wp-context='{\"tabs\":[{\"id\":\"tab-47d2d752-8c1c-4021-8801-352951c394af\",\"label\":\"Description\",\"hasInnerblock\":true}],\"activeTab\":0,\"activeId\":\"tab-47d2d752-8c1c-4021-8801-352951c394af\",\"tabButtonBorderStyles\":\"\",\"borderOnActive\":false}'\n    data-wp-init=\"callbacks.initTabs\"\n    data-wp-watch=\"callbacks.updateTabBorders\">\n\n    <ul class=\"blablablocks-tabs-buttons \"\n        role=\"tablist\"\n        style=\"padding: 0px 0px 0px 0px; margin: 0 0 auto;\">\n\n                    <li class=\"blablablock-tab-btn\"\n                id=\"tab-47d2d752-8c1c-4021-8801-352951c394af\"\n                role=\"tab\"\n                aria-controls=\"tab-47d2d752-8c1c-4021-8801-352951c394af\"\n                data-wp-bind--tabindex=\"state.tabIndex\"\n                data-wp-bind--aria-selected=\"state.isActive\"\n                data-wp-on--click=\"actions.setActiveTab\"\n                data-wp-on--keydown=\"actions.handleOnKeyDown\"\n                data-wp-class--is-bbb-active-tab=\"state.isActive\"\n                style=\"\">\n\n                \n                                    <span class=\"tab-button-text \"\n                        style=\"\">\n                        Description                    <\/span>\n                            <\/li>\n            <\/ul>\n\n    <div class=\"blablablocks-tabs-content\">\n        \n<div hidden class=\"blablablocks-tab-content wp-block-blablablocks-tab\" id=\"tab-47d2d752-8c1c-4021-8801-352951c394af\" role=\"tabpanel\" tabindex=\"0\" data-wp-bind--hidden=\"!state.isActive\" aria-labelledby=\"tab-47d2d752-8c1c-4021-8801-352951c394af\">\n    \n\n<h2 class=\"wp-block-heading\">cramm hls helifence<\/h2>\n\n\n<div class=\"wp-block-columns is-layout-flex wp-container-core-columns-is-layout-28f84493 wp-block-columns-is-layout-flex\">\n<div class=\"wp-block-column is-layout-flow wp-block-column-is-layout-flow\" style=\"flex-basis:50%\">\n<p>A HeliFence \u00e9 uma veda\u00e7\u00e3o de seguran\u00e7a dobr\u00e1vel autom\u00e1tica que cria um per\u00edmetro seguro \u00e0 volta da \u00e1rea de aterragem, especialmente em condi\u00e7\u00f5es meteorol\u00f3gicas dif\u00edceis. Quando levantada, protege a tripula\u00e7\u00e3o e o equipamento contra a corrente descendente do rotor, os ventos fortes e o movimento da embarca\u00e7\u00e3o na borda do conv\u00e9s, reduzindo o risco de pessoas ou objectos serem soprados ou deslizarem borda fora. Uma vez que a veda\u00e7\u00e3o pode ser instalada e recolhida remotamente, s\u00e3o necess\u00e1rias menos opera\u00e7\u00f5es no conv\u00e9s durante a descolagem e a aterragem com mau tempo, o que reduz significativamente a exposi\u00e7\u00e3o a riscos operacionais. Quando n\u00e3o est\u00e1 a ser utilizado, o HeliFence dobra-se para manter o conv\u00e9s livre para outras opera\u00e7\u00f5es e uma visibilidade \u00f3ptima.     <\/p>\n\n\n\n<blockquote class=\"wp-block-quote is-layout-flow wp-block-quote-is-layout-flow\">\n<p>HeliFence \u00e9 a veda\u00e7\u00e3o de seguran\u00e7a dobr\u00e1vel autom\u00e1tica que protege o seu conv\u00e9s em condi\u00e7\u00f5es climat\u00e9ricas adversas, para que a sua equipa se mantenha segura enquanto o conv\u00e9s permanece livre<\/p>\n<\/blockquote>\n<\/div>\n\n\n\n<div class=\"wp-block-column is-content-justification-right is-layout-constrained wp-container-core-column-is-layout-f1f2ed93 wp-block-column-is-layout-constrained\" style=\"flex-basis:50%\">\n<div id=\"contact-us\" class=\"wp-block-group is-style-hexagon is-content-justification-center is-layout-constrained wp-block-group-is-layout-constrained\">\n<h2 class=\"wp-block-heading has-text-align-center has-secondary-color has-text-color has-link-color has-medium-font-size wp-elements-bb624b28a473b679b255d1be89a8b672\" style=\"margin-top:0px;margin-right:0px;margin-bottom:10px\">Contacte-nos<\/h2>\n\n\n\n<p class=\"has-text-align-center\" style=\"margin-top:10px;margin-bottom:10px\">Saiba mais sobre o HeliFence<\/p>\n\n\n\n<div class=\"wp-block-buttons is-content-justification-center is-layout-flex wp-container-core-buttons-is-layout-2dc1a421 wp-block-buttons-is-layout-flex\" style=\"margin-top:10px\">\n<div class=\"wp-block-button is-style-fill\"><a class=\"wp-block-button__link has-secondary-background-color has-background wp-element-button\" href=\"https:\/\/crammhls.com\/contact\/\">Contacto<\/a><\/div>\n<\/div>\n<\/div>\n<\/div>\n<\/div>\n<\/div>\n    <\/div>\n<\/div>\n<div style=\"height:var(--wp--preset--spacing--40)\" aria-hidden=\"true\" class=\"wp-block-spacer\"><\/div>\n\n<div class=\"wp-block-group alignwide is-layout-flow wp-block-group-is-layout-flow\">\n<h2 class=\"wp-block-heading has-text-align-center\">Produtos relacionados<\/h2>\n\n\n\n<div class=\"wp-block-group alignwide is-layout-grid wp-container-core-group-is-layout-c65186bc wp-block-group-is-layout-grid\"><div style=\"aspect-ratio:1;min-height:unset;\" class=\"wp-block-cover has-custom-content-position is-position-bottom-left is-style-product has-aspect-ratio\"><a href=\"https:\/\/crammhls.com\/pt-pt\/produtos\/heligrid\/\"><div class=\"image-wrap\"><img loading=\"lazy\" decoding=\"async\" width=\"1024\" height=\"768\" class=\"wp-block-cover__image-background wp-image-473 size-large\" alt=\"\" src=\"https:\/\/crammhls.com\/wp-content\/uploads\/2025\/12\/img_1606-1024x768.jpg\" data-object-fit=\"cover\" srcset=\"https:\/\/crammhls.com\/wp-content\/uploads\/2025\/12\/img_1606-1024x768.jpg 1024w, https:\/\/crammhls.com\/wp-content\/uploads\/2025\/12\/img_1606-300x225.jpg 300w, https:\/\/crammhls.com\/wp-content\/uploads\/2025\/12\/img_1606-768x576.jpg 768w, https:\/\/crammhls.com\/wp-content\/uploads\/2025\/12\/img_1606-1536x1152.jpg 1536w, https:\/\/crammhls.com\/wp-content\/uploads\/2025\/12\/img_1606-2048x1536.jpg 2048w\" sizes=\"auto, (max-width: 1024px) 100vw, 1024px\" \/><\/div><span aria-hidden=\"true\" class=\"wp-block-cover__background has-background-dim-100 has-background-dim wp-block-cover__gradient-background has-background-gradient has-gradient-50-down-gradient-background\"><\/span><div class=\"wp-block-cover__inner-container is-layout-constrained wp-block-cover-is-layout-constrained\">\n<h5 class=\"wp-block-heading has-text-align-center\"><span>Heligrid<\/span><\/h5>\n\n\n\n<p class=\"has-text-align-center\" style=\"margin-top:10px\">Heligrid \u00e9 uma grelha de aterragem de baixa manuten\u00e7\u00e3o que permite aos helic\u00f3pteros e UAVs com um sistema de arp\u00e3o aterrar e descolar de forma segura e independente, no mar ou em terra, mesmo com mau tempo.  <\/p>\n<\/div><\/a><\/div>\n\n<div style=\"aspect-ratio:1;min-height:unset;\" class=\"wp-block-cover has-custom-content-position is-position-bottom-center is-style-product has-aspect-ratio\"><a href=\"https:\/\/crammhls.com\/pt-pt\/produtos\/produtos-adicionais\/\"><div class=\"image-wrap\"><img loading=\"lazy\" decoding=\"async\" width=\"1024\" height=\"768\" class=\"wp-block-cover__image-background wp-image-581 size-large\" alt=\"\" src=\"https:\/\/crammhls.com\/wp-content\/uploads\/2026\/02\/IMG-20200417-WA0008-1024x768.jpg\" data-object-fit=\"cover\" srcset=\"https:\/\/crammhls.com\/wp-content\/uploads\/2026\/02\/IMG-20200417-WA0008-1024x768.jpg 1024w, https:\/\/crammhls.com\/wp-content\/uploads\/2026\/02\/IMG-20200417-WA0008-300x225.jpg 300w, https:\/\/crammhls.com\/wp-content\/uploads\/2026\/02\/IMG-20200417-WA0008-768x576.jpg 768w, https:\/\/crammhls.com\/wp-content\/uploads\/2026\/02\/IMG-20200417-WA0008-1536x1152.jpg 1536w, https:\/\/crammhls.com\/wp-content\/uploads\/2026\/02\/IMG-20200417-WA0008.jpg 1600w\" sizes=\"auto, (max-width: 1024px) 100vw, 1024px\" \/><\/div><span aria-hidden=\"true\" class=\"wp-block-cover__background has-background-dim-100 has-background-dim wp-block-cover__gradient-background has-background-gradient has-gradient-50-down-gradient-background\"><\/span><div class=\"wp-block-cover__inner-container is-layout-constrained wp-block-cover-is-layout-constrained\">\n<h5 class=\"wp-block-heading has-text-align-center\"><span>Produtos adicionais<\/span><\/h5>\n\n\n\n<p class=\"has-text-align-center\" style=\"margin-top:10px\">HeliLift, HeliHatch, Helimat, para completar o seu sistema HeliGrid<\/p>\n<\/div><\/a><\/div><\/div>\n\n\n\n<div class=\"wp-block-buttons is-content-justification-center is-layout-flex wp-container-core-buttons-is-layout-a89b3969 wp-block-buttons-is-layout-flex\">\n<div class=\"wp-block-button is-style-outline is-style-outline--1\"><a class=\"wp-block-button__link has-secondary-color has-text-color has-link-color has-text-align-left wp-element-button\" href=\"https:\/\/crammhls.com\/pt-pt\/produtos\/\">Mais produtos<\/a><\/div>\n<\/div>\n<\/div>\n","protected":false},"excerpt":{"rendered":"<p>Helifence Gradeamento rebat\u00edvel \u00e0 volta do conv\u00e9s, em constru\u00e7\u00e3o na fase de engenharia. Lan\u00e7amento em setembro de 2026. Produtos relacionados<\/p>\n","protected":false},"author":2,"featured_media":0,"parent":798,"menu_order":0,"comment_status":"closed","ping_status":"closed","template":"","meta":{"_acf_changed":false,"inline_featured_image":false,"footnotes":""},"class_list":["post-841","page","type-page","status-publish","hentry"],"acf":[],"yoast_head":"<!-- This site is optimized with the Yoast SEO plugin v27.1.1 - https:\/\/yoast.com\/product\/yoast-seo-wordpress\/ -->\n<title>Helifence - Cramm HLS<\/title>\n<meta name=\"robots\" content=\"index, follow, max-snippet:-1, max-image-preview:large, max-video-preview:-1\" \/>\n<link rel=\"canonical\" href=\"https:\/\/crammhls.com\/pt-pt\/produtos\/helifence\/\" \/>\n<meta property=\"og:locale\" content=\"en_US\" \/>\n<meta property=\"og:type\" content=\"article\" \/>\n<meta property=\"og:title\" content=\"Helifence - Cramm HLS\" \/>\n<meta property=\"og:description\" content=\"Helifence Gradeamento rebat\u00edvel \u00e0 volta do conv\u00e9s, em constru\u00e7\u00e3o na fase de engenharia. Lan\u00e7amento em setembro de 2026. Produtos relacionados\" \/>\n<meta property=\"og:url\" content=\"https:\/\/crammhls.com\/pt-pt\/produtos\/helifence\/\" \/>\n<meta property=\"og:site_name\" content=\"Cramm HLS\" \/>\n<meta property=\"article:publisher\" content=\"https:\/\/www.facebook.com\/Cramm-HLS-208116189357468\/\" \/>\n<meta property=\"article:modified_time\" content=\"2026-02-25T15:43:32+00:00\" \/>\n<meta property=\"og:image\" content=\"https:\/\/crammhls.com\/wp-content\/uploads\/2025\/12\/img_1606-scaled.jpg\" \/>\n\t<meta property=\"og:image:width\" content=\"2560\" \/>\n\t<meta property=\"og:image:height\" content=\"1920\" \/>\n\t<meta property=\"og:image:type\" content=\"image\/jpeg\" \/>\n<meta name=\"twitter:card\" content=\"summary_large_image\" \/>\n<meta name=\"twitter:site\" content=\"@crammhls\" \/>\n<meta name=\"twitter:label1\" content=\"Est. reading time\" \/>\n\t<meta name=\"twitter:data1\" content=\"1 minute\" \/>\n<script type=\"application\/ld+json\" class=\"yoast-schema-graph\">{\"@context\":\"https:\/\/schema.org\",\"@graph\":[{\"@type\":\"WebPage\",\"@id\":\"https:\/\/crammhls.com\/pt-pt\/produtos\/helifence\/\",\"url\":\"https:\/\/crammhls.com\/pt-pt\/produtos\/helifence\/\",\"name\":\"Helifence - Cramm HLS\",\"isPartOf\":{\"@id\":\"https:\/\/crammhls.com\/#website\"},\"primaryImageOfPage\":{\"@id\":\"https:\/\/crammhls.com\/pt-pt\/produtos\/helifence\/#primaryimage\"},\"image\":{\"@id\":\"https:\/\/crammhls.com\/pt-pt\/produtos\/helifence\/#primaryimage\"},\"thumbnailUrl\":\"https:\/\/crammhls.com\/wp-content\/uploads\/2025\/12\/img_1606-1024x768.jpg\",\"datePublished\":\"2025-11-24T10:18:28+00:00\",\"dateModified\":\"2026-02-25T15:43:32+00:00\",\"breadcrumb\":{\"@id\":\"https:\/\/crammhls.com\/pt-pt\/produtos\/helifence\/#breadcrumb\"},\"inLanguage\":\"en-US\",\"potentialAction\":[{\"@type\":\"ReadAction\",\"target\":[\"https:\/\/crammhls.com\/pt-pt\/produtos\/helifence\/\"]}]},{\"@type\":\"ImageObject\",\"inLanguage\":\"en-US\",\"@id\":\"https:\/\/crammhls.com\/pt-pt\/produtos\/helifence\/#primaryimage\",\"url\":\"https:\/\/crammhls.com\/wp-content\/uploads\/2025\/12\/img_1606-1024x768.jpg\",\"contentUrl\":\"https:\/\/crammhls.com\/wp-content\/uploads\/2025\/12\/img_1606-1024x768.jpg\"},{\"@type\":\"BreadcrumbList\",\"@id\":\"https:\/\/crammhls.com\/pt-pt\/produtos\/helifence\/#breadcrumb\",\"itemListElement\":[{\"@type\":\"ListItem\",\"position\":1,\"name\":\"Home\",\"item\":\"https:\/\/crammhls.com\/pt-pt\/\"},{\"@type\":\"ListItem\",\"position\":2,\"name\":\"Produtos\",\"item\":\"https:\/\/crammhls.com\/pt-pt\/produtos\/\"},{\"@type\":\"ListItem\",\"position\":3,\"name\":\"Helifence\"}]},{\"@type\":\"WebSite\",\"@id\":\"https:\/\/crammhls.com\/#website\",\"url\":\"https:\/\/crammhls.com\/\",\"name\":\"Cramm HLS\",\"description\":\"Quality based on Experience \",\"publisher\":{\"@id\":\"https:\/\/crammhls.com\/#organization\"},\"potentialAction\":[{\"@type\":\"SearchAction\",\"target\":{\"@type\":\"EntryPoint\",\"urlTemplate\":\"https:\/\/crammhls.com\/?s={search_term_string}\"},\"query-input\":{\"@type\":\"PropertyValueSpecification\",\"valueRequired\":true,\"valueName\":\"search_term_string\"}}],\"inLanguage\":\"en-US\"},{\"@type\":\"Organization\",\"@id\":\"https:\/\/crammhls.com\/#organization\",\"name\":\"Cramm HLS\",\"url\":\"https:\/\/crammhls.com\/\",\"logo\":{\"@type\":\"ImageObject\",\"inLanguage\":\"en-US\",\"@id\":\"https:\/\/crammhls.com\/#\/schema\/logo\/image\/\",\"url\":\"https:\/\/crammhls.com\/wp-content\/uploads\/2025\/10\/logo.svg\",\"contentUrl\":\"https:\/\/crammhls.com\/wp-content\/uploads\/2025\/10\/logo.svg\",\"width\":307,\"height\":70,\"caption\":\"Cramm HLS\"},\"image\":{\"@id\":\"https:\/\/crammhls.com\/#\/schema\/logo\/image\/\"},\"sameAs\":[\"https:\/\/www.facebook.com\/Cramm-HLS-208116189357468\/\",\"https:\/\/x.com\/crammhls\",\"https:\/\/www.linkedin.com\/company\/cramm-hls\",\"https:\/\/www.youtube.com\/channel\/UCABAFhJ13ryYECnfCaKlK8w\"]}]}<\/script>\n<!-- \/ Yoast SEO plugin. -->","yoast_head_json":{"title":"Helifence - Cramm HLS","robots":{"index":"index","follow":"follow","max-snippet":"max-snippet:-1","max-image-preview":"max-image-preview:large","max-video-preview":"max-video-preview:-1"},"canonical":"https:\/\/crammhls.com\/pt-pt\/produtos\/helifence\/","og_locale":"en_US","og_type":"article","og_title":"Helifence - Cramm HLS","og_description":"Helifence Gradeamento rebat\u00edvel \u00e0 volta do conv\u00e9s, em constru\u00e7\u00e3o na fase de engenharia. Lan\u00e7amento em setembro de 2026. Produtos relacionados","og_url":"https:\/\/crammhls.com\/pt-pt\/produtos\/helifence\/","og_site_name":"Cramm HLS","article_publisher":"https:\/\/www.facebook.com\/Cramm-HLS-208116189357468\/","article_modified_time":"2026-02-25T15:43:32+00:00","og_image":[{"width":2560,"height":1920,"url":"https:\/\/crammhls.com\/wp-content\/uploads\/2025\/12\/img_1606-scaled.jpg","type":"image\/jpeg"}],"twitter_card":"summary_large_image","twitter_site":"@crammhls","twitter_misc":{"Est. reading time":"1 minute"},"schema":{"@context":"https:\/\/schema.org","@graph":[{"@type":"WebPage","@id":"https:\/\/crammhls.com\/pt-pt\/produtos\/helifence\/","url":"https:\/\/crammhls.com\/pt-pt\/produtos\/helifence\/","name":"Helifence - Cramm HLS","isPartOf":{"@id":"https:\/\/crammhls.com\/#website"},"primaryImageOfPage":{"@id":"https:\/\/crammhls.com\/pt-pt\/produtos\/helifence\/#primaryimage"},"image":{"@id":"https:\/\/crammhls.com\/pt-pt\/produtos\/helifence\/#primaryimage"},"thumbnailUrl":"https:\/\/crammhls.com\/wp-content\/uploads\/2025\/12\/img_1606-1024x768.jpg","datePublished":"2025-11-24T10:18:28+00:00","dateModified":"2026-02-25T15:43:32+00:00","breadcrumb":{"@id":"https:\/\/crammhls.com\/pt-pt\/produtos\/helifence\/#breadcrumb"},"inLanguage":"en-US","potentialAction":[{"@type":"ReadAction","target":["https:\/\/crammhls.com\/pt-pt\/produtos\/helifence\/"]}]},{"@type":"ImageObject","inLanguage":"en-US","@id":"https:\/\/crammhls.com\/pt-pt\/produtos\/helifence\/#primaryimage","url":"https:\/\/crammhls.com\/wp-content\/uploads\/2025\/12\/img_1606-1024x768.jpg","contentUrl":"https:\/\/crammhls.com\/wp-content\/uploads\/2025\/12\/img_1606-1024x768.jpg"},{"@type":"BreadcrumbList","@id":"https:\/\/crammhls.com\/pt-pt\/produtos\/helifence\/#breadcrumb","itemListElement":[{"@type":"ListItem","position":1,"name":"Home","item":"https:\/\/crammhls.com\/pt-pt\/"},{"@type":"ListItem","position":2,"name":"Produtos","item":"https:\/\/crammhls.com\/pt-pt\/produtos\/"},{"@type":"ListItem","position":3,"name":"Helifence"}]},{"@type":"WebSite","@id":"https:\/\/crammhls.com\/#website","url":"https:\/\/crammhls.com\/","name":"Cramm HLS","description":"Quality based on Experience ","publisher":{"@id":"https:\/\/crammhls.com\/#organization"},"potentialAction":[{"@type":"SearchAction","target":{"@type":"EntryPoint","urlTemplate":"https:\/\/crammhls.com\/?s={search_term_string}"},"query-input":{"@type":"PropertyValueSpecification","valueRequired":true,"valueName":"search_term_string"}}],"inLanguage":"en-US"},{"@type":"Organization","@id":"https:\/\/crammhls.com\/#organization","name":"Cramm HLS","url":"https:\/\/crammhls.com\/","logo":{"@type":"ImageObject","inLanguage":"en-US","@id":"https:\/\/crammhls.com\/#\/schema\/logo\/image\/","url":"https:\/\/crammhls.com\/wp-content\/uploads\/2025\/10\/logo.svg","contentUrl":"https:\/\/crammhls.com\/wp-content\/uploads\/2025\/10\/logo.svg","width":307,"height":70,"caption":"Cramm HLS"},"image":{"@id":"https:\/\/crammhls.com\/#\/schema\/logo\/image\/"},"sameAs":["https:\/\/www.facebook.com\/Cramm-HLS-208116189357468\/","https:\/\/x.com\/crammhls","https:\/\/www.linkedin.com\/company\/cramm-hls","https:\/\/www.youtube.com\/channel\/UCABAFhJ13ryYECnfCaKlK8w"]}]}},"_links":{"self":[{"href":"https:\/\/crammhls.com\/pt-pt\/wp-json\/wp\/v2\/pages\/841","targetHints":{"allow":["GET"]}}],"collection":[{"href":"https:\/\/crammhls.com\/pt-pt\/wp-json\/wp\/v2\/pages"}],"about":[{"href":"https:\/\/crammhls.com\/pt-pt\/wp-json\/wp\/v2\/types\/page"}],"author":[{"embeddable":true,"href":"https:\/\/crammhls.com\/pt-pt\/wp-json\/wp\/v2\/users\/2"}],"replies":[{"embeddable":true,"href":"https:\/\/crammhls.com\/pt-pt\/wp-json\/wp\/v2\/comments?post=841"}],"version-history":[{"count":3,"href":"https:\/\/crammhls.com\/pt-pt\/wp-json\/wp\/v2\/pages\/841\/revisions"}],"predecessor-version":[{"id":920,"href":"https:\/\/crammhls.com\/pt-pt\/wp-json\/wp\/v2\/pages\/841\/revisions\/920"}],"up":[{"embeddable":true,"href":"https:\/\/crammhls.com\/pt-pt\/wp-json\/wp\/v2\/pages\/798"}],"wp:attachment":[{"href":"https:\/\/crammhls.com\/pt-pt\/wp-json\/wp\/v2\/media?parent=841"}],"curies":[{"name":"wp","href":"https:\/\/api.w.org\/{rel}","templated":true}]}}