{"id":895,"date":"2025-10-29T08:57:15","date_gmt":"2025-10-29T08:57:15","guid":{"rendered":"https:\/\/crammhls.com\/projectos\/"},"modified":"2026-02-25T15:41:16","modified_gmt":"2026-02-25T15:41:16","slug":"projectos","status":"publish","type":"page","link":"https:\/\/crammhls.com\/pt-pt\/projectos\/","title":{"rendered":"Projectos"},"content":{"rendered":"<div class=\"aligncenter wp-block-acf-breadcrumbs\">\r\n    <div class=\"breadcrumbs depth-1\">\r\n        <span class=\"separator home\"><\/span><a href=\"https:\/\/crammhls.com\/pt-pt\/\" class=\"home\">Home<\/a>    <\/div>\r\n<\/div>\n<h1 class=\"wp-block-heading has-text-align-center\">Os nossos projectos<\/h1>\n\n<p class=\"has-text-align-center\">Os nossos projectos destacam a forma como o Cramm HLS apoia opera\u00e7\u00f5es de helic\u00f3pteros seguras e fi\u00e1veis numa variedade de navios e plataformas. Com base na experi\u00eancia do SMI Groep e da Cramm Yachting Systems, fornecemos solu\u00e7\u00f5es Heligrid e Helideck que cumprem as normas de seguran\u00e7a e desempenho estabelecidas.  <\/p>\n<div style=\"margin-top:var(--wp--preset--spacing--50);margin-bottom:var(--wp--preset--spacing--50);\" class=\"alignwide wp-block-acf-project-overview\">\r\n        <div class=\"grid is-layout-grid\">\r\n            <div style=\"aspect-ratio:1;min-height:unset;\" class=\"wp-block-cover has-custom-content-position is-position-bottom-center is-style-product has-aspect-ratio\">\r\n            <a href=\"https:\/\/crammhls.com\/pt-pt\/project\/heligrid-com-altura-reduzida\/\">\r\n                <img loading=\"lazy\" decoding=\"async\" width=\"1024\" height=\"683\" src=\"https:\/\/crammhls.com\/wp-content\/uploads\/2025\/12\/ChatGPT-Image-Dec-1-2025-04_44_34-PM-1024x683.png\" class=\"wp-block-cover__image-background\" alt=\"\" srcset=\"https:\/\/crammhls.com\/wp-content\/uploads\/2025\/12\/ChatGPT-Image-Dec-1-2025-04_44_34-PM-1024x683.png 1024w, https:\/\/crammhls.com\/wp-content\/uploads\/2025\/12\/ChatGPT-Image-Dec-1-2025-04_44_34-PM-300x200.png 300w, https:\/\/crammhls.com\/wp-content\/uploads\/2025\/12\/ChatGPT-Image-Dec-1-2025-04_44_34-PM-768x512.png 768w, https:\/\/crammhls.com\/wp-content\/uploads\/2025\/12\/ChatGPT-Image-Dec-1-2025-04_44_34-PM.png 1536w\" sizes=\"auto, (max-width: 1024px) 100vw, 1024px\" \/>                <span aria-hidden=\"true\" class=\"wp-block-cover__background has-background-dim-100 has-background-dim wp-block-cover__gradient-background has-background-gradient has-gradient-50-down-gradient-background\"><\/span>\r\n                <div class=\"wp-block-cover__inner-container\">\r\n                    <h5 class=\"wp-block-heading has-text-align-center\" style=\"margin-top:10px\">HeliGrid com altura reduzida<\/h5>\r\n                <\/div>\r\n            <\/a>\r\n        <\/div>\r\n            <div style=\"aspect-ratio:1;min-height:unset;\" class=\"wp-block-cover has-custom-content-position is-position-bottom-center is-style-product has-aspect-ratio\">\r\n            <a href=\"https:\/\/crammhls.com\/pt-pt\/project\/heligrid-para-testes-de-drones-no-simulador-deckmotion-da-airbus\/\">\r\n                <img loading=\"lazy\" decoding=\"async\" width=\"1024\" height=\"687\" src=\"https:\/\/crammhls.com\/wp-content\/uploads\/2025\/11\/Airbus_Deckfinder-1024x687.png\" class=\"wp-block-cover__image-background\" alt=\"\" srcset=\"https:\/\/crammhls.com\/wp-content\/uploads\/2025\/11\/Airbus_Deckfinder-1024x687.png 1024w, https:\/\/crammhls.com\/wp-content\/uploads\/2025\/11\/Airbus_Deckfinder-300x201.png 300w, https:\/\/crammhls.com\/wp-content\/uploads\/2025\/11\/Airbus_Deckfinder-768x515.png 768w, https:\/\/crammhls.com\/wp-content\/uploads\/2025\/11\/Airbus_Deckfinder-1536x1030.png 1536w, https:\/\/crammhls.com\/wp-content\/uploads\/2025\/11\/Airbus_Deckfinder.png 1920w\" sizes=\"auto, (max-width: 1024px) 100vw, 1024px\" \/>                <span aria-hidden=\"true\" class=\"wp-block-cover__background has-background-dim-100 has-background-dim wp-block-cover__gradient-background has-background-gradient has-gradient-50-down-gradient-background\"><\/span>\r\n                <div class=\"wp-block-cover__inner-container\">\r\n                    <h5 class=\"wp-block-heading has-text-align-center\" style=\"margin-top:10px\">Heligrid para testes de drones no simulador Deckmotion da Airbus<\/h5>\r\n                <\/div>\r\n            <\/a>\r\n        <\/div>\r\n        <\/div>\r\n    <\/div><div class=\"wp-block-cover alignfull is-light has-custom-content-position is-position-center-left is-style-has-arrow-group is-style-product\"><div class=\"image-wrap\"><img loading=\"lazy\" decoding=\"async\" width=\"2560\" height=\"1708\" class=\"wp-block-cover__image-background wp-image-561 size-full\" alt=\"\" src=\"https:\/\/crammhls.com\/wp-content\/uploads\/2026\/02\/250426_HESY_6421-scaled.jpg\" data-object-fit=\"cover\" srcset=\"https:\/\/crammhls.com\/wp-content\/uploads\/2026\/02\/250426_HESY_6421-scaled.jpg 2560w, https:\/\/crammhls.com\/wp-content\/uploads\/2026\/02\/250426_HESY_6421-300x200.jpg 300w, https:\/\/crammhls.com\/wp-content\/uploads\/2026\/02\/250426_HESY_6421-1024x683.jpg 1024w, https:\/\/crammhls.com\/wp-content\/uploads\/2026\/02\/250426_HESY_6421-768x512.jpg 768w, https:\/\/crammhls.com\/wp-content\/uploads\/2026\/02\/250426_HESY_6421-1536x1025.jpg 1536w, https:\/\/crammhls.com\/wp-content\/uploads\/2026\/02\/250426_HESY_6421-2048x1366.jpg 2048w\" sizes=\"auto, (max-width: 2560px) 100vw, 2560px\" \/><\/div><span aria-hidden=\"true\" class=\"wp-block-cover__background has-background-dim-0 has-background-dim\" style=\"background-color:#8b9ebf\"><\/span><div class=\"wp-block-cover__inner-container is-layout-constrained wp-block-cover-is-layout-constrained\">\n<div class=\"wp-block-group is-style-arrow-right is-layout-constrained wp-block-group-is-layout-constrained\">\n<div class=\"wp-block-group is-layout-constrained wp-container-core-group-is-layout-a099c240 wp-block-group-is-layout-constrained\">\n<p class=\"has-text-align-center has-medium-font-size\" style=\"font-style:normal;font-weight:100;text-transform:uppercase\"><mark style=\"background-color:rgba(0, 0, 0, 0)\" class=\"has-inline-color has-secondary-color\">Todos os pormenores<\/mark> s\u00e3o <mark style=\"background-color:rgba(0, 0, 0, 0)\" class=\"has-inline-color has-secondary-color\">importantes<\/mark>, cada solu\u00e7\u00e3o \u00e9 concebida com precis\u00e3o e com a seguran\u00e7a em primeiro lugar.  <\/p>\n<\/div>\n<\/div>\n<\/div><\/div>","protected":false},"excerpt":{"rendered":"<p>Os nossos projectos Os nossos projectos destacam a forma como o Cramm HLS apoia opera\u00e7\u00f5es de helic\u00f3pteros seguras e fi\u00e1veis numa variedade de navios e plataformas. Com base na experi\u00eancia do SMI Groep e da Cramm Yachting Systems, fornecemos solu\u00e7\u00f5es Heligrid e Helideck que cumprem as normas de seguran\u00e7a e desempenho estabelecidas.<\/p>\n","protected":false},"author":1,"featured_media":0,"parent":0,"menu_order":0,"comment_status":"closed","ping_status":"closed","template":"","meta":{"_acf_changed":false,"inline_featured_image":false,"footnotes":""},"class_list":["post-895","page","type-page","status-publish","hentry"],"acf":[],"yoast_head":"<!-- This site is optimized with the Yoast SEO plugin v27.1.1 - https:\/\/yoast.com\/product\/yoast-seo-wordpress\/ -->\n<title>Projectos - Cramm HLS<\/title>\n<meta name=\"robots\" content=\"index, follow, max-snippet:-1, max-image-preview:large, max-video-preview:-1\" \/>\n<link rel=\"canonical\" href=\"https:\/\/crammhls.com\/pt-pt\/projectos\/\" \/>\n<meta property=\"og:locale\" content=\"en_US\" \/>\n<meta property=\"og:type\" content=\"article\" \/>\n<meta property=\"og:title\" content=\"Projectos - Cramm HLS\" \/>\n<meta property=\"og:description\" content=\"Os nossos projectos Os nossos projectos destacam a forma como o Cramm HLS apoia opera\u00e7\u00f5es de helic\u00f3pteros seguras e fi\u00e1veis numa variedade de navios e plataformas. Com base na experi\u00eancia do SMI Groep e da Cramm Yachting Systems, fornecemos solu\u00e7\u00f5es Heligrid e Helideck que cumprem as normas de seguran\u00e7a e desempenho estabelecidas.\" \/>\n<meta property=\"og:url\" content=\"https:\/\/crammhls.com\/pt-pt\/projectos\/\" \/>\n<meta property=\"og:site_name\" content=\"Cramm HLS\" \/>\n<meta property=\"article:publisher\" content=\"https:\/\/www.facebook.com\/Cramm-HLS-208116189357468\/\" \/>\n<meta property=\"article:modified_time\" content=\"2026-02-25T15:41:16+00:00\" \/>\n<meta property=\"og:image\" content=\"https:\/\/crammhls.com\/wp-content\/uploads\/2026\/02\/250426_HESY_6421-scaled.jpg\" \/>\n<meta name=\"twitter:card\" content=\"summary_large_image\" \/>\n<meta name=\"twitter:site\" content=\"@crammhls\" \/>\n<script type=\"application\/ld+json\" class=\"yoast-schema-graph\">{\"@context\":\"https:\/\/schema.org\",\"@graph\":[{\"@type\":\"WebPage\",\"@id\":\"https:\/\/crammhls.com\/pt-pt\/projectos\/\",\"url\":\"https:\/\/crammhls.com\/pt-pt\/projectos\/\",\"name\":\"Projectos - Cramm HLS\",\"isPartOf\":{\"@id\":\"https:\/\/crammhls.com\/#website\"},\"primaryImageOfPage\":{\"@id\":\"https:\/\/crammhls.com\/pt-pt\/projectos\/#primaryimage\"},\"image\":{\"@id\":\"https:\/\/crammhls.com\/pt-pt\/projectos\/#primaryimage\"},\"thumbnailUrl\":\"https:\/\/crammhls.com\/wp-content\/uploads\/2026\/02\/250426_HESY_6421-scaled.jpg\",\"datePublished\":\"2025-10-29T08:57:15+00:00\",\"dateModified\":\"2026-02-25T15:41:16+00:00\",\"breadcrumb\":{\"@id\":\"https:\/\/crammhls.com\/pt-pt\/projectos\/#breadcrumb\"},\"inLanguage\":\"en-US\",\"potentialAction\":[{\"@type\":\"ReadAction\",\"target\":[\"https:\/\/crammhls.com\/pt-pt\/projectos\/\"]}]},{\"@type\":\"ImageObject\",\"inLanguage\":\"en-US\",\"@id\":\"https:\/\/crammhls.com\/pt-pt\/projectos\/#primaryimage\",\"url\":\"https:\/\/crammhls.com\/wp-content\/uploads\/2026\/02\/250426_HESY_6421-scaled.jpg\",\"contentUrl\":\"https:\/\/crammhls.com\/wp-content\/uploads\/2026\/02\/250426_HESY_6421-scaled.jpg\"},{\"@type\":\"BreadcrumbList\",\"@id\":\"https:\/\/crammhls.com\/pt-pt\/projectos\/#breadcrumb\",\"itemListElement\":[{\"@type\":\"ListItem\",\"position\":1,\"name\":\"Home\",\"item\":\"https:\/\/crammhls.com\/pt-pt\/\"},{\"@type\":\"ListItem\",\"position\":2,\"name\":\"Projectos\"}]},{\"@type\":\"WebSite\",\"@id\":\"https:\/\/crammhls.com\/#website\",\"url\":\"https:\/\/crammhls.com\/\",\"name\":\"Cramm HLS\",\"description\":\"Quality based on Experience \",\"publisher\":{\"@id\":\"https:\/\/crammhls.com\/#organization\"},\"potentialAction\":[{\"@type\":\"SearchAction\",\"target\":{\"@type\":\"EntryPoint\",\"urlTemplate\":\"https:\/\/crammhls.com\/?s={search_term_string}\"},\"query-input\":{\"@type\":\"PropertyValueSpecification\",\"valueRequired\":true,\"valueName\":\"search_term_string\"}}],\"inLanguage\":\"en-US\"},{\"@type\":\"Organization\",\"@id\":\"https:\/\/crammhls.com\/#organization\",\"name\":\"Cramm HLS\",\"url\":\"https:\/\/crammhls.com\/\",\"logo\":{\"@type\":\"ImageObject\",\"inLanguage\":\"en-US\",\"@id\":\"https:\/\/crammhls.com\/#\/schema\/logo\/image\/\",\"url\":\"https:\/\/crammhls.com\/wp-content\/uploads\/2025\/10\/logo.svg\",\"contentUrl\":\"https:\/\/crammhls.com\/wp-content\/uploads\/2025\/10\/logo.svg\",\"width\":307,\"height\":70,\"caption\":\"Cramm HLS\"},\"image\":{\"@id\":\"https:\/\/crammhls.com\/#\/schema\/logo\/image\/\"},\"sameAs\":[\"https:\/\/www.facebook.com\/Cramm-HLS-208116189357468\/\",\"https:\/\/x.com\/crammhls\",\"https:\/\/www.linkedin.com\/company\/cramm-hls\",\"https:\/\/www.youtube.com\/channel\/UCABAFhJ13ryYECnfCaKlK8w\"]}]}<\/script>\n<!-- \/ Yoast SEO plugin. -->","yoast_head_json":{"title":"Projectos - Cramm HLS","robots":{"index":"index","follow":"follow","max-snippet":"max-snippet:-1","max-image-preview":"max-image-preview:large","max-video-preview":"max-video-preview:-1"},"canonical":"https:\/\/crammhls.com\/pt-pt\/projectos\/","og_locale":"en_US","og_type":"article","og_title":"Projectos - Cramm HLS","og_description":"Os nossos projectos Os nossos projectos destacam a forma como o Cramm HLS apoia opera\u00e7\u00f5es de helic\u00f3pteros seguras e fi\u00e1veis numa variedade de navios e plataformas. Com base na experi\u00eancia do SMI Groep e da Cramm Yachting Systems, fornecemos solu\u00e7\u00f5es Heligrid e Helideck que cumprem as normas de seguran\u00e7a e desempenho estabelecidas.","og_url":"https:\/\/crammhls.com\/pt-pt\/projectos\/","og_site_name":"Cramm HLS","article_publisher":"https:\/\/www.facebook.com\/Cramm-HLS-208116189357468\/","article_modified_time":"2026-02-25T15:41:16+00:00","og_image":[{"url":"https:\/\/crammhls.com\/wp-content\/uploads\/2026\/02\/250426_HESY_6421-scaled.jpg","type":"","width":"","height":""}],"twitter_card":"summary_large_image","twitter_site":"@crammhls","schema":{"@context":"https:\/\/schema.org","@graph":[{"@type":"WebPage","@id":"https:\/\/crammhls.com\/pt-pt\/projectos\/","url":"https:\/\/crammhls.com\/pt-pt\/projectos\/","name":"Projectos - Cramm HLS","isPartOf":{"@id":"https:\/\/crammhls.com\/#website"},"primaryImageOfPage":{"@id":"https:\/\/crammhls.com\/pt-pt\/projectos\/#primaryimage"},"image":{"@id":"https:\/\/crammhls.com\/pt-pt\/projectos\/#primaryimage"},"thumbnailUrl":"https:\/\/crammhls.com\/wp-content\/uploads\/2026\/02\/250426_HESY_6421-scaled.jpg","datePublished":"2025-10-29T08:57:15+00:00","dateModified":"2026-02-25T15:41:16+00:00","breadcrumb":{"@id":"https:\/\/crammhls.com\/pt-pt\/projectos\/#breadcrumb"},"inLanguage":"en-US","potentialAction":[{"@type":"ReadAction","target":["https:\/\/crammhls.com\/pt-pt\/projectos\/"]}]},{"@type":"ImageObject","inLanguage":"en-US","@id":"https:\/\/crammhls.com\/pt-pt\/projectos\/#primaryimage","url":"https:\/\/crammhls.com\/wp-content\/uploads\/2026\/02\/250426_HESY_6421-scaled.jpg","contentUrl":"https:\/\/crammhls.com\/wp-content\/uploads\/2026\/02\/250426_HESY_6421-scaled.jpg"},{"@type":"BreadcrumbList","@id":"https:\/\/crammhls.com\/pt-pt\/projectos\/#breadcrumb","itemListElement":[{"@type":"ListItem","position":1,"name":"Home","item":"https:\/\/crammhls.com\/pt-pt\/"},{"@type":"ListItem","position":2,"name":"Projectos"}]},{"@type":"WebSite","@id":"https:\/\/crammhls.com\/#website","url":"https:\/\/crammhls.com\/","name":"Cramm HLS","description":"Quality based on Experience ","publisher":{"@id":"https:\/\/crammhls.com\/#organization"},"potentialAction":[{"@type":"SearchAction","target":{"@type":"EntryPoint","urlTemplate":"https:\/\/crammhls.com\/?s={search_term_string}"},"query-input":{"@type":"PropertyValueSpecification","valueRequired":true,"valueName":"search_term_string"}}],"inLanguage":"en-US"},{"@type":"Organization","@id":"https:\/\/crammhls.com\/#organization","name":"Cramm HLS","url":"https:\/\/crammhls.com\/","logo":{"@type":"ImageObject","inLanguage":"en-US","@id":"https:\/\/crammhls.com\/#\/schema\/logo\/image\/","url":"https:\/\/crammhls.com\/wp-content\/uploads\/2025\/10\/logo.svg","contentUrl":"https:\/\/crammhls.com\/wp-content\/uploads\/2025\/10\/logo.svg","width":307,"height":70,"caption":"Cramm HLS"},"image":{"@id":"https:\/\/crammhls.com\/#\/schema\/logo\/image\/"},"sameAs":["https:\/\/www.facebook.com\/Cramm-HLS-208116189357468\/","https:\/\/x.com\/crammhls","https:\/\/www.linkedin.com\/company\/cramm-hls","https:\/\/www.youtube.com\/channel\/UCABAFhJ13ryYECnfCaKlK8w"]}]}},"_links":{"self":[{"href":"https:\/\/crammhls.com\/pt-pt\/wp-json\/wp\/v2\/pages\/895","targetHints":{"allow":["GET"]}}],"collection":[{"href":"https:\/\/crammhls.com\/pt-pt\/wp-json\/wp\/v2\/pages"}],"about":[{"href":"https:\/\/crammhls.com\/pt-pt\/wp-json\/wp\/v2\/types\/page"}],"author":[{"embeddable":true,"href":"https:\/\/crammhls.com\/pt-pt\/wp-json\/wp\/v2\/users\/1"}],"replies":[{"embeddable":true,"href":"https:\/\/crammhls.com\/pt-pt\/wp-json\/wp\/v2\/comments?post=895"}],"version-history":[{"count":1,"href":"https:\/\/crammhls.com\/pt-pt\/wp-json\/wp\/v2\/pages\/895\/revisions"}],"predecessor-version":[{"id":897,"href":"https:\/\/crammhls.com\/pt-pt\/wp-json\/wp\/v2\/pages\/895\/revisions\/897"}],"wp:attachment":[{"href":"https:\/\/crammhls.com\/pt-pt\/wp-json\/wp\/v2\/media?parent=895"}],"curies":[{"name":"wp","href":"https:\/\/api.w.org\/{rel}","templated":true}]}}