{"id":931,"date":"2026-02-18T10:13:59","date_gmt":"2026-02-18T10:13:59","guid":{"rendered":"https:\/\/crammhls.com\/cookies\/"},"modified":"2026-02-25T15:44:08","modified_gmt":"2026-02-25T15:44:08","slug":"cookies","status":"publish","type":"page","link":"https:\/\/crammhls.com\/pt-pt\/cookies\/","title":{"rendered":"Cookies"},"content":{"rendered":"\n<h2 class=\"wp-block-heading\">Cookies<\/h2>\n\n<p>O nosso s\u00edtio Web utiliza cookies. Estes s\u00e3o pequenos ficheiros de texto (tempor\u00e1rios) para o seu PC, para que n\u00e3o tenha de introduzir ou descarregar novamente as mesmas informa\u00e7\u00f5es. \u00c9 pr\u00e1tico, n\u00e3o \u00e9? Os cookies d\u00e3o-nos informa\u00e7\u00f5es sobre a forma como utiliza o s\u00edtio Web e fornecem-nos indica\u00e7\u00f5es sobre como melhorar a sua utiliza\u00e7\u00e3o. Tamb\u00e9m utilizamos cookies para fins de marketing, para lhe apresentarmos informa\u00e7\u00f5es relevantes para si.    <\/p>\n\n<h5 class=\"wp-block-heading\">ACEITAR COOKIES<\/h5>\n\n<p>Se quiser utilizar o nosso s\u00edtio Web da forma mais optimizada poss\u00edvel, \u00e9 necess\u00e1rio aceitar os cookies. Aceitar \u00e9 muito simples, s\u00f3 tem de clicar em &#8216;aceitar&#8217;. <\/p>\n\n<h5 class=\"wp-block-heading\">N\u00c3O TEM APETITE PARA COMER BOLACHAS?<\/h5>\n\n<p>N\u00e3o est\u00e1 interessado em cookies? Ent\u00e3o tamb\u00e9m pode desactiv\u00e1-los no seu browser. No entanto, o nosso s\u00edtio Web n\u00e3o funcionar\u00e1 da melhor forma. Clique num dos navegadores abaixo para obter mais explica\u00e7\u00f5es sobre como desativar os cookies.   <\/p>\n\n<ul class=\"wp-block-list\">\n<li><a href=\"https:\/\/www.google.com\/intl\/nl_nl\/chrome\/\" target=\"_blank\" rel=\"noreferrer noopener\">Cromado<\/a><\/li>\n\n\n\n<li><a href=\"https:\/\/www.mozilla.org\/nl\/firefox\/new\/\" target=\"_blank\" rel=\"noreferrer noopener\">Firefox<\/a><\/li>\n\n\n\n<li><a href=\"https:\/\/www.microsoft.com\/nl-nl\/\" target=\"_blank\" rel=\"noreferrer noopener\">Internet Explorer<\/a><\/li>\n\n\n\n<li><a href=\"https:\/\/www.microsoft.com\/nl-nl\/edge\" target=\"_blank\" rel=\"noreferrer noopener\">Borda<\/a><\/li>\n\n\n\n<li><a href=\"https:\/\/apps.apple.com\/nl\/app\/safari\/id1146562112\" target=\"_blank\" rel=\"noreferrer noopener\">Safari (iOS)<\/a><\/li>\n\n\n\n<li><a href=\"https:\/\/www.apple.com\/safari\/\" target=\"_blank\" rel=\"noreferrer noopener\">Safari (macOS)<\/a><\/li>\n<\/ul>\n\n<h5 class=\"wp-block-heading\">QUE COOKIES UTILIZAMOS?<\/h5>\n\n<p>Assim que visitar o nosso s\u00edtio Web, estas informa\u00e7\u00f5es ser\u00e3o guardadas. O que isto significa para si \u00e9 que n\u00e3o ter\u00e1 de voltar a introduzir as suas informa\u00e7\u00f5es quando preencher um formul\u00e1rio de contacto, caso tenha de recarregar a sess\u00e3o. As suas informa\u00e7\u00f5es n\u00e3o ser\u00e3o partilhadas com terceiros. Para mais informa\u00e7\u00f5es, leia a nossa declara\u00e7\u00e3o de privacidade.   <\/p>\n\n<h5 class=\"wp-block-heading\">COOKIES FUNCIONAIS<\/h5>\n\n<p>Isto garante que o nosso s\u00edtio Web funciona de forma optimizada. Por exemplo, sem estes cookies seria dif\u00edcil fazer com que um s\u00edtio Web se lembrasse de que iniciou sess\u00e3o. <\/p>\n\n<h5 class=\"wp-block-heading\">COOKIES DE AN\u00c1LISE<\/h5>\n\n<p>Estes cookies recolhem informa\u00e7\u00f5es sobre a forma como o nosso s\u00edtio Web \u00e9 utilizado pelos seus visitantes. Utilizamos estas informa\u00e7\u00f5es para melhorar o s\u00edtio Web. Tamb\u00e9m nos permite mostrar informa\u00e7\u00f5es que s\u00e3o relevantes para si. Desta forma, podemos melhorar continuamente os nossos produtos e servi\u00e7os.   <\/p>\n\n<h5 class=\"wp-block-heading\">COOKIES DE MARKETING<\/h5>\n\n<p>Estes cookies s\u00e3o utilizados para fins de marketing. Desta forma, podemos enviar-lhe informa\u00e7\u00f5es ou ofertas que s\u00e3o efetivamente aplic\u00e1veis a si. <\/p>\n\n<p><\/p>\n","protected":false},"excerpt":{"rendered":"<p>Cookies O nosso s\u00edtio Web utiliza cookies. Estes s\u00e3o pequenos ficheiros de texto (tempor\u00e1rios) para o seu PC, para que n\u00e3o tenha de introduzir ou descarregar novamente as mesmas informa\u00e7\u00f5es. \u00c9 pr\u00e1tico, n\u00e3o \u00e9? Os cookies d\u00e3o-nos informa\u00e7\u00f5es sobre a forma como utiliza o s\u00edtio Web e fornecem-nos indica\u00e7\u00f5es sobre como melhorar a sua utiliza\u00e7\u00e3o. [&hellip;]<\/p>\n","protected":false},"author":2,"featured_media":0,"parent":0,"menu_order":0,"comment_status":"closed","ping_status":"closed","template":"","meta":{"_acf_changed":false,"inline_featured_image":false,"footnotes":""},"class_list":["post-931","page","type-page","status-publish","hentry"],"acf":[],"yoast_head":"<!-- This site is optimized with the Yoast SEO plugin v27.1.1 - https:\/\/yoast.com\/product\/yoast-seo-wordpress\/ -->\n<title>Cookies - Cramm HLS<\/title>\n<meta name=\"robots\" content=\"index, follow, max-snippet:-1, max-image-preview:large, max-video-preview:-1\" \/>\n<link rel=\"canonical\" href=\"https:\/\/crammhls.com\/pt-pt\/cookies\/\" \/>\n<meta property=\"og:locale\" content=\"en_US\" \/>\n<meta property=\"og:type\" content=\"article\" \/>\n<meta property=\"og:title\" content=\"Cookies - Cramm HLS\" \/>\n<meta property=\"og:description\" content=\"Cookies O nosso s\u00edtio Web utiliza cookies. Estes s\u00e3o pequenos ficheiros de texto (tempor\u00e1rios) para o seu PC, para que n\u00e3o tenha de introduzir ou descarregar novamente as mesmas informa\u00e7\u00f5es. \u00c9 pr\u00e1tico, n\u00e3o \u00e9? Os cookies d\u00e3o-nos informa\u00e7\u00f5es sobre a forma como utiliza o s\u00edtio Web e fornecem-nos indica\u00e7\u00f5es sobre como melhorar a sua utiliza\u00e7\u00e3o. [&hellip;]\" \/>\n<meta property=\"og:url\" content=\"https:\/\/crammhls.com\/pt-pt\/cookies\/\" \/>\n<meta property=\"og:site_name\" content=\"Cramm HLS\" \/>\n<meta property=\"article:publisher\" content=\"https:\/\/www.facebook.com\/Cramm-HLS-208116189357468\/\" \/>\n<meta property=\"article:modified_time\" content=\"2026-02-25T15:44:08+00:00\" \/>\n<meta name=\"twitter:card\" content=\"summary_large_image\" \/>\n<meta name=\"twitter:site\" content=\"@crammhls\" \/>\n<meta name=\"twitter:label1\" content=\"Est. reading time\" \/>\n\t<meta name=\"twitter:data1\" content=\"2 minutes\" \/>\n<script type=\"application\/ld+json\" class=\"yoast-schema-graph\">{\"@context\":\"https:\/\/schema.org\",\"@graph\":[{\"@type\":\"WebPage\",\"@id\":\"https:\/\/crammhls.com\/pt-pt\/cookies\/\",\"url\":\"https:\/\/crammhls.com\/pt-pt\/cookies\/\",\"name\":\"Cookies - Cramm HLS\",\"isPartOf\":{\"@id\":\"https:\/\/crammhls.com\/#website\"},\"datePublished\":\"2026-02-18T10:13:59+00:00\",\"dateModified\":\"2026-02-25T15:44:08+00:00\",\"breadcrumb\":{\"@id\":\"https:\/\/crammhls.com\/pt-pt\/cookies\/#breadcrumb\"},\"inLanguage\":\"en-US\",\"potentialAction\":[{\"@type\":\"ReadAction\",\"target\":[\"https:\/\/crammhls.com\/pt-pt\/cookies\/\"]}]},{\"@type\":\"BreadcrumbList\",\"@id\":\"https:\/\/crammhls.com\/pt-pt\/cookies\/#breadcrumb\",\"itemListElement\":[{\"@type\":\"ListItem\",\"position\":1,\"name\":\"Home\",\"item\":\"https:\/\/crammhls.com\/pt-pt\/\"},{\"@type\":\"ListItem\",\"position\":2,\"name\":\"Cookies\"}]},{\"@type\":\"WebSite\",\"@id\":\"https:\/\/crammhls.com\/#website\",\"url\":\"https:\/\/crammhls.com\/\",\"name\":\"Cramm HLS\",\"description\":\"Quality based on Experience \",\"publisher\":{\"@id\":\"https:\/\/crammhls.com\/#organization\"},\"potentialAction\":[{\"@type\":\"SearchAction\",\"target\":{\"@type\":\"EntryPoint\",\"urlTemplate\":\"https:\/\/crammhls.com\/?s={search_term_string}\"},\"query-input\":{\"@type\":\"PropertyValueSpecification\",\"valueRequired\":true,\"valueName\":\"search_term_string\"}}],\"inLanguage\":\"en-US\"},{\"@type\":\"Organization\",\"@id\":\"https:\/\/crammhls.com\/#organization\",\"name\":\"Cramm HLS\",\"url\":\"https:\/\/crammhls.com\/\",\"logo\":{\"@type\":\"ImageObject\",\"inLanguage\":\"en-US\",\"@id\":\"https:\/\/crammhls.com\/#\/schema\/logo\/image\/\",\"url\":\"https:\/\/crammhls.com\/wp-content\/uploads\/2025\/10\/logo.svg\",\"contentUrl\":\"https:\/\/crammhls.com\/wp-content\/uploads\/2025\/10\/logo.svg\",\"width\":307,\"height\":70,\"caption\":\"Cramm HLS\"},\"image\":{\"@id\":\"https:\/\/crammhls.com\/#\/schema\/logo\/image\/\"},\"sameAs\":[\"https:\/\/www.facebook.com\/Cramm-HLS-208116189357468\/\",\"https:\/\/x.com\/crammhls\",\"https:\/\/www.linkedin.com\/company\/cramm-hls\",\"https:\/\/www.youtube.com\/channel\/UCABAFhJ13ryYECnfCaKlK8w\"]}]}<\/script>\n<!-- \/ Yoast SEO plugin. -->","yoast_head_json":{"title":"Cookies - Cramm HLS","robots":{"index":"index","follow":"follow","max-snippet":"max-snippet:-1","max-image-preview":"max-image-preview:large","max-video-preview":"max-video-preview:-1"},"canonical":"https:\/\/crammhls.com\/pt-pt\/cookies\/","og_locale":"en_US","og_type":"article","og_title":"Cookies - Cramm HLS","og_description":"Cookies O nosso s\u00edtio Web utiliza cookies. Estes s\u00e3o pequenos ficheiros de texto (tempor\u00e1rios) para o seu PC, para que n\u00e3o tenha de introduzir ou descarregar novamente as mesmas informa\u00e7\u00f5es. \u00c9 pr\u00e1tico, n\u00e3o \u00e9? Os cookies d\u00e3o-nos informa\u00e7\u00f5es sobre a forma como utiliza o s\u00edtio Web e fornecem-nos indica\u00e7\u00f5es sobre como melhorar a sua utiliza\u00e7\u00e3o. [&hellip;]","og_url":"https:\/\/crammhls.com\/pt-pt\/cookies\/","og_site_name":"Cramm HLS","article_publisher":"https:\/\/www.facebook.com\/Cramm-HLS-208116189357468\/","article_modified_time":"2026-02-25T15:44:08+00:00","twitter_card":"summary_large_image","twitter_site":"@crammhls","twitter_misc":{"Est. reading time":"2 minutes"},"schema":{"@context":"https:\/\/schema.org","@graph":[{"@type":"WebPage","@id":"https:\/\/crammhls.com\/pt-pt\/cookies\/","url":"https:\/\/crammhls.com\/pt-pt\/cookies\/","name":"Cookies - Cramm HLS","isPartOf":{"@id":"https:\/\/crammhls.com\/#website"},"datePublished":"2026-02-18T10:13:59+00:00","dateModified":"2026-02-25T15:44:08+00:00","breadcrumb":{"@id":"https:\/\/crammhls.com\/pt-pt\/cookies\/#breadcrumb"},"inLanguage":"en-US","potentialAction":[{"@type":"ReadAction","target":["https:\/\/crammhls.com\/pt-pt\/cookies\/"]}]},{"@type":"BreadcrumbList","@id":"https:\/\/crammhls.com\/pt-pt\/cookies\/#breadcrumb","itemListElement":[{"@type":"ListItem","position":1,"name":"Home","item":"https:\/\/crammhls.com\/pt-pt\/"},{"@type":"ListItem","position":2,"name":"Cookies"}]},{"@type":"WebSite","@id":"https:\/\/crammhls.com\/#website","url":"https:\/\/crammhls.com\/","name":"Cramm HLS","description":"Quality based on Experience ","publisher":{"@id":"https:\/\/crammhls.com\/#organization"},"potentialAction":[{"@type":"SearchAction","target":{"@type":"EntryPoint","urlTemplate":"https:\/\/crammhls.com\/?s={search_term_string}"},"query-input":{"@type":"PropertyValueSpecification","valueRequired":true,"valueName":"search_term_string"}}],"inLanguage":"en-US"},{"@type":"Organization","@id":"https:\/\/crammhls.com\/#organization","name":"Cramm HLS","url":"https:\/\/crammhls.com\/","logo":{"@type":"ImageObject","inLanguage":"en-US","@id":"https:\/\/crammhls.com\/#\/schema\/logo\/image\/","url":"https:\/\/crammhls.com\/wp-content\/uploads\/2025\/10\/logo.svg","contentUrl":"https:\/\/crammhls.com\/wp-content\/uploads\/2025\/10\/logo.svg","width":307,"height":70,"caption":"Cramm HLS"},"image":{"@id":"https:\/\/crammhls.com\/#\/schema\/logo\/image\/"},"sameAs":["https:\/\/www.facebook.com\/Cramm-HLS-208116189357468\/","https:\/\/x.com\/crammhls","https:\/\/www.linkedin.com\/company\/cramm-hls","https:\/\/www.youtube.com\/channel\/UCABAFhJ13ryYECnfCaKlK8w"]}]}},"_links":{"self":[{"href":"https:\/\/crammhls.com\/pt-pt\/wp-json\/wp\/v2\/pages\/931","targetHints":{"allow":["GET"]}}],"collection":[{"href":"https:\/\/crammhls.com\/pt-pt\/wp-json\/wp\/v2\/pages"}],"about":[{"href":"https:\/\/crammhls.com\/pt-pt\/wp-json\/wp\/v2\/types\/page"}],"author":[{"embeddable":true,"href":"https:\/\/crammhls.com\/pt-pt\/wp-json\/wp\/v2\/users\/2"}],"replies":[{"embeddable":true,"href":"https:\/\/crammhls.com\/pt-pt\/wp-json\/wp\/v2\/comments?post=931"}],"version-history":[{"count":1,"href":"https:\/\/crammhls.com\/pt-pt\/wp-json\/wp\/v2\/pages\/931\/revisions"}],"predecessor-version":[{"id":932,"href":"https:\/\/crammhls.com\/pt-pt\/wp-json\/wp\/v2\/pages\/931\/revisions\/932"}],"wp:attachment":[{"href":"https:\/\/crammhls.com\/pt-pt\/wp-json\/wp\/v2\/media?parent=931"}],"curies":[{"name":"wp","href":"https:\/\/api.w.org\/{rel}","templated":true}]}}