{"id":970,"date":"2026-02-18T10:20:47","date_gmt":"2026-02-18T10:20:47","guid":{"rendered":"https:\/\/crammhls.com\/declaracao-de-exoneracao-de-responsabilidade\/"},"modified":"2026-02-26T14:21:04","modified_gmt":"2026-02-26T14:21:04","slug":"declaracao-de-exoneracao-de-responsabilidade","status":"publish","type":"page","link":"https:\/\/crammhls.com\/pt-pt\/declaracao-de-exoneracao-de-responsabilidade\/","title":{"rendered":"Declara\u00e7\u00e3o de exonera\u00e7\u00e3o de responsabilidade"},"content":{"rendered":"\n<h2 class=\"wp-block-heading\">Declara\u00e7\u00e3o de exonera\u00e7\u00e3o de responsabilidade  <\/h2>\n\n<p>A Cramm HLS B.V. declina expressamente qualquer responsabilidade por danos que possam resultar do acesso e da utiliza\u00e7\u00e3o deste s\u00edtio Web. N\u00e3o \u00e9 dada qualquer garantia quanto ao funcionamento sem falhas e sem interrup\u00e7\u00f5es do s\u00edtio Web.   <\/p>\n\n<p>N\u00e3o \u00e9 dada qualquer garantia ou declara\u00e7\u00e3o, expl\u00edcita ou impl\u00edcita, quanto \u00e0 exatid\u00e3o ou integridade das informa\u00e7\u00f5es publicadas no s\u00edtio Web ou \u00e0s quais o s\u00edtio Web d\u00e1 acesso.<\/p>\n\n<p>A Cramm HLS B.V. n\u00e3o assume qualquer responsabilidade pelas informa\u00e7\u00f5es e\/ou recomenda\u00e7\u00f5es publicadas neste s\u00edtio Web ou \u00e0s quais \u00e9 dado acesso atrav\u00e9s do mesmo. Estas informa\u00e7\u00f5es e recomenda\u00e7\u00f5es podem ser objeto de altera\u00e7\u00f5es sem aviso pr\u00e9vio. <\/p>\n\n<p>Todos os dados apresentados no s\u00edtio Web est\u00e3o protegidos por direitos de autor, direito de marca e\/ou outra forma de direito de propriedade intelectual. Estes direitos de propriedade ou direitos de propriedade intelectual n\u00e3o s\u00e3o de modo algum transmiss\u00edveis \u00e0s pessoas ou pessoas colectivas que tenham acesso ao s\u00edtio Web. <\/p>\n\n<p>O utilizador deste s\u00edtio Web n\u00e3o est\u00e1 autorizado a reproduzir, alterar, suprimir, transmitir, distribuir ou difundir as informa\u00e7\u00f5es contidas no s\u00edtio Web, nem a coloc\u00e1-las \u00e0 disposi\u00e7\u00e3o de terceiros mediante pagamento, sem a autoriza\u00e7\u00e3o expressa por escrito da Cramm HLS B.V..<\/p>\n\n<p>As refer\u00eancias ou hiperliga\u00e7\u00f5es a outros sites, que n\u00e3o s\u00e3o propriedade da Cramm HLS B.V., s\u00e3o inclu\u00eddas apenas para informa\u00e7\u00e3o do utilizador do site. A Cramm HLS B.V. n\u00e3o d\u00e1 qualquer garantia nem aceita qualquer responsabilidade relativamente ao conte\u00fado desses s\u00edtios Web. <\/p>\n\n<p><\/p>\n","protected":false},"excerpt":{"rendered":"<p>Declara\u00e7\u00e3o de exonera\u00e7\u00e3o de responsabilidade A Cramm HLS B.V. declina expressamente qualquer responsabilidade por danos que possam resultar do acesso e da utiliza\u00e7\u00e3o deste s\u00edtio Web. N\u00e3o \u00e9 dada qualquer garantia quanto ao funcionamento sem falhas e sem interrup\u00e7\u00f5es do s\u00edtio Web. N\u00e3o \u00e9 dada qualquer garantia ou declara\u00e7\u00e3o, expl\u00edcita ou impl\u00edcita, quanto \u00e0 exatid\u00e3o [&hellip;]<\/p>\n","protected":false},"author":2,"featured_media":0,"parent":0,"menu_order":0,"comment_status":"closed","ping_status":"closed","template":"","meta":{"_acf_changed":false,"inline_featured_image":false,"footnotes":""},"class_list":["post-970","page","type-page","status-publish","hentry"],"acf":[],"yoast_head":"<!-- This site is optimized with the Yoast SEO plugin v27.1.1 - https:\/\/yoast.com\/product\/yoast-seo-wordpress\/ -->\n<title>Declara\u00e7\u00e3o de exonera\u00e7\u00e3o de responsabilidade - Cramm HLS<\/title>\n<meta name=\"robots\" content=\"index, follow, max-snippet:-1, max-image-preview:large, max-video-preview:-1\" \/>\n<link rel=\"canonical\" href=\"https:\/\/crammhls.com\/pt-pt\/declaracao-de-exoneracao-de-responsabilidade\/\" \/>\n<meta property=\"og:locale\" content=\"en_US\" \/>\n<meta property=\"og:type\" content=\"article\" \/>\n<meta property=\"og:title\" content=\"Declara\u00e7\u00e3o de exonera\u00e7\u00e3o de responsabilidade - Cramm HLS\" \/>\n<meta property=\"og:description\" content=\"Declara\u00e7\u00e3o de exonera\u00e7\u00e3o de responsabilidade A Cramm HLS B.V. declina expressamente qualquer responsabilidade por danos que possam resultar do acesso e da utiliza\u00e7\u00e3o deste s\u00edtio Web. N\u00e3o \u00e9 dada qualquer garantia quanto ao funcionamento sem falhas e sem interrup\u00e7\u00f5es do s\u00edtio Web. N\u00e3o \u00e9 dada qualquer garantia ou declara\u00e7\u00e3o, expl\u00edcita ou impl\u00edcita, quanto \u00e0 exatid\u00e3o [&hellip;]\" \/>\n<meta property=\"og:url\" content=\"https:\/\/crammhls.com\/pt-pt\/declaracao-de-exoneracao-de-responsabilidade\/\" \/>\n<meta property=\"og:site_name\" content=\"Cramm HLS\" \/>\n<meta property=\"article:publisher\" content=\"https:\/\/www.facebook.com\/Cramm-HLS-208116189357468\/\" \/>\n<meta property=\"article:modified_time\" content=\"2026-02-26T14:21:04+00:00\" \/>\n<meta name=\"twitter:card\" content=\"summary_large_image\" \/>\n<meta name=\"twitter:site\" content=\"@crammhls\" \/>\n<meta name=\"twitter:label1\" content=\"Est. reading time\" \/>\n\t<meta name=\"twitter:data1\" content=\"1 minute\" \/>\n<script type=\"application\/ld+json\" class=\"yoast-schema-graph\">{\"@context\":\"https:\/\/schema.org\",\"@graph\":[{\"@type\":\"WebPage\",\"@id\":\"https:\/\/crammhls.com\/pt-pt\/declaracao-de-exoneracao-de-responsabilidade\/\",\"url\":\"https:\/\/crammhls.com\/pt-pt\/declaracao-de-exoneracao-de-responsabilidade\/\",\"name\":\"Declara\u00e7\u00e3o de exonera\u00e7\u00e3o de responsabilidade - Cramm HLS\",\"isPartOf\":{\"@id\":\"https:\/\/crammhls.com\/#website\"},\"datePublished\":\"2026-02-18T10:20:47+00:00\",\"dateModified\":\"2026-02-26T14:21:04+00:00\",\"breadcrumb\":{\"@id\":\"https:\/\/crammhls.com\/pt-pt\/declaracao-de-exoneracao-de-responsabilidade\/#breadcrumb\"},\"inLanguage\":\"en-US\",\"potentialAction\":[{\"@type\":\"ReadAction\",\"target\":[\"https:\/\/crammhls.com\/pt-pt\/declaracao-de-exoneracao-de-responsabilidade\/\"]}]},{\"@type\":\"BreadcrumbList\",\"@id\":\"https:\/\/crammhls.com\/pt-pt\/declaracao-de-exoneracao-de-responsabilidade\/#breadcrumb\",\"itemListElement\":[{\"@type\":\"ListItem\",\"position\":1,\"name\":\"Home\",\"item\":\"https:\/\/crammhls.com\/pt-pt\/\"},{\"@type\":\"ListItem\",\"position\":2,\"name\":\"Declara\u00e7\u00e3o de exonera\u00e7\u00e3o de responsabilidade\"}]},{\"@type\":\"WebSite\",\"@id\":\"https:\/\/crammhls.com\/#website\",\"url\":\"https:\/\/crammhls.com\/\",\"name\":\"Cramm HLS\",\"description\":\"Quality based on Experience \",\"publisher\":{\"@id\":\"https:\/\/crammhls.com\/#organization\"},\"potentialAction\":[{\"@type\":\"SearchAction\",\"target\":{\"@type\":\"EntryPoint\",\"urlTemplate\":\"https:\/\/crammhls.com\/?s={search_term_string}\"},\"query-input\":{\"@type\":\"PropertyValueSpecification\",\"valueRequired\":true,\"valueName\":\"search_term_string\"}}],\"inLanguage\":\"en-US\"},{\"@type\":\"Organization\",\"@id\":\"https:\/\/crammhls.com\/#organization\",\"name\":\"Cramm HLS\",\"url\":\"https:\/\/crammhls.com\/\",\"logo\":{\"@type\":\"ImageObject\",\"inLanguage\":\"en-US\",\"@id\":\"https:\/\/crammhls.com\/#\/schema\/logo\/image\/\",\"url\":\"https:\/\/crammhls.com\/wp-content\/uploads\/2025\/10\/logo.svg\",\"contentUrl\":\"https:\/\/crammhls.com\/wp-content\/uploads\/2025\/10\/logo.svg\",\"width\":307,\"height\":70,\"caption\":\"Cramm HLS\"},\"image\":{\"@id\":\"https:\/\/crammhls.com\/#\/schema\/logo\/image\/\"},\"sameAs\":[\"https:\/\/www.facebook.com\/Cramm-HLS-208116189357468\/\",\"https:\/\/x.com\/crammhls\",\"https:\/\/www.linkedin.com\/company\/cramm-hls\",\"https:\/\/www.youtube.com\/channel\/UCABAFhJ13ryYECnfCaKlK8w\"]}]}<\/script>\n<!-- \/ Yoast SEO plugin. -->","yoast_head_json":{"title":"Declara\u00e7\u00e3o de exonera\u00e7\u00e3o de responsabilidade - Cramm HLS","robots":{"index":"index","follow":"follow","max-snippet":"max-snippet:-1","max-image-preview":"max-image-preview:large","max-video-preview":"max-video-preview:-1"},"canonical":"https:\/\/crammhls.com\/pt-pt\/declaracao-de-exoneracao-de-responsabilidade\/","og_locale":"en_US","og_type":"article","og_title":"Declara\u00e7\u00e3o de exonera\u00e7\u00e3o de responsabilidade - Cramm HLS","og_description":"Declara\u00e7\u00e3o de exonera\u00e7\u00e3o de responsabilidade A Cramm HLS B.V. declina expressamente qualquer responsabilidade por danos que possam resultar do acesso e da utiliza\u00e7\u00e3o deste s\u00edtio Web. N\u00e3o \u00e9 dada qualquer garantia quanto ao funcionamento sem falhas e sem interrup\u00e7\u00f5es do s\u00edtio Web. N\u00e3o \u00e9 dada qualquer garantia ou declara\u00e7\u00e3o, expl\u00edcita ou impl\u00edcita, quanto \u00e0 exatid\u00e3o [&hellip;]","og_url":"https:\/\/crammhls.com\/pt-pt\/declaracao-de-exoneracao-de-responsabilidade\/","og_site_name":"Cramm HLS","article_publisher":"https:\/\/www.facebook.com\/Cramm-HLS-208116189357468\/","article_modified_time":"2026-02-26T14:21:04+00:00","twitter_card":"summary_large_image","twitter_site":"@crammhls","twitter_misc":{"Est. reading time":"1 minute"},"schema":{"@context":"https:\/\/schema.org","@graph":[{"@type":"WebPage","@id":"https:\/\/crammhls.com\/pt-pt\/declaracao-de-exoneracao-de-responsabilidade\/","url":"https:\/\/crammhls.com\/pt-pt\/declaracao-de-exoneracao-de-responsabilidade\/","name":"Declara\u00e7\u00e3o de exonera\u00e7\u00e3o de responsabilidade - Cramm HLS","isPartOf":{"@id":"https:\/\/crammhls.com\/#website"},"datePublished":"2026-02-18T10:20:47+00:00","dateModified":"2026-02-26T14:21:04+00:00","breadcrumb":{"@id":"https:\/\/crammhls.com\/pt-pt\/declaracao-de-exoneracao-de-responsabilidade\/#breadcrumb"},"inLanguage":"en-US","potentialAction":[{"@type":"ReadAction","target":["https:\/\/crammhls.com\/pt-pt\/declaracao-de-exoneracao-de-responsabilidade\/"]}]},{"@type":"BreadcrumbList","@id":"https:\/\/crammhls.com\/pt-pt\/declaracao-de-exoneracao-de-responsabilidade\/#breadcrumb","itemListElement":[{"@type":"ListItem","position":1,"name":"Home","item":"https:\/\/crammhls.com\/pt-pt\/"},{"@type":"ListItem","position":2,"name":"Declara\u00e7\u00e3o de exonera\u00e7\u00e3o de responsabilidade"}]},{"@type":"WebSite","@id":"https:\/\/crammhls.com\/#website","url":"https:\/\/crammhls.com\/","name":"Cramm HLS","description":"Quality based on Experience ","publisher":{"@id":"https:\/\/crammhls.com\/#organization"},"potentialAction":[{"@type":"SearchAction","target":{"@type":"EntryPoint","urlTemplate":"https:\/\/crammhls.com\/?s={search_term_string}"},"query-input":{"@type":"PropertyValueSpecification","valueRequired":true,"valueName":"search_term_string"}}],"inLanguage":"en-US"},{"@type":"Organization","@id":"https:\/\/crammhls.com\/#organization","name":"Cramm HLS","url":"https:\/\/crammhls.com\/","logo":{"@type":"ImageObject","inLanguage":"en-US","@id":"https:\/\/crammhls.com\/#\/schema\/logo\/image\/","url":"https:\/\/crammhls.com\/wp-content\/uploads\/2025\/10\/logo.svg","contentUrl":"https:\/\/crammhls.com\/wp-content\/uploads\/2025\/10\/logo.svg","width":307,"height":70,"caption":"Cramm HLS"},"image":{"@id":"https:\/\/crammhls.com\/#\/schema\/logo\/image\/"},"sameAs":["https:\/\/www.facebook.com\/Cramm-HLS-208116189357468\/","https:\/\/x.com\/crammhls","https:\/\/www.linkedin.com\/company\/cramm-hls","https:\/\/www.youtube.com\/channel\/UCABAFhJ13ryYECnfCaKlK8w"]}]}},"_links":{"self":[{"href":"https:\/\/crammhls.com\/pt-pt\/wp-json\/wp\/v2\/pages\/970","targetHints":{"allow":["GET"]}}],"collection":[{"href":"https:\/\/crammhls.com\/pt-pt\/wp-json\/wp\/v2\/pages"}],"about":[{"href":"https:\/\/crammhls.com\/pt-pt\/wp-json\/wp\/v2\/types\/page"}],"author":[{"embeddable":true,"href":"https:\/\/crammhls.com\/pt-pt\/wp-json\/wp\/v2\/users\/2"}],"replies":[{"embeddable":true,"href":"https:\/\/crammhls.com\/pt-pt\/wp-json\/wp\/v2\/comments?post=970"}],"version-history":[{"count":1,"href":"https:\/\/crammhls.com\/pt-pt\/wp-json\/wp\/v2\/pages\/970\/revisions"}],"predecessor-version":[{"id":971,"href":"https:\/\/crammhls.com\/pt-pt\/wp-json\/wp\/v2\/pages\/970\/revisions\/971"}],"wp:attachment":[{"href":"https:\/\/crammhls.com\/pt-pt\/wp-json\/wp\/v2\/media?parent=970"}],"curies":[{"name":"wp","href":"https:\/\/api.w.org\/{rel}","templated":true}]}}