{"id":974,"date":"2025-10-28T14:41:09","date_gmt":"2025-10-28T14:41:09","guid":{"rendered":"https:\/\/crammhls.com\/declaracao-de-privacidade\/"},"modified":"2026-02-26T14:23:39","modified_gmt":"2026-02-26T14:23:39","slug":"declaracao-de-privacidade","status":"publish","type":"page","link":"https:\/\/crammhls.com\/pt-pt\/declaracao-de-privacidade\/","title":{"rendered":"Declara\u00e7\u00e3o de privacidade"},"content":{"rendered":"\n<h2 class=\"wp-block-heading\">Declara\u00e7\u00e3o de privacidade  <\/h2>\n\n<p>O SMI Groep \u00e9 respons\u00e1vel pelo processamento de dados pessoais conforme indicado nesta declara\u00e7\u00e3o de privacidade.<\/p>\n\n<h2 class=\"wp-block-heading\">Processamento de dados pessoais<\/h2>\n\n<p>O SMI Groep processa os seus dados pessoais como resultado da sua utiliza\u00e7\u00e3o dos nossos servi\u00e7os e\/ou como resultado de nos ter fornecido estas informa\u00e7\u00f5es. Em baixo encontra uma vis\u00e3o geral dos dados pessoais que processamos: <\/p>\n\n<ul class=\"wp-block-list\">\n<li>Nome e apelido<\/li>\n\n\n\n<li>Sexo<\/li>\n\n\n\n<li>Detalhes do endere\u00e7o<\/li>\n\n\n\n<li>N\u00famero de telefone  <\/li>\n\n\n\n<li>Endere\u00e7o de correio eletr\u00f3nico<\/li>\n\n\n\n<li>Endere\u00e7o IP<\/li>\n\n\n\n<li>N\u00famero da conta banc\u00e1ria<\/li>\n<\/ul>\n\n<h2 class=\"wp-block-heading\">DADOS PESSOAIS ESPECIAIS E\/OU SENS\u00cdVEIS QUE TRATAMOS<\/h2>\n\n<p>O SMI Groep processa os seus dados pessoais para as seguintes finalidades:  <\/p>\n\n<ul class=\"wp-block-list\">\n<li>Tratamento do seu pagamento<\/li>\n\n\n\n<li>Envio do nosso boletim informativo e\/ou brochura publicit\u00e1ria<\/li>\n\n\n\n<li>Para podermos telefonar-lhe ou enviar-lhe uma mensagem de correio eletr\u00f3nico a fim de prestarmos os nossos servi\u00e7os<\/li>\n\n\n\n<li>Para o informar sobre altera\u00e7\u00f5es relativas aos nossos servi\u00e7os e produtos<\/li>\n\n\n\n<li>Para lhe fornecer bens e servi\u00e7os<\/li>\n<\/ul>\n\n<p>O SMI Groep analisa o seu comportamento no s\u00edtio Web para melhorar o s\u00edtio Web e para adaptar melhor os produtos e servi\u00e7os \u00e0s suas prefer\u00eancias.<\/p>\n\n<p>O SMI Groep tamb\u00e9m processa dados pessoais se formos legalmente obrigados a faz\u00ea-lo, tais como os dados de que necessitamos para a nossa declara\u00e7\u00e3o de impostos.<\/p>\n\n<h2 class=\"wp-block-heading\">DURANTE QUANTO TEMPO CONSERVAMOS OS DADOS PESSOAIS<\/h2>\n\n<p>O SMI Groep n\u00e3o guarda os seus dados pessoais mais tempo do que o estritamente necess\u00e1rio para atingir os objectivos para os quais os seus dados foram recolhidos.<\/p>\n\n<p>Em qualquer caso, salvo indica\u00e7\u00e3o em contr\u00e1rio na presente declara\u00e7\u00e3o de privacidade, os crit\u00e9rios que utilizamos para decidir os nossos per\u00edodos de conserva\u00e7\u00e3o incluem (i) se necessitamos dos seus dados pessoais para salvaguardar o nosso interesse leg\u00edtimo, para executar um contrato ao qual est\u00e1 sujeito ou para responder \u00e0s suas quest\u00f5es ou fornecer-lhe o servi\u00e7o ou apoio necess\u00e1rios; (ii) se existe uma obriga\u00e7\u00e3o legal \u00e0 qual estamos sujeitos; ou (iii) se a reten\u00e7\u00e3o \u00e9 aconselh\u00e1vel \u00e0 luz da nossa posi\u00e7\u00e3o legal (como no que diz respeito a estatutos de limita\u00e7\u00f5es aplic\u00e1veis, lit\u00edgios ou investiga\u00e7\u00f5es regulamentares).   <\/p>\n\n<h2 class=\"wp-block-heading\">PARTILHAR DADOS PESSOAIS COM TERCEIROS<\/h2>\n\n<p>O SMI Groep fornece informa\u00e7\u00f5es a terceiros exclusivamente e apenas quando realmente necess\u00e1rio para a execu\u00e7\u00e3o do nosso acordo consigo ou para cumprir uma obriga\u00e7\u00e3o legal.<\/p>\n\n<h2 class=\"wp-block-heading\">COOKIES, OU T\u00c9CNICAS SEMELHANTES QUE UTILIZAMOS<\/h2>\n\n<p>O SMI Groep utiliza apenas cookies t\u00e9cnicos e funcionais. Tamb\u00e9m utilizamos cookies anal\u00edticos que n\u00e3o violam a sua privacidade. Um cookie \u00e9 um pequeno ficheiro de texto que \u00e9 armazenado no seu computador, tablet ou smartphone quando visita o s\u00edtio Web pela primeira vez. Os cookies que utilizamos s\u00e3o necess\u00e1rios para o funcionamento t\u00e9cnico do s\u00edtio Web e para facilitar a sua utiliza\u00e7\u00e3o. Garantem que o s\u00edtio Web funciona corretamente e recordam, por exemplo, as suas prefer\u00eancias. Tamb\u00e9m os utilizamos para otimizar o nosso s\u00edtio Web. Pode optar por n\u00e3o utilizar cookies, ajustando as defini\u00e7\u00f5es do seu navegador de Internet. Consequentemente, n\u00e3o ser\u00e3o guardados mais cookies. Al\u00e9m disso, tamb\u00e9m pode apagar todas as informa\u00e7\u00f5es anteriormente guardadas atrav\u00e9s das defini\u00e7\u00f5es do seu browser.        <\/p>\n\n<h2 class=\"wp-block-heading\">VER, MODIFICAR OU APAGAR DADOS<\/h2>\n\n<p>Tem o direito de ver, corrigir ou apagar os seus dados pessoais. Tamb\u00e9m tem o direito de retirar o seu consentimento para o processamento de dados ou de se opor ao processamento dos seus dados pessoais pelo SMI Groep. Tem o direito \u00e0 portabilidade dos dados. Isto significa que pode enviar-nos um pedido para que enviemos as informa\u00e7\u00f5es pessoais que temos para si, ou para outra organiza\u00e7\u00e3o mencionada por si, num ficheiro inform\u00e1tico. Pode enviar um pedido de acesso, corre\u00e7\u00e3o, elimina\u00e7\u00e3o, transfer\u00eancia de dados dos seus dados pessoais, pedido de cancelamento do seu consentimento ou obje\u00e7\u00e3o ao processamento dos seus dados pessoais para info@ SMI Groep.nl. Para garantir que o pedido de acesso foi efectuado por si, pedimos-lhe que envie uma c\u00f3pia do seu documento de identifica\u00e7\u00e3o juntamente com o pedido. Certifique-se de que a fotografia do seu passaporte, a MRZ (zona de leitura \u00f3tica, a faixa com n\u00fameros na parte inferior do passaporte), o n\u00famero do passaporte e o N\u00famero de Servi\u00e7o do Cidad\u00e3o (BSN) est\u00e3o ocultos nesta c\u00f3pia. Isto destina-se a proteger a sua privacidade. Respondemos o mais rapidamente poss\u00edvel, mas no prazo de quatro semanas, ao seu pedido. O SMI Groep tamb\u00e9m quer salientar que tem a possibilidade de apresentar uma queixa ao supervisor nacional de prote\u00e7\u00e3o de dados, a Autoridade Holandesa de Prote\u00e7\u00e3o de Dados. Pode faz\u00ea-lo atrav\u00e9s da seguinte liga\u00e7\u00e3o: <a href=\"https:\/\/autoriteitpersoonsgegevens.nl\/nl\/contact-met-de-autoriteit-persoonsgegevens\/tip-ons\">https:\/\/autoriteitpersoonsgegevens.nl\/nl\/contact-met-de-autoriteit-persoonsgegevens\/tip-ons<\/a>          <\/p>\n\n<h2 class=\"wp-block-heading\">COMO PROTEGEMOS OS DADOS PESSOAIS<\/h2>\n\n<p>O SMI Groep leva a s\u00e9rio a prote\u00e7\u00e3o dos seus dados e toma medidas adequadas para evitar a utiliza\u00e7\u00e3o indevida, a perda, o acesso n\u00e3o autorizado, a divulga\u00e7\u00e3o indesejada e a modifica\u00e7\u00e3o n\u00e3o autorizada. Se considerar que os seus dados n\u00e3o est\u00e3o devidamente protegidos ou se houver ind\u00edcios de abuso, contacte-nos. <\/p>\n\n<p>Utilizamos medidas organizacionais, t\u00e9cnicas e f\u00edsicas para proteger os seus dados pessoais, tendo em conta a natureza dos dados pessoais e o processamento, bem como as potenciais amea\u00e7as. O SMI Groep est\u00e1 constantemente a trabalhar no sentido de melhorar estas medidas para ajudar a manter os seus dados pessoais seguros. <\/p>\n\n<h2 class=\"wp-block-heading\">S\u00cdTIOS WEB DE TERCEIROS<\/h2>\n\n<p>A presente Declara\u00e7\u00e3o de Privacidade n\u00e3o se aplica a s\u00edtios Web de terceiros que estejam ligados a este s\u00edtio Web atrav\u00e9s de liga\u00e7\u00f5es.<\/p>\n\n<h2 class=\"wp-block-heading\">ALTERA\u00c7\u00d5ES \u00c0 DECLARA\u00c7\u00c3O DE PRIVACIDADE<\/h2>\n\n<p>O SMI Groep reserva-se o direito de efetuar altera\u00e7\u00f5es a esta Declara\u00e7\u00e3o de Privacidade. Recomenda-se que consulte esta Declara\u00e7\u00e3o de Privacidade regularmente para estar a par destas altera\u00e7\u00f5es. <\/p>\n","protected":false},"excerpt":{"rendered":"<p>Declara\u00e7\u00e3o de privacidade O SMI Groep \u00e9 respons\u00e1vel pelo processamento de dados pessoais conforme indicado nesta declara\u00e7\u00e3o de privacidade. Processamento de dados pessoais O SMI Groep processa os seus dados pessoais como resultado da sua utiliza\u00e7\u00e3o dos nossos servi\u00e7os e\/ou como resultado de nos ter fornecido estas informa\u00e7\u00f5es. Em baixo encontra uma vis\u00e3o geral dos [&hellip;]<\/p>\n","protected":false},"author":1,"featured_media":0,"parent":0,"menu_order":0,"comment_status":"closed","ping_status":"open","template":"","meta":{"_acf_changed":false,"inline_featured_image":false,"footnotes":""},"class_list":["post-974","page","type-page","status-publish","hentry"],"acf":[],"yoast_head":"<!-- This site is optimized with the Yoast SEO plugin v27.1.1 - https:\/\/yoast.com\/product\/yoast-seo-wordpress\/ -->\n<title>Declara\u00e7\u00e3o de privacidade - Cramm HLS<\/title>\n<meta name=\"robots\" content=\"index, follow, max-snippet:-1, max-image-preview:large, max-video-preview:-1\" \/>\n<link rel=\"canonical\" href=\"https:\/\/crammhls.com\/pt-pt\/declaracao-de-privacidade\/\" \/>\n<meta property=\"og:locale\" content=\"en_US\" \/>\n<meta property=\"og:type\" content=\"article\" \/>\n<meta property=\"og:title\" content=\"Declara\u00e7\u00e3o de privacidade - Cramm HLS\" \/>\n<meta property=\"og:description\" content=\"Declara\u00e7\u00e3o de privacidade O SMI Groep \u00e9 respons\u00e1vel pelo processamento de dados pessoais conforme indicado nesta declara\u00e7\u00e3o de privacidade. Processamento de dados pessoais O SMI Groep processa os seus dados pessoais como resultado da sua utiliza\u00e7\u00e3o dos nossos servi\u00e7os e\/ou como resultado de nos ter fornecido estas informa\u00e7\u00f5es. Em baixo encontra uma vis\u00e3o geral dos [&hellip;]\" \/>\n<meta property=\"og:url\" content=\"https:\/\/crammhls.com\/pt-pt\/declaracao-de-privacidade\/\" \/>\n<meta property=\"og:site_name\" content=\"Cramm HLS\" \/>\n<meta property=\"article:publisher\" content=\"https:\/\/www.facebook.com\/Cramm-HLS-208116189357468\/\" \/>\n<meta property=\"article:modified_time\" content=\"2026-02-26T14:23:39+00:00\" \/>\n<meta name=\"twitter:card\" content=\"summary_large_image\" \/>\n<meta name=\"twitter:site\" content=\"@crammhls\" \/>\n<meta name=\"twitter:label1\" content=\"Est. reading time\" \/>\n\t<meta name=\"twitter:data1\" content=\"5 minutes\" \/>\n<script type=\"application\/ld+json\" class=\"yoast-schema-graph\">{\"@context\":\"https:\/\/schema.org\",\"@graph\":[{\"@type\":\"WebPage\",\"@id\":\"https:\/\/crammhls.com\/pt-pt\/declaracao-de-privacidade\/\",\"url\":\"https:\/\/crammhls.com\/pt-pt\/declaracao-de-privacidade\/\",\"name\":\"Declara\u00e7\u00e3o de privacidade - Cramm HLS\",\"isPartOf\":{\"@id\":\"https:\/\/crammhls.com\/#website\"},\"datePublished\":\"2025-10-28T14:41:09+00:00\",\"dateModified\":\"2026-02-26T14:23:39+00:00\",\"breadcrumb\":{\"@id\":\"https:\/\/crammhls.com\/pt-pt\/declaracao-de-privacidade\/#breadcrumb\"},\"inLanguage\":\"en-US\",\"potentialAction\":[{\"@type\":\"ReadAction\",\"target\":[\"https:\/\/crammhls.com\/pt-pt\/declaracao-de-privacidade\/\"]}]},{\"@type\":\"BreadcrumbList\",\"@id\":\"https:\/\/crammhls.com\/pt-pt\/declaracao-de-privacidade\/#breadcrumb\",\"itemListElement\":[{\"@type\":\"ListItem\",\"position\":1,\"name\":\"Home\",\"item\":\"https:\/\/crammhls.com\/pt-pt\/\"},{\"@type\":\"ListItem\",\"position\":2,\"name\":\"Declara\u00e7\u00e3o de privacidade\"}]},{\"@type\":\"WebSite\",\"@id\":\"https:\/\/crammhls.com\/#website\",\"url\":\"https:\/\/crammhls.com\/\",\"name\":\"Cramm HLS\",\"description\":\"Quality based on Experience \",\"publisher\":{\"@id\":\"https:\/\/crammhls.com\/#organization\"},\"potentialAction\":[{\"@type\":\"SearchAction\",\"target\":{\"@type\":\"EntryPoint\",\"urlTemplate\":\"https:\/\/crammhls.com\/?s={search_term_string}\"},\"query-input\":{\"@type\":\"PropertyValueSpecification\",\"valueRequired\":true,\"valueName\":\"search_term_string\"}}],\"inLanguage\":\"en-US\"},{\"@type\":\"Organization\",\"@id\":\"https:\/\/crammhls.com\/#organization\",\"name\":\"Cramm HLS\",\"url\":\"https:\/\/crammhls.com\/\",\"logo\":{\"@type\":\"ImageObject\",\"inLanguage\":\"en-US\",\"@id\":\"https:\/\/crammhls.com\/#\/schema\/logo\/image\/\",\"url\":\"https:\/\/crammhls.com\/wp-content\/uploads\/2025\/10\/logo.svg\",\"contentUrl\":\"https:\/\/crammhls.com\/wp-content\/uploads\/2025\/10\/logo.svg\",\"width\":307,\"height\":70,\"caption\":\"Cramm HLS\"},\"image\":{\"@id\":\"https:\/\/crammhls.com\/#\/schema\/logo\/image\/\"},\"sameAs\":[\"https:\/\/www.facebook.com\/Cramm-HLS-208116189357468\/\",\"https:\/\/x.com\/crammhls\",\"https:\/\/www.linkedin.com\/company\/cramm-hls\",\"https:\/\/www.youtube.com\/channel\/UCABAFhJ13ryYECnfCaKlK8w\"]}]}<\/script>\n<!-- \/ Yoast SEO plugin. -->","yoast_head_json":{"title":"Declara\u00e7\u00e3o de privacidade - Cramm HLS","robots":{"index":"index","follow":"follow","max-snippet":"max-snippet:-1","max-image-preview":"max-image-preview:large","max-video-preview":"max-video-preview:-1"},"canonical":"https:\/\/crammhls.com\/pt-pt\/declaracao-de-privacidade\/","og_locale":"en_US","og_type":"article","og_title":"Declara\u00e7\u00e3o de privacidade - Cramm HLS","og_description":"Declara\u00e7\u00e3o de privacidade O SMI Groep \u00e9 respons\u00e1vel pelo processamento de dados pessoais conforme indicado nesta declara\u00e7\u00e3o de privacidade. Processamento de dados pessoais O SMI Groep processa os seus dados pessoais como resultado da sua utiliza\u00e7\u00e3o dos nossos servi\u00e7os e\/ou como resultado de nos ter fornecido estas informa\u00e7\u00f5es. Em baixo encontra uma vis\u00e3o geral dos [&hellip;]","og_url":"https:\/\/crammhls.com\/pt-pt\/declaracao-de-privacidade\/","og_site_name":"Cramm HLS","article_publisher":"https:\/\/www.facebook.com\/Cramm-HLS-208116189357468\/","article_modified_time":"2026-02-26T14:23:39+00:00","twitter_card":"summary_large_image","twitter_site":"@crammhls","twitter_misc":{"Est. reading time":"5 minutes"},"schema":{"@context":"https:\/\/schema.org","@graph":[{"@type":"WebPage","@id":"https:\/\/crammhls.com\/pt-pt\/declaracao-de-privacidade\/","url":"https:\/\/crammhls.com\/pt-pt\/declaracao-de-privacidade\/","name":"Declara\u00e7\u00e3o de privacidade - Cramm HLS","isPartOf":{"@id":"https:\/\/crammhls.com\/#website"},"datePublished":"2025-10-28T14:41:09+00:00","dateModified":"2026-02-26T14:23:39+00:00","breadcrumb":{"@id":"https:\/\/crammhls.com\/pt-pt\/declaracao-de-privacidade\/#breadcrumb"},"inLanguage":"en-US","potentialAction":[{"@type":"ReadAction","target":["https:\/\/crammhls.com\/pt-pt\/declaracao-de-privacidade\/"]}]},{"@type":"BreadcrumbList","@id":"https:\/\/crammhls.com\/pt-pt\/declaracao-de-privacidade\/#breadcrumb","itemListElement":[{"@type":"ListItem","position":1,"name":"Home","item":"https:\/\/crammhls.com\/pt-pt\/"},{"@type":"ListItem","position":2,"name":"Declara\u00e7\u00e3o de privacidade"}]},{"@type":"WebSite","@id":"https:\/\/crammhls.com\/#website","url":"https:\/\/crammhls.com\/","name":"Cramm HLS","description":"Quality based on Experience ","publisher":{"@id":"https:\/\/crammhls.com\/#organization"},"potentialAction":[{"@type":"SearchAction","target":{"@type":"EntryPoint","urlTemplate":"https:\/\/crammhls.com\/?s={search_term_string}"},"query-input":{"@type":"PropertyValueSpecification","valueRequired":true,"valueName":"search_term_string"}}],"inLanguage":"en-US"},{"@type":"Organization","@id":"https:\/\/crammhls.com\/#organization","name":"Cramm HLS","url":"https:\/\/crammhls.com\/","logo":{"@type":"ImageObject","inLanguage":"en-US","@id":"https:\/\/crammhls.com\/#\/schema\/logo\/image\/","url":"https:\/\/crammhls.com\/wp-content\/uploads\/2025\/10\/logo.svg","contentUrl":"https:\/\/crammhls.com\/wp-content\/uploads\/2025\/10\/logo.svg","width":307,"height":70,"caption":"Cramm HLS"},"image":{"@id":"https:\/\/crammhls.com\/#\/schema\/logo\/image\/"},"sameAs":["https:\/\/www.facebook.com\/Cramm-HLS-208116189357468\/","https:\/\/x.com\/crammhls","https:\/\/www.linkedin.com\/company\/cramm-hls","https:\/\/www.youtube.com\/channel\/UCABAFhJ13ryYECnfCaKlK8w"]}]}},"_links":{"self":[{"href":"https:\/\/crammhls.com\/pt-pt\/wp-json\/wp\/v2\/pages\/974","targetHints":{"allow":["GET"]}}],"collection":[{"href":"https:\/\/crammhls.com\/pt-pt\/wp-json\/wp\/v2\/pages"}],"about":[{"href":"https:\/\/crammhls.com\/pt-pt\/wp-json\/wp\/v2\/types\/page"}],"author":[{"embeddable":true,"href":"https:\/\/crammhls.com\/pt-pt\/wp-json\/wp\/v2\/users\/1"}],"replies":[{"embeddable":true,"href":"https:\/\/crammhls.com\/pt-pt\/wp-json\/wp\/v2\/comments?post=974"}],"version-history":[{"count":1,"href":"https:\/\/crammhls.com\/pt-pt\/wp-json\/wp\/v2\/pages\/974\/revisions"}],"predecessor-version":[{"id":975,"href":"https:\/\/crammhls.com\/pt-pt\/wp-json\/wp\/v2\/pages\/974\/revisions\/975"}],"wp:attachment":[{"href":"https:\/\/crammhls.com\/pt-pt\/wp-json\/wp\/v2\/media?parent=974"}],"curies":[{"name":"wp","href":"https:\/\/api.w.org\/{rel}","templated":true}]}}